{"id":29066,"date":"2026-01-24T07:46:27","date_gmt":"2026-01-24T07:46:27","guid":{"rendered":"https:\/\/108giahoa.com\/?post_type=product&#038;p=29066"},"modified":"2026-03-25T02:35:13","modified_gmt":"2026-03-25T02:35:13","slug":"bo-cau-truot-mang-xoan-lien-hoan-ngoai-troi","status":"publish","type":"product","link":"https:\/\/108giahoa.com\/?product=bo-cau-truot-mang-xoan-lien-hoan-ngoai-troi","title":{"rendered":"B\u1ed8 C\u1ea6U TR\u01af\u1ee2T M\u00c1NG XO\u1eaeN LI\u00caN HO\u00c0N NGO\u00c0I TR\u1edcI"},"content":{"rendered":"","protected":false},"excerpt":{"rendered":"","protected":false},"featured_media":29067,"comment_status":"open","ping_status":"closed","template":"","meta":[],"product_brand":[187],"product_cat":[76],"product_tag":[],"class_list":{"0":"post-29066","1":"product","2":"type-product","3":"status-publish","4":"has-post-thumbnail","6":"product_brand-cau-truot","7":"product_cat-do-choi-ngoai-troi","9":"first","10":"instock","11":"shipping-taxable","12":"product-type-simple"},"_links":{"self":[{"href":"https:\/\/108giahoa.com\/index.php?rest_route=\/wp\/v2\/product\/29066","targetHints":{"allow":["GET"]}}],"collection":[{"href":"https:\/\/108giahoa.com\/index.php?rest_route=\/wp\/v2\/product"}],"about":[{"href":"https:\/\/108giahoa.com\/index.php?rest_route=\/wp\/v2\/types\/product"}],"replies":[{"embeddable":true,"href":"https:\/\/108giahoa.com\/index.php?rest_route=%2Fwp%2Fv2%2Fcomments&post=29066"}],"version-history":[{"count":1,"href":"https:\/\/108giahoa.com\/index.php?rest_route=\/wp\/v2\/product\/29066\/revisions"}],"predecessor-version":[{"id":29068,"href":"https:\/\/108giahoa.com\/index.php?rest_route=\/wp\/v2\/product\/29066\/revisions\/29068"}],"wp:featuredmedia":[{"embeddable":true,"href":"https:\/\/108giahoa.com\/index.php?rest_route=\/wp\/v2\/media\/29067"}],"wp:attachment":[{"href":"https:\/\/108giahoa.com\/index.php?rest_route=%2Fwp%2Fv2%2Fmedia&parent=29066"}],"wp:term":[{"taxonomy":"product_brand","embeddable":true,"href":"https:\/\/108giahoa.com\/index.php?rest_route=%2Fwp%2Fv2%2Fproduct_brand&post=29066"},{"taxonomy":"product_cat","embeddable":true,"href":"https:\/\/108giahoa.com\/index.php?rest_route=%2Fwp%2Fv2%2Fproduct_cat&post=29066"},{"taxonomy":"product_tag","embeddable":true,"href":"https:\/\/108giahoa.com\/index.php?rest_route=%2Fwp%2Fv2%2Fproduct_tag&post=29066"}],"curies":[{"name":"wp","href":"https:\/\/api.w.org\/{rel}","templated":true}]}}