{"id":29105,"date":"2026-01-24T08:01:41","date_gmt":"2026-01-24T08:01:41","guid":{"rendered":"https:\/\/108giahoa.com\/?post_type=product&#038;p=29105"},"modified":"2026-03-25T07:23:30","modified_gmt":"2026-03-25T07:23:30","slug":"bap-benh-doi-hinh-vit","status":"publish","type":"product","link":"https:\/\/108giahoa.com\/?product=bap-benh-doi-hinh-vit","title":{"rendered":"B\u1eacP B\u00caNH \u0110\u00d4I H\u00ccNH V\u1ecaT"},"content":{"rendered":"","protected":false},"excerpt":{"rendered":"","protected":false},"featured_media":29106,"comment_status":"open","ping_status":"closed","template":"","meta":[],"product_brand":[189],"product_cat":[76],"product_tag":[],"class_list":{"0":"post-29105","1":"product","2":"type-product","3":"status-publish","4":"has-post-thumbnail","6":"product_brand-bap-benh","7":"product_cat-do-choi-ngoai-troi","9":"first","10":"instock","11":"shipping-taxable","12":"product-type-simple"},"_links":{"self":[{"href":"https:\/\/108giahoa.com\/index.php?rest_route=\/wp\/v2\/product\/29105","targetHints":{"allow":["GET"]}}],"collection":[{"href":"https:\/\/108giahoa.com\/index.php?rest_route=\/wp\/v2\/product"}],"about":[{"href":"https:\/\/108giahoa.com\/index.php?rest_route=\/wp\/v2\/types\/product"}],"replies":[{"embeddable":true,"href":"https:\/\/108giahoa.com\/index.php?rest_route=%2Fwp%2Fv2%2Fcomments&post=29105"}],"version-history":[{"count":1,"href":"https:\/\/108giahoa.com\/index.php?rest_route=\/wp\/v2\/product\/29105\/revisions"}],"predecessor-version":[{"id":29107,"href":"https:\/\/108giahoa.com\/index.php?rest_route=\/wp\/v2\/product\/29105\/revisions\/29107"}],"wp:featuredmedia":[{"embeddable":true,"href":"https:\/\/108giahoa.com\/index.php?rest_route=\/wp\/v2\/media\/29106"}],"wp:attachment":[{"href":"https:\/\/108giahoa.com\/index.php?rest_route=%2Fwp%2Fv2%2Fmedia&parent=29105"}],"wp:term":[{"taxonomy":"product_brand","embeddable":true,"href":"https:\/\/108giahoa.com\/index.php?rest_route=%2Fwp%2Fv2%2Fproduct_brand&post=29105"},{"taxonomy":"product_cat","embeddable":true,"href":"https:\/\/108giahoa.com\/index.php?rest_route=%2Fwp%2Fv2%2Fproduct_cat&post=29105"},{"taxonomy":"product_tag","embeddable":true,"href":"https:\/\/108giahoa.com\/index.php?rest_route=%2Fwp%2Fv2%2Fproduct_tag&post=29105"}],"curies":[{"name":"wp","href":"https:\/\/api.w.org\/{rel}","templated":true}]}}