{"id":29108,"date":"2026-01-24T08:02:26","date_gmt":"2026-01-24T08:02:26","guid":{"rendered":"https:\/\/108giahoa.com\/?post_type=product&#038;p=29108"},"modified":"2026-03-25T07:22:46","modified_gmt":"2026-03-25T07:22:46","slug":"bap-benh-don-dan-4-ghe","status":"publish","type":"product","link":"https:\/\/108giahoa.com\/?product=bap-benh-don-dan-4-ghe","title":{"rendered":"B\u1eacP B\u00caNH \u0110\u00d2N D\u00c0N 4 GH\u1ebe"},"content":{"rendered":"","protected":false},"excerpt":{"rendered":"","protected":false},"featured_media":29109,"comment_status":"open","ping_status":"closed","template":"","meta":[],"product_brand":[189],"product_cat":[76],"product_tag":[],"class_list":{"0":"post-29108","1":"product","2":"type-product","3":"status-publish","4":"has-post-thumbnail","6":"product_brand-bap-benh","7":"product_cat-do-choi-ngoai-troi","9":"first","10":"instock","11":"shipping-taxable","12":"product-type-simple"},"_links":{"self":[{"href":"https:\/\/108giahoa.com\/index.php?rest_route=\/wp\/v2\/product\/29108","targetHints":{"allow":["GET"]}}],"collection":[{"href":"https:\/\/108giahoa.com\/index.php?rest_route=\/wp\/v2\/product"}],"about":[{"href":"https:\/\/108giahoa.com\/index.php?rest_route=\/wp\/v2\/types\/product"}],"replies":[{"embeddable":true,"href":"https:\/\/108giahoa.com\/index.php?rest_route=%2Fwp%2Fv2%2Fcomments&post=29108"}],"version-history":[{"count":1,"href":"https:\/\/108giahoa.com\/index.php?rest_route=\/wp\/v2\/product\/29108\/revisions"}],"predecessor-version":[{"id":29110,"href":"https:\/\/108giahoa.com\/index.php?rest_route=\/wp\/v2\/product\/29108\/revisions\/29110"}],"wp:featuredmedia":[{"embeddable":true,"href":"https:\/\/108giahoa.com\/index.php?rest_route=\/wp\/v2\/media\/29109"}],"wp:attachment":[{"href":"https:\/\/108giahoa.com\/index.php?rest_route=%2Fwp%2Fv2%2Fmedia&parent=29108"}],"wp:term":[{"taxonomy":"product_brand","embeddable":true,"href":"https:\/\/108giahoa.com\/index.php?rest_route=%2Fwp%2Fv2%2Fproduct_brand&post=29108"},{"taxonomy":"product_cat","embeddable":true,"href":"https:\/\/108giahoa.com\/index.php?rest_route=%2Fwp%2Fv2%2Fproduct_cat&post=29108"},{"taxonomy":"product_tag","embeddable":true,"href":"https:\/\/108giahoa.com\/index.php?rest_route=%2Fwp%2Fv2%2Fproduct_tag&post=29108"}],"curies":[{"name":"wp","href":"https:\/\/api.w.org\/{rel}","templated":true}]}}