{"id":29132,"date":"2026-02-14T02:14:49","date_gmt":"2026-02-14T02:14:49","guid":{"rendered":"https:\/\/108giahoa.com\/?post_type=product&#038;p=29132"},"modified":"2026-03-27T07:15:04","modified_gmt":"2026-03-27T07:15:04","slug":"may-vi-tinh-de-ban-fpt","status":"publish","type":"product","link":"https:\/\/108giahoa.com\/?product=may-vi-tinh-de-ban-fpt","title":{"rendered":"M\u00c1Y VI T\u00cdNH \u0110\u1ec2 B\u00c0N FPT ELEAD"},"content":{"rendered":"<p>&#8211; B\u1ed9 vi x\u1eed l\u00fd: Intel\u00ae Core i5-12400 ( 2,50 GHz turbo 4,40GHz \/18M Cache,6 Cores,12 Threads)<\/p>\n<p>&#8211; Bo M\u1ea1ch ch\u1ee7: Chipset Intel H610 Express LGA1700 S\/p Intel Core i7 + i5 + i3<\/p>\n<p>&#8211; B\u1ed9 nh\u1edb RAM: DDR4 16GB bus 3200<\/p>\n<p>&#8211; \u1ed4 c\u1ee9ng SSD: 512GB<\/p>\n<p>&#8211; Th\u00f9ng m\u00e1y: mATX v\u1edbi b\u1ed9 ngu\u1ed3n PSU 450W<\/p>\n<p>&#8211; M\u00e0n h\u00ecnh vi t\u00ednh: 21.5 inch FHD<\/p>\n<p>&#8211; B\u00e0n ph\u00edm: USB Standard<\/p>\n<p>&#8211; Chu\u1ed9t: USB Optical<\/p>\n<p>&#8211; H\u1ec7 \u0111i\u1ec1u h\u00e0nh: Win 11 home b\u1ea3n quy\u1ec1n<\/p>\n","protected":false},"excerpt":{"rendered":"<p>&#8211; B\u1ed9 vi x\u1eed l\u00fd: Intel\u00ae Core i5-12400 ( 2,50 GHz turbo 4,40GHz \/18M Cache,6 Cores,12 Threads) &#8211; Bo M\u1ea1ch<\/p>\n","protected":false},"featured_media":29136,"comment_status":"open","ping_status":"closed","template":"","meta":[],"product_brand":[194],"product_cat":[78],"product_tag":[],"class_list":{"0":"post-29132","1":"product","2":"type-product","3":"status-publish","4":"has-post-thumbnail","6":"product_brand-fpt-elead","7":"product_cat-may-vi-tinh-de-ban","9":"first","10":"instock","11":"shipping-taxable","12":"product-type-simple"},"_links":{"self":[{"href":"https:\/\/108giahoa.com\/index.php?rest_route=\/wp\/v2\/product\/29132","targetHints":{"allow":["GET"]}}],"collection":[{"href":"https:\/\/108giahoa.com\/index.php?rest_route=\/wp\/v2\/product"}],"about":[{"href":"https:\/\/108giahoa.com\/index.php?rest_route=\/wp\/v2\/types\/product"}],"replies":[{"embeddable":true,"href":"https:\/\/108giahoa.com\/index.php?rest_route=%2Fwp%2Fv2%2Fcomments&post=29132"}],"version-history":[{"count":2,"href":"https:\/\/108giahoa.com\/index.php?rest_route=\/wp\/v2\/product\/29132\/revisions"}],"predecessor-version":[{"id":31933,"href":"https:\/\/108giahoa.com\/index.php?rest_route=\/wp\/v2\/product\/29132\/revisions\/31933"}],"wp:featuredmedia":[{"embeddable":true,"href":"https:\/\/108giahoa.com\/index.php?rest_route=\/wp\/v2\/media\/29136"}],"wp:attachment":[{"href":"https:\/\/108giahoa.com\/index.php?rest_route=%2Fwp%2Fv2%2Fmedia&parent=29132"}],"wp:term":[{"taxonomy":"product_brand","embeddable":true,"href":"https:\/\/108giahoa.com\/index.php?rest_route=%2Fwp%2Fv2%2Fproduct_brand&post=29132"},{"taxonomy":"product_cat","embeddable":true,"href":"https:\/\/108giahoa.com\/index.php?rest_route=%2Fwp%2Fv2%2Fproduct_cat&post=29132"},{"taxonomy":"product_tag","embeddable":true,"href":"https:\/\/108giahoa.com\/index.php?rest_route=%2Fwp%2Fv2%2Fproduct_tag&post=29132"}],"curies":[{"name":"wp","href":"https:\/\/api.w.org\/{rel}","templated":true}]}}