{"id":29194,"date":"2026-02-14T04:04:27","date_gmt":"2026-02-14T04:04:27","guid":{"rendered":"https:\/\/108giahoa.com\/?post_type=product&#038;p=29194"},"modified":"2026-02-14T04:04:28","modified_gmt":"2026-02-14T04:04:28","slug":"may-bo-vi-tinh-de-ban-hp-4","status":"publish","type":"product","link":"https:\/\/108giahoa.com\/?product=may-bo-vi-tinh-de-ban-hp-4","title":{"rendered":"M\u00c1Y B\u1ed8 VI T\u00cdNH \u0110\u1ec2 B\u00c0N HP"},"content":{"rendered":"<p>&#8211; B\u1ed9 vi x\u1eed l\u00fd: Intel\u00ae Core i7-14700<br \/>\n&#8211; B\u1ed9 nh\u1edb RAM: 16GB<br \/>\n&#8211; \u1ed4 c\u1ee9ng SSD: 512GB<br \/>\n&#8211; Card Vga: Intel Graphics<br \/>\n&#8211; K\u1ebft n\u1ed1i: Wlan AX+ Bluetooth<br \/>\n&#8211; USB KeyBoard &amp; Mouse<br \/>\n&#8211; H\u1ec7 \u0111i\u1ec1u h\u00e0nh: Win 11 home b\u1ea3n quy\u1ec1n<br \/>\n&#8211; M\u00e0n h\u00ecnh m\u00e1y t\u00ednh: HP 23.8inch (24&#8243;) FHD<\/p>\n","protected":false},"excerpt":{"rendered":"<p>&#8211; B\u1ed9 vi x\u1eed l\u00fd: Intel\u00ae Core i7-14700 &#8211; B\u1ed9 nh\u1edb RAM: 16GB &#8211; \u1ed4 c\u1ee9ng SSD: 512GB &#8211; Card<\/p>\n","protected":false},"featured_media":29185,"comment_status":"open","ping_status":"closed","template":"","meta":[],"product_brand":[84],"product_cat":[78],"product_tag":[],"class_list":{"0":"post-29194","1":"product","2":"type-product","3":"status-publish","4":"has-post-thumbnail","6":"product_brand-hp","7":"product_cat-may-vi-tinh-de-ban","9":"first","10":"instock","11":"shipping-taxable","12":"product-type-simple"},"_links":{"self":[{"href":"https:\/\/108giahoa.com\/index.php?rest_route=\/wp\/v2\/product\/29194","targetHints":{"allow":["GET"]}}],"collection":[{"href":"https:\/\/108giahoa.com\/index.php?rest_route=\/wp\/v2\/product"}],"about":[{"href":"https:\/\/108giahoa.com\/index.php?rest_route=\/wp\/v2\/types\/product"}],"replies":[{"embeddable":true,"href":"https:\/\/108giahoa.com\/index.php?rest_route=%2Fwp%2Fv2%2Fcomments&post=29194"}],"version-history":[{"count":1,"href":"https:\/\/108giahoa.com\/index.php?rest_route=\/wp\/v2\/product\/29194\/revisions"}],"predecessor-version":[{"id":29195,"href":"https:\/\/108giahoa.com\/index.php?rest_route=\/wp\/v2\/product\/29194\/revisions\/29195"}],"wp:featuredmedia":[{"embeddable":true,"href":"https:\/\/108giahoa.com\/index.php?rest_route=\/wp\/v2\/media\/29185"}],"wp:attachment":[{"href":"https:\/\/108giahoa.com\/index.php?rest_route=%2Fwp%2Fv2%2Fmedia&parent=29194"}],"wp:term":[{"taxonomy":"product_brand","embeddable":true,"href":"https:\/\/108giahoa.com\/index.php?rest_route=%2Fwp%2Fv2%2Fproduct_brand&post=29194"},{"taxonomy":"product_cat","embeddable":true,"href":"https:\/\/108giahoa.com\/index.php?rest_route=%2Fwp%2Fv2%2Fproduct_cat&post=29194"},{"taxonomy":"product_tag","embeddable":true,"href":"https:\/\/108giahoa.com\/index.php?rest_route=%2Fwp%2Fv2%2Fproduct_tag&post=29194"}],"curies":[{"name":"wp","href":"https:\/\/api.w.org\/{rel}","templated":true}]}}