{"id":29213,"date":"2026-02-14T06:18:37","date_gmt":"2026-02-14T06:18:37","guid":{"rendered":"https:\/\/108giahoa.com\/?post_type=product&#038;p=29213"},"modified":"2026-02-23T01:59:59","modified_gmt":"2026-02-23T01:59:59","slug":"may-in-2-mat-brother-hl-b2100d","status":"publish","type":"product","link":"https:\/\/108giahoa.com\/?product=may-in-2-mat-brother-hl-b2100d","title":{"rendered":"M\u00c1Y IN 2 M\u1eb6T BROTHER HL-B2100D"},"content":{"rendered":"<p>&#8211; M\u00e0n h\u00ecnh LCD &#8211; 16 k\u00fd t\u1ef1 x 1 d\u00f2ng.<br \/>\n&#8211; Ch\u1ee9c n\u0103ng: In \u0111\u01a1n n\u0103ng laser \u0111en tr\u1eafng.<br \/>\n&#8211; T\u1ed1c \u0111\u1ed9 in\/copy: 34 trang\/ ph\u00fat kh\u1ed5 A4 v\u00e0 36 trang\/ ph\u00fat kh\u1ed5 Letter.<br \/>\n&#8211; Th\u1eddi gian in b\u1ea3n \u0111\u1ea7u ti\u00ean: \u00cdt h\u01a1n 8.5 gi\u00e2y.<br \/>\n&#8211; \u0110\u1ed9 ph\u00e2n gi\u1ea3i in: 1200x1200dpi.<br \/>\n&#8211; Kh\u1ed5 gi\u1ea5y h\u1ed7 tr\u1ee3: A4, Letter, B5(JIS), B5(ISO), A5, A5(Long Edge), B6(JIS),A6, Executive, Legal, A4 Short, Folio, Mexico Legal, India Legal.<br \/>\n&#8211; B\u1ed9 x\u1eed l\u00fd: 600MHz<br \/>\n&#8211; B\u1ed9 nh\u1edb: 128MB.<br \/>\n&#8211; In 2 m\u1eb7t t\u1ef1 \u0111\u1ed9ng (Duplex).<br \/>\n&#8211; Khay ch\u1ee9a gi\u1ea5y: 250 t\u1edd(60 to 163g\/m2).<br \/>\n&#8211; Khay \u0111a n\u0103ng: 1 t\u1edd(60 to 230g\/m2).<br \/>\n&#8211; Khay gi\u1ea5y ra: 150 t\u1edd.<br \/>\n&#8211; K\u1ebft n\u1ed1i: Hi-Speed USB 2.0.<\/p>\n","protected":false},"excerpt":{"rendered":"<p>&#8211; M\u00e0n h\u00ecnh LCD &#8211; 16 k\u00fd t\u1ef1 x 1 d\u00f2ng. &#8211; Ch\u1ee9c n\u0103ng: In \u0111\u01a1n n\u0103ng laser \u0111en tr\u1eafng.<\/p>\n","protected":false},"featured_media":29211,"comment_status":"open","ping_status":"closed","template":"","meta":[],"product_brand":[110],"product_cat":[91],"product_tag":[],"class_list":{"0":"post-29213","1":"product","2":"type-product","3":"status-publish","4":"has-post-thumbnail","6":"product_brand-may-in-trang-den","7":"product_cat-thiet-bi-cntt","9":"first","10":"instock","11":"shipping-taxable","12":"product-type-simple"},"_links":{"self":[{"href":"https:\/\/108giahoa.com\/index.php?rest_route=\/wp\/v2\/product\/29213","targetHints":{"allow":["GET"]}}],"collection":[{"href":"https:\/\/108giahoa.com\/index.php?rest_route=\/wp\/v2\/product"}],"about":[{"href":"https:\/\/108giahoa.com\/index.php?rest_route=\/wp\/v2\/types\/product"}],"replies":[{"embeddable":true,"href":"https:\/\/108giahoa.com\/index.php?rest_route=%2Fwp%2Fv2%2Fcomments&post=29213"}],"version-history":[{"count":1,"href":"https:\/\/108giahoa.com\/index.php?rest_route=\/wp\/v2\/product\/29213\/revisions"}],"predecessor-version":[{"id":29214,"href":"https:\/\/108giahoa.com\/index.php?rest_route=\/wp\/v2\/product\/29213\/revisions\/29214"}],"wp:featuredmedia":[{"embeddable":true,"href":"https:\/\/108giahoa.com\/index.php?rest_route=\/wp\/v2\/media\/29211"}],"wp:attachment":[{"href":"https:\/\/108giahoa.com\/index.php?rest_route=%2Fwp%2Fv2%2Fmedia&parent=29213"}],"wp:term":[{"taxonomy":"product_brand","embeddable":true,"href":"https:\/\/108giahoa.com\/index.php?rest_route=%2Fwp%2Fv2%2Fproduct_brand&post=29213"},{"taxonomy":"product_cat","embeddable":true,"href":"https:\/\/108giahoa.com\/index.php?rest_route=%2Fwp%2Fv2%2Fproduct_cat&post=29213"},{"taxonomy":"product_tag","embeddable":true,"href":"https:\/\/108giahoa.com\/index.php?rest_route=%2Fwp%2Fv2%2Fproduct_tag&post=29213"}],"curies":[{"name":"wp","href":"https:\/\/api.w.org\/{rel}","templated":true}]}}