{"id":29215,"date":"2026-02-14T06:20:28","date_gmt":"2026-02-14T06:20:28","guid":{"rendered":"https:\/\/108giahoa.com\/?post_type=product&#038;p=29215"},"modified":"2026-02-23T00:47:58","modified_gmt":"2026-02-23T00:47:58","slug":"may-in-trang-den-da-nang-brother-dcp-b7620dw","status":"publish","type":"product","link":"https:\/\/108giahoa.com\/?product=may-in-trang-den-da-nang-brother-dcp-b7620dw","title":{"rendered":"M\u00c1Y IN TR\u1eaeNG \u0110EN \u0110A N\u0102NG BROTHER DCP-B7620DW"},"content":{"rendered":"<p>&#8211; Ch\u1ee9c n\u0103ng: In,Qu\u00e9t,Copy<br \/>\n&#8211; M\u00e0n h\u00ecnh: LCD 2 d\u00f2ng (16 k\u00fd t\u1ef1)<br \/>\n&#8211; Kh\u1ed5 gi\u1ea5y: A4, Letter, B5 (JIS), B5 (ISO), A5, A5 (Long Edge), B6 (JIS), A6,<br \/>\n&#8211; T\u1ed1c \u0111\u1ed9 in\/ copy: 34 trang\/ph\u00fat (A4), 36 trang\/ph\u00fat (Letter).<br \/>\n&#8211; B\u00f4\u0323 nh\u01a1\u0301: 256 MB<br \/>\n&#8211; T\u1ed1c \u0111\u1ed9 b\u00f4\u0323 x\u1eed l\u00fd: 600MHz<br \/>\n&#8211; \u0110\u1ed9 ph\u00e2n gi\u1ea3i: In : 1200 x 1200 dpi\/ Copy: 600 x 600 dpi<\/p>\n<p>&#8211; S\u1ed1 m\u1eb7t In \/ Scan: In 2 m\u1eb7t t\u1ef1 \u0111\u1ed9ng<br \/>\n&#8211; In trang \u0111\u1ea7u ti\u00ean: \u00cdt h\u01a1n 8.5 gi\u00e2y<br \/>\n&#8211; Khay gi\u1ea5y ti\u00eau chu\u1ea9n: 250 t\u1edd; Khay tay 1 t\u1edd;<br \/>\n&#8211; Khay gi\u1ea5y ra (M\u1eb7t \u00dap Xu\u1ed1ng) 120 t\u1edd.<br \/>\n&#8211; C\u1ed5ng giao ti\u1ebfp: Hi-Speed USB 2.0; Ethernet 10Base-T\/100Base-TX; Wi-Fi.<br \/>\n&#8211; H\u1ed7 tr\u1ee3 in qua thi\u1ebft b\u1ecb di \u0111\u1ed9ng<\/p>\n","protected":false},"excerpt":{"rendered":"<p>&#8211; Ch\u1ee9c n\u0103ng: In,Qu\u00e9t,Copy &#8211; M\u00e0n h\u00ecnh: LCD 2 d\u00f2ng (16 k\u00fd t\u1ef1) &#8211; Kh\u1ed5 gi\u1ea5y: A4, Letter, B5 (JIS),<\/p>\n","protected":false},"featured_media":29216,"comment_status":"open","ping_status":"closed","template":"","meta":[],"product_brand":[110],"product_cat":[91],"product_tag":[],"class_list":{"0":"post-29215","1":"product","2":"type-product","3":"status-publish","4":"has-post-thumbnail","6":"product_brand-may-in-trang-den","7":"product_cat-thiet-bi-cntt","9":"first","10":"instock","11":"shipping-taxable","12":"product-type-simple"},"_links":{"self":[{"href":"https:\/\/108giahoa.com\/index.php?rest_route=\/wp\/v2\/product\/29215","targetHints":{"allow":["GET"]}}],"collection":[{"href":"https:\/\/108giahoa.com\/index.php?rest_route=\/wp\/v2\/product"}],"about":[{"href":"https:\/\/108giahoa.com\/index.php?rest_route=\/wp\/v2\/types\/product"}],"replies":[{"embeddable":true,"href":"https:\/\/108giahoa.com\/index.php?rest_route=%2Fwp%2Fv2%2Fcomments&post=29215"}],"version-history":[{"count":1,"href":"https:\/\/108giahoa.com\/index.php?rest_route=\/wp\/v2\/product\/29215\/revisions"}],"predecessor-version":[{"id":29217,"href":"https:\/\/108giahoa.com\/index.php?rest_route=\/wp\/v2\/product\/29215\/revisions\/29217"}],"wp:featuredmedia":[{"embeddable":true,"href":"https:\/\/108giahoa.com\/index.php?rest_route=\/wp\/v2\/media\/29216"}],"wp:attachment":[{"href":"https:\/\/108giahoa.com\/index.php?rest_route=%2Fwp%2Fv2%2Fmedia&parent=29215"}],"wp:term":[{"taxonomy":"product_brand","embeddable":true,"href":"https:\/\/108giahoa.com\/index.php?rest_route=%2Fwp%2Fv2%2Fproduct_brand&post=29215"},{"taxonomy":"product_cat","embeddable":true,"href":"https:\/\/108giahoa.com\/index.php?rest_route=%2Fwp%2Fv2%2Fproduct_cat&post=29215"},{"taxonomy":"product_tag","embeddable":true,"href":"https:\/\/108giahoa.com\/index.php?rest_route=%2Fwp%2Fv2%2Fproduct_tag&post=29215"}],"curies":[{"name":"wp","href":"https:\/\/api.w.org\/{rel}","templated":true}]}}