{"id":29218,"date":"2026-02-14T06:25:38","date_gmt":"2026-02-14T06:25:38","guid":{"rendered":"https:\/\/108giahoa.com\/?post_type=product&#038;p=29218"},"modified":"2026-02-23T01:38:41","modified_gmt":"2026-02-23T01:38:41","slug":"may-in-hp-4003dn-in-2-mat-in-mang-day","status":"publish","type":"product","link":"https:\/\/108giahoa.com\/?product=may-in-hp-4003dn-in-2-mat-in-mang-day","title":{"rendered":"M\u00c1Y IN HP 4003DN (In 2 m\u1eb7t &#8211; In m\u1ea1ng d\u00e2y)"},"content":{"rendered":"<p>&#8211; Ch\u1ee9c n\u0103ng: In laser tr\u1eafng \u0111en<br \/>\n&#8211; M\u00e0n h\u00ecnh: 2-line back lit LCD graphic display<br \/>\n&#8211; T\u1ed1c \u0111\u1ed9 in \u0111en tr\u1eafng: 40 trang\/ ph\u00fat kh\u1ed5 A4<br \/>\n&#8211; S\u1ed1 m\u1eb7t In: In 2 m\u1eb7t t\u1ef1 \u0111\u1ed9ng<br \/>\n&#8211; T\u1ed1c \u0111\u1ed9 b\u1ed9 x\u1eed l\u00fd: 1200 MHz<br \/>\n&#8211; B\u1ed9 nh\u1edb: 256 MB<br \/>\n&#8211; \u0110\u1ed9 ph\u00e2n gi\u1ea3i: 1200 x 1200 dpi<\/p>\n<p>&#8211; Khay gi\u1ea5y: Khay \u0111a n\u0103ng 100 t\u1edd 1, Khay \u0111\u1ea7u v\u00e0o 250 t\u1edd 2, Ng\u0103n gi\u1ea5y ra 150 t\u1edd<br \/>\n&#8211; C\u1ed5ng giao ti\u1ebfp: 1 USB 2.0 t\u1ed1c \u0111\u1ed9 cao; 1 m\u00e1y ch\u1ee7 USB \u1edf ph\u00eda sau;<br \/>\n&#8211; M\u1ea1ng Gigabit Ethernet 10\/100 \/ 1000BASE-T; 802.3az (EEE)<br \/>\n&#8211; M\u1ef1c in: H\u1ed9p m\u1ef1c in laser m\u00e0u \u0111en HP laserJet 151A ch\u00ednh h\u00e3ng(~3.050 trang), W1510A;<\/p>\n<p>&nbsp;<\/p>\n","protected":false},"excerpt":{"rendered":"<p>&#8211; Ch\u1ee9c n\u0103ng: In laser tr\u1eafng \u0111en &#8211; M\u00e0n h\u00ecnh: 2-line back lit LCD graphic display &#8211; T\u1ed1c \u0111\u1ed9 in<\/p>\n","protected":false},"featured_media":29219,"comment_status":"open","ping_status":"closed","template":"","meta":[],"product_brand":[110],"product_cat":[91],"product_tag":[],"class_list":{"0":"post-29218","1":"product","2":"type-product","3":"status-publish","4":"has-post-thumbnail","6":"product_brand-may-in-trang-den","7":"product_cat-thiet-bi-cntt","9":"first","10":"instock","11":"shipping-taxable","12":"product-type-simple"},"_links":{"self":[{"href":"https:\/\/108giahoa.com\/index.php?rest_route=\/wp\/v2\/product\/29218","targetHints":{"allow":["GET"]}}],"collection":[{"href":"https:\/\/108giahoa.com\/index.php?rest_route=\/wp\/v2\/product"}],"about":[{"href":"https:\/\/108giahoa.com\/index.php?rest_route=\/wp\/v2\/types\/product"}],"replies":[{"embeddable":true,"href":"https:\/\/108giahoa.com\/index.php?rest_route=%2Fwp%2Fv2%2Fcomments&post=29218"}],"version-history":[{"count":1,"href":"https:\/\/108giahoa.com\/index.php?rest_route=\/wp\/v2\/product\/29218\/revisions"}],"predecessor-version":[{"id":29220,"href":"https:\/\/108giahoa.com\/index.php?rest_route=\/wp\/v2\/product\/29218\/revisions\/29220"}],"wp:featuredmedia":[{"embeddable":true,"href":"https:\/\/108giahoa.com\/index.php?rest_route=\/wp\/v2\/media\/29219"}],"wp:attachment":[{"href":"https:\/\/108giahoa.com\/index.php?rest_route=%2Fwp%2Fv2%2Fmedia&parent=29218"}],"wp:term":[{"taxonomy":"product_brand","embeddable":true,"href":"https:\/\/108giahoa.com\/index.php?rest_route=%2Fwp%2Fv2%2Fproduct_brand&post=29218"},{"taxonomy":"product_cat","embeddable":true,"href":"https:\/\/108giahoa.com\/index.php?rest_route=%2Fwp%2Fv2%2Fproduct_cat&post=29218"},{"taxonomy":"product_tag","embeddable":true,"href":"https:\/\/108giahoa.com\/index.php?rest_route=%2Fwp%2Fv2%2Fproduct_tag&post=29218"}],"curies":[{"name":"wp","href":"https:\/\/api.w.org\/{rel}","templated":true}]}}