{"id":29257,"date":"2026-02-22T01:26:59","date_gmt":"2026-02-22T01:26:59","guid":{"rendered":"https:\/\/108giahoa.com\/?post_type=product&#038;p=29257"},"modified":"2026-02-23T01:36:22","modified_gmt":"2026-02-23T01:36:22","slug":"may-scan-2-mat-avision-ad-120","status":"publish","type":"product","link":"https:\/\/108giahoa.com\/?product=may-scan-2-mat-avision-ad-120","title":{"rendered":"M\u00c1Y SCAN 2 M\u1eb6T AVISION AD 120"},"content":{"rendered":"<p>&#8211; C\u00f4ng ngh\u1ec7 qu\u00e9t \u1ea3nh : C\u1ea3m bi\u1ebfn CIS<br \/>\n&#8211; \u0110\u00e8n chi\u1ebfu s\u00e1ng : LED<br \/>\n&#8211; \u0110\u1ed9 ph\u00e2n gi\u1ea3i \u0111\u1ea7u ra :1200<br \/>\n&#8211; Ch\u1ebf \u0111\u1ed9 n\u1ea1p gi\u1ea5y: Flatbed v\u00e0 2 m\u1eb7t t\u1ef1 \u0111\u1ed9ng<br \/>\n&#8211; C\u1ed5ng giao ti\u1ebfp : USB 2.0, ( USB 3.0 compatible )<br \/>\n&#8211; Dung l\u01b0\u1ee3ng b\u1ed9 nh\u1edb : 64MB SDRAM<br \/>\n&#8211; Ch\u1ebf \u0111\u1ed9 qu\u00e9t gi\u1ea5y d\u00e0i : L\u00ean \u0111\u1ebfn 118 in. ( 300 dpi @ color simplex )<br \/>\n&#8211; Dung l\u01b0\u1ee3ng khay n\u1ea1p gi\u1ea5y: 50 t\u1edd<br \/>\n&#8211; Qu\u00e9t tr\u1eafng \u0111en t\u1ea1i 200dpi, kh\u1ed5 A4: M\u1ed9t m\u1eb7t : 25 trang\/ph\u00fat\uff1bHai m\u1eb7t: 50 h\u00ecnh\/ph\u00fat<br \/>\n&#8211; C\u00f4ng su\u1ea5t qu\u00e9t\/ng\u00e0y: L\u00ean \u0111\u1ebfn 2,000 t\u1edd<\/p>\n","protected":false},"excerpt":{"rendered":"<p>&#8211; C\u00f4ng ngh\u1ec7 qu\u00e9t \u1ea3nh : C\u1ea3m bi\u1ebfn CIS &#8211; \u0110\u00e8n chi\u1ebfu s\u00e1ng : LED &#8211; \u0110\u1ed9 ph\u00e2n gi\u1ea3i \u0111\u1ea7u<\/p>\n","protected":false},"featured_media":29258,"comment_status":"open","ping_status":"closed","template":"","meta":[],"product_brand":[116],"product_cat":[91],"product_tag":[],"class_list":{"0":"post-29257","1":"product","2":"type-product","3":"status-publish","4":"has-post-thumbnail","6":"product_brand-may-scan","7":"product_cat-thiet-bi-cntt","9":"first","10":"instock","11":"shipping-taxable","12":"product-type-simple"},"_links":{"self":[{"href":"https:\/\/108giahoa.com\/index.php?rest_route=\/wp\/v2\/product\/29257","targetHints":{"allow":["GET"]}}],"collection":[{"href":"https:\/\/108giahoa.com\/index.php?rest_route=\/wp\/v2\/product"}],"about":[{"href":"https:\/\/108giahoa.com\/index.php?rest_route=\/wp\/v2\/types\/product"}],"replies":[{"embeddable":true,"href":"https:\/\/108giahoa.com\/index.php?rest_route=%2Fwp%2Fv2%2Fcomments&post=29257"}],"version-history":[{"count":1,"href":"https:\/\/108giahoa.com\/index.php?rest_route=\/wp\/v2\/product\/29257\/revisions"}],"predecessor-version":[{"id":29259,"href":"https:\/\/108giahoa.com\/index.php?rest_route=\/wp\/v2\/product\/29257\/revisions\/29259"}],"wp:featuredmedia":[{"embeddable":true,"href":"https:\/\/108giahoa.com\/index.php?rest_route=\/wp\/v2\/media\/29258"}],"wp:attachment":[{"href":"https:\/\/108giahoa.com\/index.php?rest_route=%2Fwp%2Fv2%2Fmedia&parent=29257"}],"wp:term":[{"taxonomy":"product_brand","embeddable":true,"href":"https:\/\/108giahoa.com\/index.php?rest_route=%2Fwp%2Fv2%2Fproduct_brand&post=29257"},{"taxonomy":"product_cat","embeddable":true,"href":"https:\/\/108giahoa.com\/index.php?rest_route=%2Fwp%2Fv2%2Fproduct_cat&post=29257"},{"taxonomy":"product_tag","embeddable":true,"href":"https:\/\/108giahoa.com\/index.php?rest_route=%2Fwp%2Fv2%2Fproduct_tag&post=29257"}],"curies":[{"name":"wp","href":"https:\/\/api.w.org\/{rel}","templated":true}]}}