{"id":29260,"date":"2026-02-22T01:30:39","date_gmt":"2026-02-22T01:30:39","guid":{"rendered":"https:\/\/108giahoa.com\/?post_type=product&#038;p=29260"},"modified":"2026-02-23T01:35:21","modified_gmt":"2026-02-23T01:35:21","slug":"may-scan-2-mat-avision-av332u-2","status":"publish","type":"product","link":"https:\/\/108giahoa.com\/?product=may-scan-2-mat-avision-av332u-2","title":{"rendered":"M\u00c1Y SCAN 2 M\u1eb6T AVISION AV332U"},"content":{"rendered":"<p>&#8211; C\u00f4ng ngh\u1ec7 qu\u00e9t \u1ea3nh : C\u1ea3m bi\u1ebfn CIS<br \/>\n&#8211; \u0110\u00e8n chi\u1ebfu s\u00e1ng : LED<br \/>\n&#8211; \u0110\u1ed9 ph\u00e2n gi\u1ea3i \u0111\u1ea7u ra :1200<br \/>\n&#8211; Ch\u1ebf \u0111\u1ed9 n\u1ea1p gi\u1ea5y : 2 m\u1eb7t t\u1ef1 \u0111\u1ed9ng<br \/>\n&#8211; C\u1ed5ng giao ti\u1ebfp : USB 2.0,<br \/>\n&#8211; Dung l\u01b0\u1ee3ng b\u1ed9 nh\u1edb : 128 MB<br \/>\n&#8211; K\u1ef9 thu\u1eadt ph\u00e1t hi\u1ec7n cu\u1ed1n gi\u1ea5y k\u00e9p: c\u1ea3m bi\u1ebfn s\u00f3ng si\u00eau \u00e2m ( Ultrasonic )<br \/>\n-Dung l\u01b0\u1ee3ng khay n\u1ea1p gi\u1ea5y : 50 t\u1edd lo\u1ea1i gi\u1ea5y 80 g\/m+\u00b2 ( 20 lb. Paper)<br \/>\n-Kh\u1ea3 n\u0103ng qu\u00e9t th\u1ebb card : Th\u1ebb d\u1eadp n\u1ed5i ( \u0110\u1ed9 d\u00e0y 1.25 mm )<br \/>\n-Qu\u00e9t tr\u1eafng \u0111en t\u1ea1i 200dpi, kh\u1ed5 A4: M\u1ed9t m\u1eb7t : 40 trang\/ph\u00fat\uff1bHai m\u1eb7t : 80 h\u00ecnh\/ph\u00fat<br \/>\n-C\u00f4ng su\u1ea5t qu\u00e9t\/ng\u00e0y: L\u00ean \u0111\u1ebfn 5,000 t\u1edd<\/p>\n","protected":false},"excerpt":{"rendered":"<p>&#8211; C\u00f4ng ngh\u1ec7 qu\u00e9t \u1ea3nh : C\u1ea3m bi\u1ebfn CIS &#8211; \u0110\u00e8n chi\u1ebfu s\u00e1ng : LED &#8211; \u0110\u1ed9 ph\u00e2n gi\u1ea3i \u0111\u1ea7u<\/p>\n","protected":false},"featured_media":29261,"comment_status":"open","ping_status":"closed","template":"","meta":[],"product_brand":[116],"product_cat":[91],"product_tag":[],"class_list":{"0":"post-29260","1":"product","2":"type-product","3":"status-publish","4":"has-post-thumbnail","6":"product_brand-may-scan","7":"product_cat-thiet-bi-cntt","9":"first","10":"instock","11":"shipping-taxable","12":"product-type-simple"},"_links":{"self":[{"href":"https:\/\/108giahoa.com\/index.php?rest_route=\/wp\/v2\/product\/29260","targetHints":{"allow":["GET"]}}],"collection":[{"href":"https:\/\/108giahoa.com\/index.php?rest_route=\/wp\/v2\/product"}],"about":[{"href":"https:\/\/108giahoa.com\/index.php?rest_route=\/wp\/v2\/types\/product"}],"replies":[{"embeddable":true,"href":"https:\/\/108giahoa.com\/index.php?rest_route=%2Fwp%2Fv2%2Fcomments&post=29260"}],"version-history":[{"count":1,"href":"https:\/\/108giahoa.com\/index.php?rest_route=\/wp\/v2\/product\/29260\/revisions"}],"predecessor-version":[{"id":29262,"href":"https:\/\/108giahoa.com\/index.php?rest_route=\/wp\/v2\/product\/29260\/revisions\/29262"}],"wp:featuredmedia":[{"embeddable":true,"href":"https:\/\/108giahoa.com\/index.php?rest_route=\/wp\/v2\/media\/29261"}],"wp:attachment":[{"href":"https:\/\/108giahoa.com\/index.php?rest_route=%2Fwp%2Fv2%2Fmedia&parent=29260"}],"wp:term":[{"taxonomy":"product_brand","embeddable":true,"href":"https:\/\/108giahoa.com\/index.php?rest_route=%2Fwp%2Fv2%2Fproduct_brand&post=29260"},{"taxonomy":"product_cat","embeddable":true,"href":"https:\/\/108giahoa.com\/index.php?rest_route=%2Fwp%2Fv2%2Fproduct_cat&post=29260"},{"taxonomy":"product_tag","embeddable":true,"href":"https:\/\/108giahoa.com\/index.php?rest_route=%2Fwp%2Fv2%2Fproduct_tag&post=29260"}],"curies":[{"name":"wp","href":"https:\/\/api.w.org\/{rel}","templated":true}]}}