{"id":29263,"date":"2026-02-22T01:36:14","date_gmt":"2026-02-22T01:36:14","guid":{"rendered":"https:\/\/108giahoa.com\/?post_type=product&#038;p=29263"},"modified":"2026-02-23T01:34:59","modified_gmt":"2026-02-23T01:34:59","slug":"may-scan-1-mat-canon-lide-400","status":"publish","type":"product","link":"https:\/\/108giahoa.com\/?product=may-scan-1-mat-canon-lide-400","title":{"rendered":"M\u00c1Y SCAN 1 M\u1eb6T CANON Lide 400"},"content":{"rendered":"<p>&#8211; Lo\u1ea1i m\u00e1y: M\u00e1y qu\u00e9t ph\u1eb3ng<br \/>\n&#8211; Xu\u1ea5t x\u1ee9: Vi\u1ec7t Nam<br \/>\n&#8211; \u0110\u1ed9 ph\u00e2n gi\u1ea3i: 4800 x 4800dpi<br \/>\n&#8211; Kh\u1ed5 gi\u1ea5y: A4 \/ Th\u01b0 (216 x 297mm)<br \/>\n&#8211; K\u1ebft n\u1ed1i: USB-Type C (T\u01b0\u01a1ng th\u00edch USB 3.0 v\u00e0 2.0)<br \/>\n&#8211; C\u00f4ng su\u1ea5t ti\u00eau th\u1ee5: 4.5W<br \/>\n&#8211; K\u00edch th\u01b0\u1edbc: 250 x 365 x 39 mm<br \/>\n&#8211; Kh\u1ed1i l\u01b0\u1ee3ng: 1,7kg<\/p>\n","protected":false},"excerpt":{"rendered":"<p>&#8211; Lo\u1ea1i m\u00e1y: M\u00e1y qu\u00e9t ph\u1eb3ng &#8211; Xu\u1ea5t x\u1ee9: Vi\u1ec7t Nam &#8211; \u0110\u1ed9 ph\u00e2n gi\u1ea3i: 4800 x 4800dpi &#8211; Kh\u1ed5<\/p>\n","protected":false},"featured_media":29264,"comment_status":"open","ping_status":"closed","template":"","meta":[],"product_brand":[116],"product_cat":[91],"product_tag":[],"class_list":{"0":"post-29263","1":"product","2":"type-product","3":"status-publish","4":"has-post-thumbnail","6":"product_brand-may-scan","7":"product_cat-thiet-bi-cntt","9":"first","10":"instock","11":"shipping-taxable","12":"product-type-simple"},"_links":{"self":[{"href":"https:\/\/108giahoa.com\/index.php?rest_route=\/wp\/v2\/product\/29263","targetHints":{"allow":["GET"]}}],"collection":[{"href":"https:\/\/108giahoa.com\/index.php?rest_route=\/wp\/v2\/product"}],"about":[{"href":"https:\/\/108giahoa.com\/index.php?rest_route=\/wp\/v2\/types\/product"}],"replies":[{"embeddable":true,"href":"https:\/\/108giahoa.com\/index.php?rest_route=%2Fwp%2Fv2%2Fcomments&post=29263"}],"version-history":[{"count":1,"href":"https:\/\/108giahoa.com\/index.php?rest_route=\/wp\/v2\/product\/29263\/revisions"}],"predecessor-version":[{"id":29265,"href":"https:\/\/108giahoa.com\/index.php?rest_route=\/wp\/v2\/product\/29263\/revisions\/29265"}],"wp:featuredmedia":[{"embeddable":true,"href":"https:\/\/108giahoa.com\/index.php?rest_route=\/wp\/v2\/media\/29264"}],"wp:attachment":[{"href":"https:\/\/108giahoa.com\/index.php?rest_route=%2Fwp%2Fv2%2Fmedia&parent=29263"}],"wp:term":[{"taxonomy":"product_brand","embeddable":true,"href":"https:\/\/108giahoa.com\/index.php?rest_route=%2Fwp%2Fv2%2Fproduct_brand&post=29263"},{"taxonomy":"product_cat","embeddable":true,"href":"https:\/\/108giahoa.com\/index.php?rest_route=%2Fwp%2Fv2%2Fproduct_cat&post=29263"},{"taxonomy":"product_tag","embeddable":true,"href":"https:\/\/108giahoa.com\/index.php?rest_route=%2Fwp%2Fv2%2Fproduct_tag&post=29263"}],"curies":[{"name":"wp","href":"https:\/\/api.w.org\/{rel}","templated":true}]}}