{"id":29269,"date":"2026-02-22T01:42:04","date_gmt":"2026-02-22T01:42:04","guid":{"rendered":"https:\/\/108giahoa.com\/?post_type=product&#038;p=29269"},"modified":"2026-02-23T01:18:40","modified_gmt":"2026-02-23T01:18:40","slug":"may-scan-2-mat-cam-tay-canon-p-215-ii","status":"publish","type":"product","link":"https:\/\/108giahoa.com\/?product=may-scan-2-mat-cam-tay-canon-p-215-ii","title":{"rendered":"M\u00c1Y SCAN 2 M\u1eb6T C\u1ea6M TAY CANON P-215 II"},"content":{"rendered":"<p>&#8211; M\u00e1y qu\u00e9t t\u00e0i li\u1ec7u \u0111\u1ec3 b\u00e0n.<br \/>\n&#8211; N\u1ea1p t\u00e0i li\u1ec7u t\u1ef1 \u0111\u1ed9ng ho\u1eb7c b\u1eb1ng tay.<br \/>\n&#8211; M\u00e1y qu\u00e9t kh\u1ed5 gi\u1ea5y A4.<br \/>\n&#8211; \u0110\u1ed9 ph\u00e2n gi\u1ea3i: 100-600dpi.<br \/>\n&#8211; T\u1ed1c \u0111\u1ed9 qu\u00e9t: 15 trang\/ gi\u00e2y (\u0111en), 10 trang\/ ph\u00fat (m\u00e0u).<br \/>\n&#8211; Ki\u1ec3u qu\u00e9t: 2 m\u1eb7t.<br \/>\n&#8211; Ch\u1ebf \u0111\u1ed9 qu\u00e9t m\u00e0u: 24 bit.<br \/>\n&#8211; K\u1ebft n\u1ed1i: USB 3.0; 2.0<br \/>\n&#8211; Tr\u1ecdng l\u01b0\u1ee3ng: 1.0 kg.<\/p>\n","protected":false},"excerpt":{"rendered":"<p>&#8211; M\u00e1y qu\u00e9t t\u00e0i li\u1ec7u \u0111\u1ec3 b\u00e0n. &#8211; N\u1ea1p t\u00e0i li\u1ec7u t\u1ef1 \u0111\u1ed9ng ho\u1eb7c b\u1eb1ng tay. &#8211; M\u00e1y qu\u00e9t kh\u1ed5<\/p>\n","protected":false},"featured_media":29270,"comment_status":"open","ping_status":"closed","template":"","meta":[],"product_brand":[116],"product_cat":[91],"product_tag":[],"class_list":{"0":"post-29269","1":"product","2":"type-product","3":"status-publish","4":"has-post-thumbnail","6":"product_brand-may-scan","7":"product_cat-thiet-bi-cntt","9":"first","10":"instock","11":"shipping-taxable","12":"product-type-simple"},"_links":{"self":[{"href":"https:\/\/108giahoa.com\/index.php?rest_route=\/wp\/v2\/product\/29269","targetHints":{"allow":["GET"]}}],"collection":[{"href":"https:\/\/108giahoa.com\/index.php?rest_route=\/wp\/v2\/product"}],"about":[{"href":"https:\/\/108giahoa.com\/index.php?rest_route=\/wp\/v2\/types\/product"}],"replies":[{"embeddable":true,"href":"https:\/\/108giahoa.com\/index.php?rest_route=%2Fwp%2Fv2%2Fcomments&post=29269"}],"version-history":[{"count":1,"href":"https:\/\/108giahoa.com\/index.php?rest_route=\/wp\/v2\/product\/29269\/revisions"}],"predecessor-version":[{"id":29271,"href":"https:\/\/108giahoa.com\/index.php?rest_route=\/wp\/v2\/product\/29269\/revisions\/29271"}],"wp:featuredmedia":[{"embeddable":true,"href":"https:\/\/108giahoa.com\/index.php?rest_route=\/wp\/v2\/media\/29270"}],"wp:attachment":[{"href":"https:\/\/108giahoa.com\/index.php?rest_route=%2Fwp%2Fv2%2Fmedia&parent=29269"}],"wp:term":[{"taxonomy":"product_brand","embeddable":true,"href":"https:\/\/108giahoa.com\/index.php?rest_route=%2Fwp%2Fv2%2Fproduct_brand&post=29269"},{"taxonomy":"product_cat","embeddable":true,"href":"https:\/\/108giahoa.com\/index.php?rest_route=%2Fwp%2Fv2%2Fproduct_cat&post=29269"},{"taxonomy":"product_tag","embeddable":true,"href":"https:\/\/108giahoa.com\/index.php?rest_route=%2Fwp%2Fv2%2Fproduct_tag&post=29269"}],"curies":[{"name":"wp","href":"https:\/\/api.w.org\/{rel}","templated":true}]}}