{"id":29274,"date":"2026-02-22T01:46:13","date_gmt":"2026-02-22T01:46:13","guid":{"rendered":"https:\/\/108giahoa.com\/?post_type=product&#038;p=29274"},"modified":"2026-02-23T01:33:58","modified_gmt":"2026-02-23T01:33:58","slug":"may-scan-2-mat-brother-ads-3100","status":"publish","type":"product","link":"https:\/\/108giahoa.com\/?product=may-scan-2-mat-brother-ads-3100","title":{"rendered":"M\u00c1Y SCAN 2 M\u1eb6T BROTHER ADS-3100"},"content":{"rendered":"<p>\u2022 C\u00f4ng ngh\u1ec7: Dual CIS<br \/>\n\u2022 QU\u00c9T HAI M\u1eb6T T\u1ef0 \u0110\u1ed8NG<br \/>\n\u2022 Giao Di\u1ec7n: Hi-Speed USB 3.0, USB Host (l\u00ean \u0111\u1ebfn 128 GB)<br \/>\n\u2022 B\u1ed9 nh\u1edb: 512MB<br \/>\n\u2022 T\u1ed1c \u0111\u1ed9 scan: 40 ppm\/ 80 ipm<br \/>\n\u2022 Khay n\u1ea1p gi\u1ea5y t\u1ef1 \u0111\u1ed9ng: 60 t\u1edd<br \/>\n\u2022 \u0110\u1ecbnh l\u01b0\u1ee3ng gi\u1ea5y: 40 &#8211; 200 gsm<br \/>\n\u2022 Scan th\u1ebb nh\u1ef1a: \u0111\u1ed9 d\u00e0y 1.32 mm<br \/>\n\u2022 \u0110\u1ed9 ph\u00e2n gi\u1ea3i quang h\u1ecdc: 600 x 600 dpi<br \/>\n\u2022 \u0110\u1ed9 ph\u00e2n gi\u1ea3i n\u1ed9i suy: 1200 x 1200 dpi<\/p>\n<p>\u2022 Ch\u1ee9c n\u0103ng scan: Scan to PC, Scan to USB Host, T\u1ef1 \u0111\u1ed9ng ch\u1ec9nh trang nghi\u00eang, Nh\u1eadn bi\u1ebft hi\u1ec7u ch\u1ec9nh k\u00edch th\u01b0\u1edbc trang, T\u1ef1 \u0111\u1ed9ng xoay h\u00ecnh \u1ea3nh, T\u1ef1 \u0111\u1ed9ng b\u1ecf trang tr\u1eafng , Lo\u1ea1i b\u1ecf m\u00e0u s\u1eafc mong mu\u1ed1n, T\u1ef1 \u0111\u1ed9ng x\u00f3a \u0111\u01b0\u1eddng th\u1eb3ng d\u1ecdc, T\u1ef1 \u0111\u1ed9ng x\u00f3a v\u1ebft l\u1ed1m \u0111\u1ed1m, T\u1ef1 \u0111\u1ed9ng x\u00f3a v\u1ebft \u0111\u1ee5c l\u1ed7, Carrier Sheet Mode &#8211; h\u1ed7 tr\u1ee3 scan gi\u1ea5y A3, Ch\u1ebf \u0111\u1ed9 scan th\u1ebb nh\u1ef1a, Ph\u00e1t hi\u1ec7n k\u1eb9t gi\u1ea5y b\u1eb1ng s\u00f3ng \u00e2m, C\u00f4ng t\u1eafc b\u1eadt t\u1eaft ch\u1ebf \u0111\u1ed9 scan gi\u1ea5y m\u1ecfng, d\u00e0y, Scan 1 trang th\u00e0nh 2 trang, Scan 2 trang th\u00e0nh 1 trang, Scan gi\u1ea5y d\u00e0i l\u00ean \u0111\u1ebfn 5000 mm<\/p>\n","protected":false},"excerpt":{"rendered":"<p>\u2022 C\u00f4ng ngh\u1ec7: Dual CIS \u2022 QU\u00c9T HAI M\u1eb6T T\u1ef0 \u0110\u1ed8NG \u2022 Giao Di\u1ec7n: Hi-Speed USB 3.0, USB Host (l\u00ean<\/p>\n","protected":false},"featured_media":29275,"comment_status":"open","ping_status":"closed","template":"","meta":[],"product_brand":[116],"product_cat":[91],"product_tag":[],"class_list":{"0":"post-29274","1":"product","2":"type-product","3":"status-publish","4":"has-post-thumbnail","6":"product_brand-may-scan","7":"product_cat-thiet-bi-cntt","9":"first","10":"instock","11":"shipping-taxable","12":"product-type-simple"},"_links":{"self":[{"href":"https:\/\/108giahoa.com\/index.php?rest_route=\/wp\/v2\/product\/29274","targetHints":{"allow":["GET"]}}],"collection":[{"href":"https:\/\/108giahoa.com\/index.php?rest_route=\/wp\/v2\/product"}],"about":[{"href":"https:\/\/108giahoa.com\/index.php?rest_route=\/wp\/v2\/types\/product"}],"replies":[{"embeddable":true,"href":"https:\/\/108giahoa.com\/index.php?rest_route=%2Fwp%2Fv2%2Fcomments&post=29274"}],"version-history":[{"count":1,"href":"https:\/\/108giahoa.com\/index.php?rest_route=\/wp\/v2\/product\/29274\/revisions"}],"predecessor-version":[{"id":29276,"href":"https:\/\/108giahoa.com\/index.php?rest_route=\/wp\/v2\/product\/29274\/revisions\/29276"}],"wp:featuredmedia":[{"embeddable":true,"href":"https:\/\/108giahoa.com\/index.php?rest_route=\/wp\/v2\/media\/29275"}],"wp:attachment":[{"href":"https:\/\/108giahoa.com\/index.php?rest_route=%2Fwp%2Fv2%2Fmedia&parent=29274"}],"wp:term":[{"taxonomy":"product_brand","embeddable":true,"href":"https:\/\/108giahoa.com\/index.php?rest_route=%2Fwp%2Fv2%2Fproduct_brand&post=29274"},{"taxonomy":"product_cat","embeddable":true,"href":"https:\/\/108giahoa.com\/index.php?rest_route=%2Fwp%2Fv2%2Fproduct_cat&post=29274"},{"taxonomy":"product_tag","embeddable":true,"href":"https:\/\/108giahoa.com\/index.php?rest_route=%2Fwp%2Fv2%2Fproduct_tag&post=29274"}],"curies":[{"name":"wp","href":"https:\/\/api.w.org\/{rel}","templated":true}]}}