{"id":29281,"date":"2026-02-22T01:52:40","date_gmt":"2026-02-22T01:52:40","guid":{"rendered":"https:\/\/108giahoa.com\/?post_type=product&#038;p=29281"},"modified":"2026-02-23T01:33:08","modified_gmt":"2026-02-23T01:33:08","slug":"may-scan-1-mat-microtek-a3-xt5750hs","status":"publish","type":"product","link":"https:\/\/108giahoa.com\/?product=may-scan-1-mat-microtek-a3-xt5750hs","title":{"rendered":"M\u00c1Y SCAN 1 M\u1eb6T MICROTEK A3 XT5750HS"},"content":{"rendered":"<p>&#8211; Lo\u1ea1i m\u00e1y qu\u00e9t: M\u00e1y qu\u00e9t ph\u1eb3ng A3<br \/>\n&#8211; C\u1ea3m bi\u1ebfn h\u00ecnh \u1ea3nh: CIS<br \/>\n&#8211; \u0110\u1ed9 ph\u00e2n gi\u1ea3i: 1200 dpi x 1200 dpi<br \/>\n&#8211; Ngu\u1ed3n s\u00e1ng: LED<br \/>\n&#8211; Ch\u1ebf \u0111\u1ed9 qu\u00e9t: M\u00e0u, thang \u0111\u1ed9 x\u00e1m, \u0111en tr\u1eafng (trong m\u1ed9t l\u01b0\u1ee3t qu\u00e9t)<br \/>\n&#8211; Khu v\u1ef1c qu\u00e9t: 11,98\u201d x 16,8\u201d (304 mm x 426 mm)<br \/>\n&#8211; T\u1ed1c \u0111\u1ed9 qu\u00e9t: 4 gi\u00e2y (200 dpi, A3, m\u00e0u\/thang \u0111\u1ed9 x\u00e1m\/\u0111en tr\u1eafng)<br \/>\n&#8211; \u0110\u1ed9 \u0111\u1eadm m\u00e0u: 48-bit<br \/>\n&#8211; K\u1ebft n\u1ed1i: USB 2.0 t\u1ed1c \u0111\u1ed9 cao<br \/>\n&#8211; N\u00fat c\u1ea3m \u1ee9ng th\u00f4ng minh: 4 n\u00fat l\u1eadp tr\u00ecnh \u0111\u01b0\u1ee3c<br \/>\n&#8211; M\u1ee9c ti\u00eau th\u1ee5 \u0111i\u1ec7n: T\u1ed1i \u0111a 8,5W<\/p>\n","protected":false},"excerpt":{"rendered":"<p>&#8211; Lo\u1ea1i m\u00e1y qu\u00e9t: M\u00e1y qu\u00e9t ph\u1eb3ng A3 &#8211; C\u1ea3m bi\u1ebfn h\u00ecnh \u1ea3nh: CIS &#8211; \u0110\u1ed9 ph\u00e2n gi\u1ea3i: 1200 dpi<\/p>\n","protected":false},"featured_media":29282,"comment_status":"open","ping_status":"closed","template":"","meta":[],"product_brand":[116],"product_cat":[91],"product_tag":[],"class_list":{"0":"post-29281","1":"product","2":"type-product","3":"status-publish","4":"has-post-thumbnail","6":"product_brand-may-scan","7":"product_cat-thiet-bi-cntt","9":"first","10":"instock","11":"shipping-taxable","12":"product-type-simple"},"_links":{"self":[{"href":"https:\/\/108giahoa.com\/index.php?rest_route=\/wp\/v2\/product\/29281","targetHints":{"allow":["GET"]}}],"collection":[{"href":"https:\/\/108giahoa.com\/index.php?rest_route=\/wp\/v2\/product"}],"about":[{"href":"https:\/\/108giahoa.com\/index.php?rest_route=\/wp\/v2\/types\/product"}],"replies":[{"embeddable":true,"href":"https:\/\/108giahoa.com\/index.php?rest_route=%2Fwp%2Fv2%2Fcomments&post=29281"}],"version-history":[{"count":1,"href":"https:\/\/108giahoa.com\/index.php?rest_route=\/wp\/v2\/product\/29281\/revisions"}],"predecessor-version":[{"id":29283,"href":"https:\/\/108giahoa.com\/index.php?rest_route=\/wp\/v2\/product\/29281\/revisions\/29283"}],"wp:featuredmedia":[{"embeddable":true,"href":"https:\/\/108giahoa.com\/index.php?rest_route=\/wp\/v2\/media\/29282"}],"wp:attachment":[{"href":"https:\/\/108giahoa.com\/index.php?rest_route=%2Fwp%2Fv2%2Fmedia&parent=29281"}],"wp:term":[{"taxonomy":"product_brand","embeddable":true,"href":"https:\/\/108giahoa.com\/index.php?rest_route=%2Fwp%2Fv2%2Fproduct_brand&post=29281"},{"taxonomy":"product_cat","embeddable":true,"href":"https:\/\/108giahoa.com\/index.php?rest_route=%2Fwp%2Fv2%2Fproduct_cat&post=29281"},{"taxonomy":"product_tag","embeddable":true,"href":"https:\/\/108giahoa.com\/index.php?rest_route=%2Fwp%2Fv2%2Fproduct_tag&post=29281"}],"curies":[{"name":"wp","href":"https:\/\/api.w.org\/{rel}","templated":true}]}}