{"id":29294,"date":"2026-02-22T02:19:41","date_gmt":"2026-02-22T02:19:41","guid":{"rendered":"https:\/\/108giahoa.com\/?post_type=product&#038;p=29294"},"modified":"2026-02-23T01:31:36","modified_gmt":"2026-02-23T01:31:36","slug":"may-in-brother-dcp-l2520d-in-2-mat-copy-scan","status":"publish","type":"product","link":"https:\/\/108giahoa.com\/?product=may-in-brother-dcp-l2520d-in-2-mat-copy-scan","title":{"rendered":"M\u00c1Y IN BROTHER DCP-L2520D (In 2 m\u1eb7t &#8211; Copy \u2013 Scan)"},"content":{"rendered":"<p>&#8211; Ch\u1ee9c n\u0103ng: In &#8211; Sao ch\u1ee5p \u2013 Qu\u00e9t m\u00e0u<br \/>\n&#8211; In \u0111\u1ea3o m\u1eb7t t\u1ef1 \u0111\u1ed9ng<br \/>\n&#8211; T\u1ed1c \u0111\u1ed9 in\/sao ch\u1ee5p: 30 tr\/ph<br \/>\n&#8211; \u0110\u00f4\u0323 ph\u00e2n gia\u0309i in: 600&#215;600 dpi, ch\u1ea5t l\u01b0\u1ee3ng HQ1200 (2400x600dpi)<br \/>\n&#8211; \u0110\u1ed9 ph\u00e2n gi\u1ea3i qu\u00e9t: 600&#215;2400 dpi (24-bit)<br \/>\n&#8211; B\u1ed9 nh\u1edb trong: 32MB<br \/>\n&#8211; Copy: 1-99 t\u1edd<br \/>\n&#8211; Khay gi\u1ea5y 250 t\u1edd. Khay tay: 01 t\u1edd<br \/>\n&#8211; Khay gi\u1ea5y ra: 100 t\u1edd<br \/>\n&#8211; Giao th\u1ee9c: Hi speed 2.0<br \/>\n&#8211; S\u1eed d\u1ee5ng h\u1ed9p m\u1ef1c TN 2385<\/p>\n","protected":false},"excerpt":{"rendered":"<p>&#8211; Ch\u1ee9c n\u0103ng: In &#8211; Sao ch\u1ee5p \u2013 Qu\u00e9t m\u00e0u &#8211; In \u0111\u1ea3o m\u1eb7t t\u1ef1 \u0111\u1ed9ng &#8211; T\u1ed1c \u0111\u1ed9 in\/sao<\/p>\n","protected":false},"featured_media":29295,"comment_status":"open","ping_status":"closed","template":"","meta":[],"product_brand":[110],"product_cat":[91],"product_tag":[],"class_list":{"0":"post-29294","1":"product","2":"type-product","3":"status-publish","4":"has-post-thumbnail","6":"product_brand-may-in-trang-den","7":"product_cat-thiet-bi-cntt","9":"first","10":"instock","11":"shipping-taxable","12":"product-type-simple"},"_links":{"self":[{"href":"https:\/\/108giahoa.com\/index.php?rest_route=\/wp\/v2\/product\/29294","targetHints":{"allow":["GET"]}}],"collection":[{"href":"https:\/\/108giahoa.com\/index.php?rest_route=\/wp\/v2\/product"}],"about":[{"href":"https:\/\/108giahoa.com\/index.php?rest_route=\/wp\/v2\/types\/product"}],"replies":[{"embeddable":true,"href":"https:\/\/108giahoa.com\/index.php?rest_route=%2Fwp%2Fv2%2Fcomments&post=29294"}],"version-history":[{"count":1,"href":"https:\/\/108giahoa.com\/index.php?rest_route=\/wp\/v2\/product\/29294\/revisions"}],"predecessor-version":[{"id":29296,"href":"https:\/\/108giahoa.com\/index.php?rest_route=\/wp\/v2\/product\/29294\/revisions\/29296"}],"wp:featuredmedia":[{"embeddable":true,"href":"https:\/\/108giahoa.com\/index.php?rest_route=\/wp\/v2\/media\/29295"}],"wp:attachment":[{"href":"https:\/\/108giahoa.com\/index.php?rest_route=%2Fwp%2Fv2%2Fmedia&parent=29294"}],"wp:term":[{"taxonomy":"product_brand","embeddable":true,"href":"https:\/\/108giahoa.com\/index.php?rest_route=%2Fwp%2Fv2%2Fproduct_brand&post=29294"},{"taxonomy":"product_cat","embeddable":true,"href":"https:\/\/108giahoa.com\/index.php?rest_route=%2Fwp%2Fv2%2Fproduct_cat&post=29294"},{"taxonomy":"product_tag","embeddable":true,"href":"https:\/\/108giahoa.com\/index.php?rest_route=%2Fwp%2Fv2%2Fproduct_tag&post=29294"}],"curies":[{"name":"wp","href":"https:\/\/api.w.org\/{rel}","templated":true}]}}