{"id":29318,"date":"2026-02-22T02:41:45","date_gmt":"2026-02-22T02:41:45","guid":{"rendered":"https:\/\/108giahoa.com\/?post_type=product&#038;p=29318"},"modified":"2026-02-23T01:27:32","modified_gmt":"2026-02-23T01:27:32","slug":"may-in-phun-mau-canon-pixma-ix6770","status":"publish","type":"product","link":"https:\/\/108giahoa.com\/?product=may-in-phun-mau-canon-pixma-ix6770","title":{"rendered":"M\u00c1Y IN PHUN M\u00c0U CANON Pixma IX6770"},"content":{"rendered":"<p>&#8211; Lo\u1ea1i m\u00e1y in: M\u00e1y in phun m\u00e0u Canon kh\u1ed5 A3 &#8211; 5 m\u00e0u m\u1ef1c<br \/>\n&#8211; T\u1ed1c \u0111\u1ed9 in: Kho\u1ea3ng 14.5 trang \u0111en \/ ph\u00fatKho\u1ea3ng 10.4 trang m\u00e0u \/ ph\u00fat (T\u1ed1c \u0111\u1ed9 in \u1ea3nh c\u1ee1 (4 x 6\u2033): 36 gi\u00e2y (in kh\u00f4ng vi\u1ec1n))<br \/>\n&#8211; S\u1ed1 l\u01b0\u1ee3ng v\u00f2i phun: T\u1ed5ng s\u00f4 5120 v\u00f2i phun<br \/>\n&#8211; Ch\u1ee9c n\u0103ng \u0111\u1eb7c bi\u1ec7t : in tr\u00e0n l\u1ec1, t\u1ef1 \u0111\u1ed9ng b\u1eadt ngu\u1ed3n<br \/>\n&#8211; Chu\u1ea9n k\u1ebft n\u1ed1i: USB 2.0 Hi \u2013 Speed<br \/>\n&#8211; M\u00e3 m\u1ef1c : PGI-750BK \/ PGI-751C \/ PGI-751M \/ PGI-751Y \/ PGI-751BK<br \/>\n&#8211; T\u1ed1c \u0111\u1ed9 in chu\u1ea9n ISO (kh\u1ed5 (A4): 10,4 trang\/ph\u00fat (m\u00e0u) \/ 14,5 trang\/ph\u00fat (\u0111en tr\u1eafng)<br \/>\n&#8211; T\u1ed1c \u0111\u1ed9 in \u1ea3nh c\u1ee1 (4 x 6\u2033): 36 gi\u00e2y (in kh\u00f4ng vi\u1ec1n)<br \/>\n&#8211; C\u00f3 h\u1ec7 th\u1ed1ng n\u1ea1p M\u1ef1c li\u00ean t\u1ee5c<\/p>\n","protected":false},"excerpt":{"rendered":"<p>&#8211; Lo\u1ea1i m\u00e1y in: M\u00e1y in phun m\u00e0u Canon kh\u1ed5 A3 &#8211; 5 m\u00e0u m\u1ef1c &#8211; T\u1ed1c \u0111\u1ed9 in: Kho\u1ea3ng<\/p>\n","protected":false},"featured_media":29319,"comment_status":"open","ping_status":"closed","template":"","meta":[],"product_brand":[115],"product_cat":[91],"product_tag":[],"class_list":{"0":"post-29318","1":"product","2":"type-product","3":"status-publish","4":"has-post-thumbnail","6":"product_brand-may-in-phun-mau","7":"product_cat-thiet-bi-cntt","9":"first","10":"instock","11":"shipping-taxable","12":"product-type-simple"},"_links":{"self":[{"href":"https:\/\/108giahoa.com\/index.php?rest_route=\/wp\/v2\/product\/29318","targetHints":{"allow":["GET"]}}],"collection":[{"href":"https:\/\/108giahoa.com\/index.php?rest_route=\/wp\/v2\/product"}],"about":[{"href":"https:\/\/108giahoa.com\/index.php?rest_route=\/wp\/v2\/types\/product"}],"replies":[{"embeddable":true,"href":"https:\/\/108giahoa.com\/index.php?rest_route=%2Fwp%2Fv2%2Fcomments&post=29318"}],"version-history":[{"count":1,"href":"https:\/\/108giahoa.com\/index.php?rest_route=\/wp\/v2\/product\/29318\/revisions"}],"predecessor-version":[{"id":29320,"href":"https:\/\/108giahoa.com\/index.php?rest_route=\/wp\/v2\/product\/29318\/revisions\/29320"}],"wp:featuredmedia":[{"embeddable":true,"href":"https:\/\/108giahoa.com\/index.php?rest_route=\/wp\/v2\/media\/29319"}],"wp:attachment":[{"href":"https:\/\/108giahoa.com\/index.php?rest_route=%2Fwp%2Fv2%2Fmedia&parent=29318"}],"wp:term":[{"taxonomy":"product_brand","embeddable":true,"href":"https:\/\/108giahoa.com\/index.php?rest_route=%2Fwp%2Fv2%2Fproduct_brand&post=29318"},{"taxonomy":"product_cat","embeddable":true,"href":"https:\/\/108giahoa.com\/index.php?rest_route=%2Fwp%2Fv2%2Fproduct_cat&post=29318"},{"taxonomy":"product_tag","embeddable":true,"href":"https:\/\/108giahoa.com\/index.php?rest_route=%2Fwp%2Fv2%2Fproduct_tag&post=29318"}],"curies":[{"name":"wp","href":"https:\/\/api.w.org\/{rel}","templated":true}]}}