{"id":29321,"date":"2026-02-22T02:44:19","date_gmt":"2026-02-22T02:44:19","guid":{"rendered":"https:\/\/108giahoa.com\/?post_type=product&#038;p=29321"},"modified":"2026-02-23T01:27:10","modified_gmt":"2026-02-23T01:27:10","slug":"may-in-phun-mau-canon-pixma-g1010","status":"publish","type":"product","link":"https:\/\/108giahoa.com\/?product=may-in-phun-mau-canon-pixma-g1010","title":{"rendered":"M\u00c1Y IN PHUN M\u00c0U CANON  PIXMA G1010"},"content":{"rendered":"<p>&#8211; Lo\u1ea1i m\u00e1y in : M\u00e1y in phun m\u00e0u \u0111\u01a1n n\u0103ng<br \/>\n&#8211; Xu\u1ea5t x\u1ee9: Vi\u1ec7t Nam<br \/>\n&#8211; Kh\u1ed5 gi\u1ea5y t\u1ed1i \u0111a : A4, A5<br \/>\n&#8211; \u0110\u1ed9 ph\u00e2n gi\u1ea3i : 4800 x 1200 dpi<br \/>\n&#8211; K\u1ebft n\u1ed1i: USB<br \/>\n&#8211; T\u1ed1c \u0111\u1ed9 in \u0111en tr\u1eafng: 8.8 \u1ea3nh\/ph\u00fat<br \/>\n&#8211; T\u1ed1c \u0111\u1ed9 in m\u00e0u: 5.0 \u1ea3nh\/ph\u00fat<br \/>\n&#8211; M\u1ef1c in: Canon GI-790<\/p>\n","protected":false},"excerpt":{"rendered":"<p>&#8211; Lo\u1ea1i m\u00e1y in : M\u00e1y in phun m\u00e0u \u0111\u01a1n n\u0103ng &#8211; Xu\u1ea5t x\u1ee9: Vi\u1ec7t Nam &#8211; Kh\u1ed5 gi\u1ea5y t\u1ed1i<\/p>\n","protected":false},"featured_media":29322,"comment_status":"open","ping_status":"closed","template":"","meta":[],"product_brand":[115],"product_cat":[91],"product_tag":[],"class_list":{"0":"post-29321","1":"product","2":"type-product","3":"status-publish","4":"has-post-thumbnail","6":"product_brand-may-in-phun-mau","7":"product_cat-thiet-bi-cntt","9":"first","10":"instock","11":"shipping-taxable","12":"product-type-simple"},"_links":{"self":[{"href":"https:\/\/108giahoa.com\/index.php?rest_route=\/wp\/v2\/product\/29321","targetHints":{"allow":["GET"]}}],"collection":[{"href":"https:\/\/108giahoa.com\/index.php?rest_route=\/wp\/v2\/product"}],"about":[{"href":"https:\/\/108giahoa.com\/index.php?rest_route=\/wp\/v2\/types\/product"}],"replies":[{"embeddable":true,"href":"https:\/\/108giahoa.com\/index.php?rest_route=%2Fwp%2Fv2%2Fcomments&post=29321"}],"version-history":[{"count":1,"href":"https:\/\/108giahoa.com\/index.php?rest_route=\/wp\/v2\/product\/29321\/revisions"}],"predecessor-version":[{"id":29323,"href":"https:\/\/108giahoa.com\/index.php?rest_route=\/wp\/v2\/product\/29321\/revisions\/29323"}],"wp:featuredmedia":[{"embeddable":true,"href":"https:\/\/108giahoa.com\/index.php?rest_route=\/wp\/v2\/media\/29322"}],"wp:attachment":[{"href":"https:\/\/108giahoa.com\/index.php?rest_route=%2Fwp%2Fv2%2Fmedia&parent=29321"}],"wp:term":[{"taxonomy":"product_brand","embeddable":true,"href":"https:\/\/108giahoa.com\/index.php?rest_route=%2Fwp%2Fv2%2Fproduct_brand&post=29321"},{"taxonomy":"product_cat","embeddable":true,"href":"https:\/\/108giahoa.com\/index.php?rest_route=%2Fwp%2Fv2%2Fproduct_cat&post=29321"},{"taxonomy":"product_tag","embeddable":true,"href":"https:\/\/108giahoa.com\/index.php?rest_route=%2Fwp%2Fv2%2Fproduct_tag&post=29321"}],"curies":[{"name":"wp","href":"https:\/\/api.w.org\/{rel}","templated":true}]}}