{"id":29324,"date":"2026-02-22T02:48:06","date_gmt":"2026-02-22T02:48:06","guid":{"rendered":"https:\/\/108giahoa.com\/?post_type=product&#038;p=29324"},"modified":"2026-02-23T01:26:49","modified_gmt":"2026-02-23T01:26:49","slug":"may-in-phun-mau-epson-l8050-6-mau","status":"publish","type":"product","link":"https:\/\/108giahoa.com\/?product=may-in-phun-mau-epson-l8050-6-mau","title":{"rendered":"M\u00c1Y IN PHUN M\u00c0U EPSON L8050 (6 M\u00c0U)"},"content":{"rendered":"<p>&#8211; Ch\u1ee9c n\u0103ng: in phun m\u00e0u<br \/>\n&#8211; Kh\u1ed5 gi\u1ea5y: A4 (21.0\u00d729.7 cm), A5 (14.8\u00d721.0 cm), A6 (10.5\u00d714.8 cm), B5, C6 (B\u00ec th\u01b0), DL (B\u00ec th\u01b0), S\u1ed1 10 (B\u00ec th\u01b0), Letter, Th\u1ebb nh\u1ef1a<br \/>\n&#8211; T\u1ed1c \u0111\u1ed9 in \u0111en tr\u1eafng: Ti\u00eau chu\u1ea9n: 8 trang \/ ph\u00fat (Tr\u1eafng \u0111en)<br \/>\n&#8211; In \u1ea3nh: L\u00ean \u0111\u1ebfn 12 s\/\u1ea3nh (Kh\u1ed5 10\u00d715)<br \/>\n&#8211; T\u1ed1c \u0111\u1ed9 in m\u00e0u: Ti\u00eau chu\u1ea9n: 8 trang \/ ph\u00fat (M\u00e0u)<br \/>\n&#8211; In trang \u0111\u1ea7u ti\u00ean: In nh\u00e1p: 22 trang \/ ph\u00fat (Tr\u1eafng \u0111en \/ M\u00e0u) (Gi\u1ea5y th\u01b0\u1eddng 75 g\/m\u00b2)<br \/>\n&#8211; B\u1ed9 nh\u1edb: 128Mb<br \/>\n&#8211; \u0110\u1ed9 ph\u00e2n gi\u1ea3i: L\u00ean \u0111\u1ebfn 5.760 x 1.440 dpi<br \/>\n&#8211; C\u1ed5ng giao ti\u1ebfp: Kh\u00f4ng d\u00e2y: WiFi Lan IEEE 802.11a\/b\/g\/n \u2013 WiFi Direct<br \/>\n&#8211; C\u00f3 d\u00e2y: USB T\u1ed1c \u0111\u1ed9 cao<br \/>\n&#8211; C\u00f4ng su\u1ea5t m\u1ef1c 057 ( Xanh \/ \u0110\u1ecf \/ V\u00e0ng \/ Xanh Nh\u1ea1t \/ \u0110\u1ecf Nh\u1ea1t ): 2.100 trang<br \/>\n&#8211; Khay gi\u1ea5y: Gi\u1ea5y th\u01b0\u1eddng: L\u00ean \u0111\u1ebfn 100 t\u1edd ; &#8211; Gi\u1ea5y in \u1ea3nh: L\u00ean \u0111\u1ebfn 20 t\u1edd<br \/>\n&#8211; Ng\u00f4n ng\u1eef print: ESC\/PR<br \/>\n&#8211; Kh\u1ea3 n\u0103ng in di \u0111\u1ed9ng: Epson iPrint \u2013 Epson Smart Panel<\/p>\n","protected":false},"excerpt":{"rendered":"<p>&#8211; Ch\u1ee9c n\u0103ng: in phun m\u00e0u &#8211; Kh\u1ed5 gi\u1ea5y: A4 (21.0\u00d729.7 cm), A5 (14.8\u00d721.0 cm), A6 (10.5\u00d714.8 cm), B5, C6<\/p>\n","protected":false},"featured_media":29325,"comment_status":"open","ping_status":"closed","template":"","meta":[],"product_brand":[115],"product_cat":[91],"product_tag":[],"class_list":{"0":"post-29324","1":"product","2":"type-product","3":"status-publish","4":"has-post-thumbnail","6":"product_brand-may-in-phun-mau","7":"product_cat-thiet-bi-cntt","9":"first","10":"instock","11":"shipping-taxable","12":"product-type-simple"},"_links":{"self":[{"href":"https:\/\/108giahoa.com\/index.php?rest_route=\/wp\/v2\/product\/29324","targetHints":{"allow":["GET"]}}],"collection":[{"href":"https:\/\/108giahoa.com\/index.php?rest_route=\/wp\/v2\/product"}],"about":[{"href":"https:\/\/108giahoa.com\/index.php?rest_route=\/wp\/v2\/types\/product"}],"replies":[{"embeddable":true,"href":"https:\/\/108giahoa.com\/index.php?rest_route=%2Fwp%2Fv2%2Fcomments&post=29324"}],"version-history":[{"count":1,"href":"https:\/\/108giahoa.com\/index.php?rest_route=\/wp\/v2\/product\/29324\/revisions"}],"predecessor-version":[{"id":29326,"href":"https:\/\/108giahoa.com\/index.php?rest_route=\/wp\/v2\/product\/29324\/revisions\/29326"}],"wp:featuredmedia":[{"embeddable":true,"href":"https:\/\/108giahoa.com\/index.php?rest_route=\/wp\/v2\/media\/29325"}],"wp:attachment":[{"href":"https:\/\/108giahoa.com\/index.php?rest_route=%2Fwp%2Fv2%2Fmedia&parent=29324"}],"wp:term":[{"taxonomy":"product_brand","embeddable":true,"href":"https:\/\/108giahoa.com\/index.php?rest_route=%2Fwp%2Fv2%2Fproduct_brand&post=29324"},{"taxonomy":"product_cat","embeddable":true,"href":"https:\/\/108giahoa.com\/index.php?rest_route=%2Fwp%2Fv2%2Fproduct_cat&post=29324"},{"taxonomy":"product_tag","embeddable":true,"href":"https:\/\/108giahoa.com\/index.php?rest_route=%2Fwp%2Fv2%2Fproduct_tag&post=29324"}],"curies":[{"name":"wp","href":"https:\/\/api.w.org\/{rel}","templated":true}]}}