{"id":29330,"date":"2026-02-22T03:28:14","date_gmt":"2026-02-22T03:28:14","guid":{"rendered":"https:\/\/108giahoa.com\/?post_type=product&#038;p=29330"},"modified":"2026-02-22T03:28:14","modified_gmt":"2026-02-22T03:28:14","slug":"laptop-asus-bm1403cda","status":"publish","type":"product","link":"https:\/\/108giahoa.com\/?product=laptop-asus-bm1403cda","title":{"rendered":"LAPTOP ASUS BM1403CDA"},"content":{"rendered":"<p>&#8211; B\u1ed9 vi x\u1eed l\u00fd: RYZEN\u2122 5 7535HS<br \/>\n&#8211; Ram: 16GB DDR5 SO-DIMM<br \/>\n&#8211; \u1ed4 c\u1ee9ng SSD: 512GB<br \/>\n&#8211; M\u00e0n h\u00ecnh 14.0 inch FHD (1920 x 1080) 16:9 IPS 60Hz, 300 nit, G\u00f3c nh\u00ecn r\u1ed9ng, M\u00e0n h\u00ecnh ch\u1ed1ng ch\u00f3i, 45% NTSC<br \/>\n&#8211; K\u1ebft n\u1ed1i: Wifi+ Bluetooth<br \/>\n&#8211; H\u1ec7 \u0111i\u1ec1u h\u00e0nh: Windows 11 Home<\/p>\n","protected":false},"excerpt":{"rendered":"<p>&#8211; B\u1ed9 vi x\u1eed l\u00fd: RYZEN\u2122 5 7535HS &#8211; Ram: 16GB DDR5 SO-DIMM &#8211; \u1ed4 c\u1ee9ng SSD: 512GB &#8211; M\u00e0n<\/p>\n","protected":false},"featured_media":29331,"comment_status":"open","ping_status":"closed","template":"","meta":[],"product_brand":[82],"product_cat":[81],"product_tag":[],"class_list":{"0":"post-29330","1":"product","2":"type-product","3":"status-publish","4":"has-post-thumbnail","6":"product_brand-asus","7":"product_cat-laptop","9":"first","10":"instock","11":"shipping-taxable","12":"product-type-simple"},"_links":{"self":[{"href":"https:\/\/108giahoa.com\/index.php?rest_route=\/wp\/v2\/product\/29330","targetHints":{"allow":["GET"]}}],"collection":[{"href":"https:\/\/108giahoa.com\/index.php?rest_route=\/wp\/v2\/product"}],"about":[{"href":"https:\/\/108giahoa.com\/index.php?rest_route=\/wp\/v2\/types\/product"}],"replies":[{"embeddable":true,"href":"https:\/\/108giahoa.com\/index.php?rest_route=%2Fwp%2Fv2%2Fcomments&post=29330"}],"version-history":[{"count":1,"href":"https:\/\/108giahoa.com\/index.php?rest_route=\/wp\/v2\/product\/29330\/revisions"}],"predecessor-version":[{"id":29332,"href":"https:\/\/108giahoa.com\/index.php?rest_route=\/wp\/v2\/product\/29330\/revisions\/29332"}],"wp:featuredmedia":[{"embeddable":true,"href":"https:\/\/108giahoa.com\/index.php?rest_route=\/wp\/v2\/media\/29331"}],"wp:attachment":[{"href":"https:\/\/108giahoa.com\/index.php?rest_route=%2Fwp%2Fv2%2Fmedia&parent=29330"}],"wp:term":[{"taxonomy":"product_brand","embeddable":true,"href":"https:\/\/108giahoa.com\/index.php?rest_route=%2Fwp%2Fv2%2Fproduct_brand&post=29330"},{"taxonomy":"product_cat","embeddable":true,"href":"https:\/\/108giahoa.com\/index.php?rest_route=%2Fwp%2Fv2%2Fproduct_cat&post=29330"},{"taxonomy":"product_tag","embeddable":true,"href":"https:\/\/108giahoa.com\/index.php?rest_route=%2Fwp%2Fv2%2Fproduct_tag&post=29330"}],"curies":[{"name":"wp","href":"https:\/\/api.w.org\/{rel}","templated":true}]}}