{"id":29333,"date":"2026-02-22T03:42:11","date_gmt":"2026-02-22T03:42:11","guid":{"rendered":"https:\/\/108giahoa.com\/?post_type=product&#038;p=29333"},"modified":"2026-02-22T03:42:11","modified_gmt":"2026-02-22T03:42:11","slug":"laptop-asus-p1503cva","status":"publish","type":"product","link":"https:\/\/108giahoa.com\/?product=laptop-asus-p1503cva","title":{"rendered":"LAPTOP ASUS P1503CVA"},"content":{"rendered":"<ul>\n<li><strong>CPU<\/strong>: Intel Core 3 100U<\/li>\n<li><strong>RAM:<\/strong>\u00a0 8GB DDR5 5200MHz SO-DIMM, n\u00e2ng c\u1ea5p \u0111\u01b0\u1ee3c t\u1ed1i \u0111a 64GB<\/li>\n<li><strong>\u1ed4 C\u1ee9ng:<\/strong> 512GB M.2 2280 NVMe\u2122 PCIe\u00ae 4.0 SSD<\/li>\n<li><strong>M\u00e0n h\u00ecnh:\u00a0<\/strong>15.6&#8243; FHD\u00a0 (1920&#215;1080) IPS, m\u00e0n nh\u00e1m, kh\u00f4ng c\u1ea3m \u1ee9ng, t\u1ef7 l\u1ec7 khung h\u00ecnh 16:9, t\u1ea7n s\u1ed1 qu\u00e9t 60Hz, \u0111\u1ed9 s\u00e1ng 300nits, 45% NTSC<\/li>\n<li><strong>\u0110\u1ed3 h\u1ecda:<\/strong>\u00a0Intel\u00ae Graphics onboard<\/li>\n<li><strong>B\u00e0n ph\u00edm: fullsize<\/strong><\/li>\n<li><strong>Fingerprint Reader:<\/strong>\u00a0C\u00f3 h\u1ed7 tr\u1ee3, t\u00edch h\u1ee3p tr\u00ean touchpad<\/li>\n<li><strong>PIN:<\/strong> 3-Cell 50WHr<\/li>\n<li><strong>Camera:<\/strong>\u00a0720p HD\u00a0camera, c\u00f9ng mic thu t\u1ea7m xa v\u00e0 m\u00e0n tr\u1eadp c\u01a1 h\u1ecdc Privacy Shutter<\/li>\n<li><strong>C\u1ed5ng k\u1ebft n\u1ed1i v\u1eadt l\u00fd:<\/strong>\u00a02 c\u1ed5ng\u00a0USB-A 3.2 Gen 1, 2 c\u1ed5ng\u00a0USB-C 3.2 Gen 2 (h\u1ed7 tr\u1ee3 DisplayPort, s\u1ea1c), HDMI 1.4, LAN, jack tai nghe, khe kh\u00f3a v\u1eadt l\u00fd<\/li>\n<li><strong>K\u1ebft n\u1ed1i kh\u00f4ng d\u00e2y:<\/strong>\u00a0Wi-Fi 6\u00a0+ Bluetooth 5.3 tr\u1edf l\u00ean<\/li>\n<li><strong>H\u1ec7 \u0111i\u1ec1u h\u00e0nh:<\/strong>\u00a0Windows 11 Home + Office b\u1ea3n quy\u1ec1n tr\u1ecdn \u0111\u1eddi<\/li>\n<li><strong>K\u00edch th\u01b0\u1edbc:<\/strong>\u00a035.95 x 23.22 x 1.99 ~ 1.99 cm<\/li>\n<li><strong>Tr\u1ecdng l\u01b0\u1ee3ng:<\/strong>\u00a01.6kg<\/li>\n<li><strong>M\u00e0u s\u1eafc: X\u00e1m Misty<\/strong><\/li>\n<\/ul>\n","protected":false},"excerpt":{"rendered":"<p>CPU: Intel Core 3 100U RAM:\u00a0 8GB DDR5 5200MHz SO-DIMM, n\u00e2ng c\u1ea5p \u0111\u01b0\u1ee3c t\u1ed1i \u0111a 64GB \u1ed4 C\u1ee9ng: 512GB M.2<\/p>\n","protected":false},"featured_media":29334,"comment_status":"open","ping_status":"closed","template":"","meta":[],"product_brand":[82],"product_cat":[81],"product_tag":[],"class_list":{"0":"post-29333","1":"product","2":"type-product","3":"status-publish","4":"has-post-thumbnail","6":"product_brand-asus","7":"product_cat-laptop","9":"first","10":"instock","11":"shipping-taxable","12":"product-type-simple"},"_links":{"self":[{"href":"https:\/\/108giahoa.com\/index.php?rest_route=\/wp\/v2\/product\/29333","targetHints":{"allow":["GET"]}}],"collection":[{"href":"https:\/\/108giahoa.com\/index.php?rest_route=\/wp\/v2\/product"}],"about":[{"href":"https:\/\/108giahoa.com\/index.php?rest_route=\/wp\/v2\/types\/product"}],"replies":[{"embeddable":true,"href":"https:\/\/108giahoa.com\/index.php?rest_route=%2Fwp%2Fv2%2Fcomments&post=29333"}],"version-history":[{"count":1,"href":"https:\/\/108giahoa.com\/index.php?rest_route=\/wp\/v2\/product\/29333\/revisions"}],"predecessor-version":[{"id":29335,"href":"https:\/\/108giahoa.com\/index.php?rest_route=\/wp\/v2\/product\/29333\/revisions\/29335"}],"wp:featuredmedia":[{"embeddable":true,"href":"https:\/\/108giahoa.com\/index.php?rest_route=\/wp\/v2\/media\/29334"}],"wp:attachment":[{"href":"https:\/\/108giahoa.com\/index.php?rest_route=%2Fwp%2Fv2%2Fmedia&parent=29333"}],"wp:term":[{"taxonomy":"product_brand","embeddable":true,"href":"https:\/\/108giahoa.com\/index.php?rest_route=%2Fwp%2Fv2%2Fproduct_brand&post=29333"},{"taxonomy":"product_cat","embeddable":true,"href":"https:\/\/108giahoa.com\/index.php?rest_route=%2Fwp%2Fv2%2Fproduct_cat&post=29333"},{"taxonomy":"product_tag","embeddable":true,"href":"https:\/\/108giahoa.com\/index.php?rest_route=%2Fwp%2Fv2%2Fproduct_tag&post=29333"}],"curies":[{"name":"wp","href":"https:\/\/api.w.org\/{rel}","templated":true}]}}