{"id":29361,"date":"2026-02-22T07:10:07","date_gmt":"2026-02-22T07:10:07","guid":{"rendered":"https:\/\/108giahoa.com\/?post_type=product&#038;p=29361"},"modified":"2026-02-23T01:24:52","modified_gmt":"2026-02-23T01:24:52","slug":"may-huy-giay-dino-grand","status":"publish","type":"product","link":"https:\/\/108giahoa.com\/?product=may-huy-giay-dino-grand","title":{"rendered":"M\u00e1y h\u1ee7y gi\u1ea5y DINO GRAND"},"content":{"rendered":"<p>Ki\u1ec3u h\u1ee7y: H\u1ee7y v\u1ee5n. H\u1ee7y t\u1ef1 \u0111\u1ed9ng<br \/>\n\u2022 C\u00f4ng su\u1ea5t h\u1ee7y: 20 t\u1edd (80gsm\/A4),<br \/>\n\u2022 K\u00edch c\u1ee1 h\u1ee7y gi\u1ea5y: 3 x 23 (mm)<br \/>\n\u2022 \u0110\u1ed9 r\u1ed9ng mi\u1ec7ng h\u1ee7y gi\u1ea5y : 220 mm<br \/>\n\u2022 \u0110\u1ed9 r\u1ed9ng mi\u1ec7ng h\u1ee7y CD : 125 mm<br \/>\n\u2022 Th\u1ec3 t\u00edch th\u00f9ng ch\u1ee9a: 30 l\u00edt (gi\u1ea5y), 5L (CD)<br \/>\n\u2022 T\u1ed1c \u0111\u1ed9 h\u1ee7y : 3.0m\/ph\u00fat<br \/>\n\u2022 Th\u00f9ng ch\u1ee9a r\u00e1c r\u1eddi<br \/>\n\u2022 T\u1ef1 \u0111\u1ed9ng d\u1eebng khi th\u00f9ng ch\u1ee9a gi\u1ea5y \u0111\u1ea7y (c\u00f3 chu\u00f4ng b\u00e1o trong 15 gi\u00e2y)<br \/>\n\u2022 H\u1ee7y \u0111\u01b0\u1ee3c kim b\u1ea5m, k\u1eb9p gi\u1ea5y, CDs\/DVDs\/ATM cards<br \/>\n\u2022 K\u00edch c\u1ee1 m\u00e1y: 400(W) x 310(D) x 650(H) (mm)<br \/>\n\u2022 Tr\u1ecdng l\u01b0\u1ee3ng: 20.3 Kg<br \/>\n\u2022 C\u00f4ng ngh\u1ec7 \u0110\u1ee9c, L\u1eafp r\u00e1p Trung Qu\u1ed1c<\/p>\n","protected":false},"excerpt":{"rendered":"<p>Ki\u1ec3u h\u1ee7y: H\u1ee7y v\u1ee5n. H\u1ee7y t\u1ef1 \u0111\u1ed9ng \u2022 C\u00f4ng su\u1ea5t h\u1ee7y: 20 t\u1edd (80gsm\/A4), \u2022 K\u00edch c\u1ee1 h\u1ee7y gi\u1ea5y: 3<\/p>\n","protected":false},"featured_media":29362,"comment_status":"open","ping_status":"closed","template":"","meta":[],"product_brand":[112],"product_cat":[91],"product_tag":[],"class_list":{"0":"post-29361","1":"product","2":"type-product","3":"status-publish","4":"has-post-thumbnail","6":"product_brand-may-huy-giay","7":"product_cat-thiet-bi-cntt","9":"first","10":"instock","11":"shipping-taxable","12":"product-type-simple"},"_links":{"self":[{"href":"https:\/\/108giahoa.com\/index.php?rest_route=\/wp\/v2\/product\/29361","targetHints":{"allow":["GET"]}}],"collection":[{"href":"https:\/\/108giahoa.com\/index.php?rest_route=\/wp\/v2\/product"}],"about":[{"href":"https:\/\/108giahoa.com\/index.php?rest_route=\/wp\/v2\/types\/product"}],"replies":[{"embeddable":true,"href":"https:\/\/108giahoa.com\/index.php?rest_route=%2Fwp%2Fv2%2Fcomments&post=29361"}],"version-history":[{"count":1,"href":"https:\/\/108giahoa.com\/index.php?rest_route=\/wp\/v2\/product\/29361\/revisions"}],"predecessor-version":[{"id":29363,"href":"https:\/\/108giahoa.com\/index.php?rest_route=\/wp\/v2\/product\/29361\/revisions\/29363"}],"wp:featuredmedia":[{"embeddable":true,"href":"https:\/\/108giahoa.com\/index.php?rest_route=\/wp\/v2\/media\/29362"}],"wp:attachment":[{"href":"https:\/\/108giahoa.com\/index.php?rest_route=%2Fwp%2Fv2%2Fmedia&parent=29361"}],"wp:term":[{"taxonomy":"product_brand","embeddable":true,"href":"https:\/\/108giahoa.com\/index.php?rest_route=%2Fwp%2Fv2%2Fproduct_brand&post=29361"},{"taxonomy":"product_cat","embeddable":true,"href":"https:\/\/108giahoa.com\/index.php?rest_route=%2Fwp%2Fv2%2Fproduct_cat&post=29361"},{"taxonomy":"product_tag","embeddable":true,"href":"https:\/\/108giahoa.com\/index.php?rest_route=%2Fwp%2Fv2%2Fproduct_tag&post=29361"}],"curies":[{"name":"wp","href":"https:\/\/api.w.org\/{rel}","templated":true}]}}