{"id":29382,"date":"2026-02-22T07:25:29","date_gmt":"2026-02-22T07:25:29","guid":{"rendered":"https:\/\/108giahoa.com\/?post_type=product&#038;p=29382"},"modified":"2026-02-23T01:23:37","modified_gmt":"2026-02-23T01:23:37","slug":"may-ep-gbc-inspire-plus-a3","status":"publish","type":"product","link":"https:\/\/108giahoa.com\/?product=may-ep-gbc-inspire-plus-a3","title":{"rendered":"M\u00c1Y \u00c9P GBC INSPIRE Plus A3"},"content":{"rendered":"<p><strong>M\u00c1Y \u00c9P D\u00d9NG CHO C\u00c1 NH\u00c2N<\/strong><br \/>\n\u2022 K\u00edch c\u1ee1 gi\u1ea5y \u00e9p: <strong>A3<\/strong><br \/>\n\u2022 \u0110\u1ed9 d\u00e0y gi\u1ea5y \u00e9p: 100\/125 mic<br \/>\n\u2022 T\u1ed1c \u0111\u1ed9 \u00e9p (mm\/ ph\u00fat): 260<br \/>\n\u2022 S\u1ed1 rollers: 2<br \/>\n\u2022 Tr\u1ecdng l\u01b0\u1ee3ng (Kg): 1.55<br \/>\n\u2022 Th\u1eddi gian kh\u1edfi \u0111\u1ed9ng (ph\u00fat): 5<br \/>\n\u2022 K\u00edch c\u1ee1 (mm): 431 x 103 x 75<br \/>\nXu\u1ea5t x\u1ee9: C\u00f4ng ngh\u1ec7 USA, L\u1eafp r\u00e1p TQ<\/p>\n","protected":false},"excerpt":{"rendered":"<p>M\u00c1Y \u00c9P D\u00d9NG CHO C\u00c1 NH\u00c2N \u2022 K\u00edch c\u1ee1 gi\u1ea5y \u00e9p: A3 \u2022 \u0110\u1ed9 d\u00e0y gi\u1ea5y \u00e9p: 100\/125 mic \u2022<\/p>\n","protected":false},"featured_media":29383,"comment_status":"open","ping_status":"closed","template":"","meta":[],"product_brand":[111],"product_cat":[91],"product_tag":[],"class_list":{"0":"post-29382","1":"product","2":"type-product","3":"status-publish","4":"has-post-thumbnail","6":"product_brand-may-ep","7":"product_cat-thiet-bi-cntt","9":"first","10":"instock","11":"shipping-taxable","12":"product-type-simple"},"_links":{"self":[{"href":"https:\/\/108giahoa.com\/index.php?rest_route=\/wp\/v2\/product\/29382","targetHints":{"allow":["GET"]}}],"collection":[{"href":"https:\/\/108giahoa.com\/index.php?rest_route=\/wp\/v2\/product"}],"about":[{"href":"https:\/\/108giahoa.com\/index.php?rest_route=\/wp\/v2\/types\/product"}],"replies":[{"embeddable":true,"href":"https:\/\/108giahoa.com\/index.php?rest_route=%2Fwp%2Fv2%2Fcomments&post=29382"}],"version-history":[{"count":1,"href":"https:\/\/108giahoa.com\/index.php?rest_route=\/wp\/v2\/product\/29382\/revisions"}],"predecessor-version":[{"id":29384,"href":"https:\/\/108giahoa.com\/index.php?rest_route=\/wp\/v2\/product\/29382\/revisions\/29384"}],"wp:featuredmedia":[{"embeddable":true,"href":"https:\/\/108giahoa.com\/index.php?rest_route=\/wp\/v2\/media\/29383"}],"wp:attachment":[{"href":"https:\/\/108giahoa.com\/index.php?rest_route=%2Fwp%2Fv2%2Fmedia&parent=29382"}],"wp:term":[{"taxonomy":"product_brand","embeddable":true,"href":"https:\/\/108giahoa.com\/index.php?rest_route=%2Fwp%2Fv2%2Fproduct_brand&post=29382"},{"taxonomy":"product_cat","embeddable":true,"href":"https:\/\/108giahoa.com\/index.php?rest_route=%2Fwp%2Fv2%2Fproduct_cat&post=29382"},{"taxonomy":"product_tag","embeddable":true,"href":"https:\/\/108giahoa.com\/index.php?rest_route=%2Fwp%2Fv2%2Fproduct_tag&post=29382"}],"curies":[{"name":"wp","href":"https:\/\/api.w.org\/{rel}","templated":true}]}}