{"id":29388,"date":"2026-02-22T07:28:19","date_gmt":"2026-02-22T07:28:19","guid":{"rendered":"https:\/\/108giahoa.com\/?post_type=product&#038;p=29388"},"modified":"2026-02-23T01:04:02","modified_gmt":"2026-02-23T01:04:02","slug":"may-ep-gbc-fusion-1100l-a3","status":"publish","type":"product","link":"https:\/\/108giahoa.com\/?product=may-ep-gbc-fusion-1100l-a3","title":{"rendered":"M\u00c1Y \u00c9P GBC FUSION 1100L (A3)"},"content":{"rendered":"<p><strong>M\u00c1Y \u00c9P D\u00d9NG CHO C\u00c1 NH\u00c2N V\u00c0 V\u0102N PH\u00d2NG NH\u1ece<\/strong><br \/>\n\u2022 K\u00edch c\u1ee1 gi\u1ea5y \u00e9p: A3<br \/>\n\u2022 \u0110\u1ed9 d\u00e0y gi\u1ea5y \u00e9p: 75-125 mic<br \/>\n\u2022 T\u1ed1c \u0111\u1ed9 \u00e9p (mm\/ ph\u00fat): 330<br \/>\n\u2022 S\u1ed1 rollers: 2<br \/>\n\u2022 Tr\u1ecdng l\u01b0\u1ee3ng (Kg): 1.61<br \/>\n\u2022 Th\u1eddi gian kh\u1edfi \u0111\u1ed9ng (ph\u00fat): 3<br \/>\n\u2022 T\u1ef1 \u0111\u1ed9ng t\u1eaft sau 30 ph\u00fat kh\u00f4ng s\u1eed d\u1ee5ng<br \/>\n\u2022 K\u00edch c\u1ee1 (mm):465 x 109 x 81<br \/>\nXu\u1ea5t x\u1ee9: C\u00f4ng ngh\u1ec7 USA, L\u1eafp r\u00e1p TQ<\/p>\n","protected":false},"excerpt":{"rendered":"<p>M\u00c1Y \u00c9P D\u00d9NG CHO C\u00c1 NH\u00c2N V\u00c0 V\u0102N PH\u00d2NG NH\u1ece \u2022 K\u00edch c\u1ee1 gi\u1ea5y \u00e9p: A3 \u2022 \u0110\u1ed9 d\u00e0y gi\u1ea5y<\/p>\n","protected":false},"featured_media":29389,"comment_status":"open","ping_status":"closed","template":"","meta":[],"product_brand":[111],"product_cat":[91],"product_tag":[],"class_list":{"0":"post-29388","1":"product","2":"type-product","3":"status-publish","4":"has-post-thumbnail","6":"product_brand-may-ep","7":"product_cat-thiet-bi-cntt","9":"first","10":"instock","11":"shipping-taxable","12":"product-type-simple"},"_links":{"self":[{"href":"https:\/\/108giahoa.com\/index.php?rest_route=\/wp\/v2\/product\/29388","targetHints":{"allow":["GET"]}}],"collection":[{"href":"https:\/\/108giahoa.com\/index.php?rest_route=\/wp\/v2\/product"}],"about":[{"href":"https:\/\/108giahoa.com\/index.php?rest_route=\/wp\/v2\/types\/product"}],"replies":[{"embeddable":true,"href":"https:\/\/108giahoa.com\/index.php?rest_route=%2Fwp%2Fv2%2Fcomments&post=29388"}],"version-history":[{"count":1,"href":"https:\/\/108giahoa.com\/index.php?rest_route=\/wp\/v2\/product\/29388\/revisions"}],"predecessor-version":[{"id":29390,"href":"https:\/\/108giahoa.com\/index.php?rest_route=\/wp\/v2\/product\/29388\/revisions\/29390"}],"wp:featuredmedia":[{"embeddable":true,"href":"https:\/\/108giahoa.com\/index.php?rest_route=\/wp\/v2\/media\/29389"}],"wp:attachment":[{"href":"https:\/\/108giahoa.com\/index.php?rest_route=%2Fwp%2Fv2%2Fmedia&parent=29388"}],"wp:term":[{"taxonomy":"product_brand","embeddable":true,"href":"https:\/\/108giahoa.com\/index.php?rest_route=%2Fwp%2Fv2%2Fproduct_brand&post=29388"},{"taxonomy":"product_cat","embeddable":true,"href":"https:\/\/108giahoa.com\/index.php?rest_route=%2Fwp%2Fv2%2Fproduct_cat&post=29388"},{"taxonomy":"product_tag","embeddable":true,"href":"https:\/\/108giahoa.com\/index.php?rest_route=%2Fwp%2Fv2%2Fproduct_tag&post=29388"}],"curies":[{"name":"wp","href":"https:\/\/api.w.org\/{rel}","templated":true}]}}