{"id":29400,"date":"2026-02-22T07:36:31","date_gmt":"2026-02-22T07:36:31","guid":{"rendered":"https:\/\/108giahoa.com\/?post_type=product&#038;p=29400"},"modified":"2026-02-23T01:22:41","modified_gmt":"2026-02-23T01:22:41","slug":"may-dong-sach-gbc-c250pro","status":"publish","type":"product","link":"https:\/\/108giahoa.com\/?product=may-dong-sach-gbc-c250pro","title":{"rendered":"M\u00c1Y \u0110\u00d3NG S\u00c1CH GBC \u2013 C250Pro"},"content":{"rendered":"<p><strong>M\u00c1Y \u0110\u00d3NG S\u00c1CH V\u00d2NG XO\u1eaeN NH\u1ef0A C\u01a0<\/strong><br \/>\n<strong>(T\u00ean c\u0169 IBICO KOMBO 21)<\/strong><br \/>\n&#8211; Kh\u1ed5 gi\u1ea5y \u0111\u00f3ng t\u1ed1i \u0111a: A4<br \/>\n&#8211; S\u1ed1 l\u01b0\u1ee3ng gi\u1ea5y \u0111\u1ee5c t\u1ed1i \u0111a: 20 t\u1edd\/1 l\u1ea7n<br \/>\n&#8211; S\u1ed1 l\u01b0\u1ee3ng gi\u1ea5y v\u00e0o g\u00e1y t\u1ed1i \u0111a: 450 t\u1edd<br \/>\n&#8211; Ph\u01b0\u01a1ng ph\u00e1p \u0111\u1ee5c\/\u0111\u00f3ng: c\u01a1\/c\u01a1<br \/>\n&#8211; Ch\u1ee9c n\u0103ng: Hi\u1ec7u ch\u1ec9nh l\u1ec1 khi \u0111\u00f3ng<br \/>\nB\u1ecf b\u1edbt l\u1ed7 \u0111\u1ee5c<br \/>\n&#8211; K\u00edch c\u1ee1 (HxWxD): 380 x 300 x 230 (mm)<br \/>\n&#8211; Tr\u1ecdng l\u01b0\u1ee3ng : 10.3 Kg<br \/>\n&#8211; Xu\u1ea5t x\u1ee9: Portugal<\/p>\n","protected":false},"excerpt":{"rendered":"<p>M\u00c1Y \u0110\u00d3NG S\u00c1CH V\u00d2NG XO\u1eaeN NH\u1ef0A C\u01a0 (T\u00ean c\u0169 IBICO KOMBO 21) &#8211; Kh\u1ed5 gi\u1ea5y \u0111\u00f3ng t\u1ed1i \u0111a: A4 &#8211;<\/p>\n","protected":false},"featured_media":29401,"comment_status":"open","ping_status":"closed","template":"","meta":[],"product_brand":[117],"product_cat":[91],"product_tag":[],"class_list":{"0":"post-29400","1":"product","2":"type-product","3":"status-publish","4":"has-post-thumbnail","6":"product_brand-may-dong-sach","7":"product_cat-thiet-bi-cntt","9":"first","10":"instock","11":"shipping-taxable","12":"product-type-simple"},"_links":{"self":[{"href":"https:\/\/108giahoa.com\/index.php?rest_route=\/wp\/v2\/product\/29400","targetHints":{"allow":["GET"]}}],"collection":[{"href":"https:\/\/108giahoa.com\/index.php?rest_route=\/wp\/v2\/product"}],"about":[{"href":"https:\/\/108giahoa.com\/index.php?rest_route=\/wp\/v2\/types\/product"}],"replies":[{"embeddable":true,"href":"https:\/\/108giahoa.com\/index.php?rest_route=%2Fwp%2Fv2%2Fcomments&post=29400"}],"version-history":[{"count":1,"href":"https:\/\/108giahoa.com\/index.php?rest_route=\/wp\/v2\/product\/29400\/revisions"}],"predecessor-version":[{"id":29402,"href":"https:\/\/108giahoa.com\/index.php?rest_route=\/wp\/v2\/product\/29400\/revisions\/29402"}],"wp:featuredmedia":[{"embeddable":true,"href":"https:\/\/108giahoa.com\/index.php?rest_route=\/wp\/v2\/media\/29401"}],"wp:attachment":[{"href":"https:\/\/108giahoa.com\/index.php?rest_route=%2Fwp%2Fv2%2Fmedia&parent=29400"}],"wp:term":[{"taxonomy":"product_brand","embeddable":true,"href":"https:\/\/108giahoa.com\/index.php?rest_route=%2Fwp%2Fv2%2Fproduct_brand&post=29400"},{"taxonomy":"product_cat","embeddable":true,"href":"https:\/\/108giahoa.com\/index.php?rest_route=%2Fwp%2Fv2%2Fproduct_cat&post=29400"},{"taxonomy":"product_tag","embeddable":true,"href":"https:\/\/108giahoa.com\/index.php?rest_route=%2Fwp%2Fv2%2Fproduct_tag&post=29400"}],"curies":[{"name":"wp","href":"https:\/\/api.w.org\/{rel}","templated":true}]}}