{"id":29444,"date":"2026-02-22T08:37:55","date_gmt":"2026-02-22T08:37:55","guid":{"rendered":"https:\/\/108giahoa.com\/?post_type=product&#038;p=29444"},"modified":"2026-02-23T01:50:21","modified_gmt":"2026-02-23T01:50:21","slug":"he-thong-am-thanh-san-khau-lon","status":"publish","type":"product","link":"https:\/\/108giahoa.com\/?product=he-thong-am-thanh-san-khau-lon","title":{"rendered":"H\u1ec6 TH\u1ed0NG \u00c2M THANH S\u00c2N KH\u1ea4U L\u1edaN"},"content":{"rendered":"<ol>\n<li>Loa treo t\u01b0\u1eddng : 12 C\u00e1i<\/li>\n<li>Thi\u1ebft b\u1ecb \u00e2m thanh powered mixer : 02 c\u00e1i<\/li>\n<li>Micro kh\u00f4ng d\u00e2y c\u1ea7m tay : 01 B\u1ed9\u00a0 \u00a0 \u00a0 \u00a0 \u00a0 \u00a0 \u00a0 \u00a0 \u00a0 \u00a0 \u00a0 \u00a0 \u00a0 \u00a0 \u00a0 \u00a0 \u00a0 \u00a0 \u00a0 \u00a0 \u00a0 \u00a0 \u00a0 \u00a0 \u00a0 \u00a0 \u00a0 \u00a0 \u00a0 \u00a0 \u00a0 \u00a0 \u00a0 \u00a0 \u00a0 \u00a0 \u00a0 \u00a0 \u00a0 \u00a0 \u00a0 \u00a0 \u00a0 \u00a0 \u00a0 \u00a0 \u00a0 \u00a0 \u00a0 \u00a0 \u00a0 \u00a0 \u00a0 &#8211; S\u1ea3n ph\u1ea9m d\u00f9ng cho l\u1edbp h\u1ecdc, tr\u01b0\u1eddng h\u1ecdc, s\u00e2n kh\u1ea5u, h\u1ed9i tr\u01b0\u1eddng,\u2026<\/li>\n<\/ol>\n","protected":false},"excerpt":{"rendered":"<p>Loa treo t\u01b0\u1eddng : 12 C\u00e1i Thi\u1ebft b\u1ecb \u00e2m thanh powered mixer : 02 c\u00e1i Micro kh\u00f4ng d\u00e2y c\u1ea7m tay<\/p>\n","protected":false},"featured_media":29446,"comment_status":"open","ping_status":"closed","template":"","meta":[],"product_brand":[119],"product_cat":[90],"product_tag":[],"class_list":{"0":"post-29444","1":"product","2":"type-product","3":"status-publish","4":"has-post-thumbnail","6":"product_brand-ht-am-thanh-san-khau","7":"product_cat-thiet-bi-am-thanh","9":"first","10":"instock","11":"shipping-taxable","12":"purchasable","13":"product-type-simple"},"_links":{"self":[{"href":"https:\/\/108giahoa.com\/index.php?rest_route=\/wp\/v2\/product\/29444","targetHints":{"allow":["GET"]}}],"collection":[{"href":"https:\/\/108giahoa.com\/index.php?rest_route=\/wp\/v2\/product"}],"about":[{"href":"https:\/\/108giahoa.com\/index.php?rest_route=\/wp\/v2\/types\/product"}],"replies":[{"embeddable":true,"href":"https:\/\/108giahoa.com\/index.php?rest_route=%2Fwp%2Fv2%2Fcomments&post=29444"}],"version-history":[{"count":3,"href":"https:\/\/108giahoa.com\/index.php?rest_route=\/wp\/v2\/product\/29444\/revisions"}],"predecessor-version":[{"id":29469,"href":"https:\/\/108giahoa.com\/index.php?rest_route=\/wp\/v2\/product\/29444\/revisions\/29469"}],"wp:featuredmedia":[{"embeddable":true,"href":"https:\/\/108giahoa.com\/index.php?rest_route=\/wp\/v2\/media\/29446"}],"wp:attachment":[{"href":"https:\/\/108giahoa.com\/index.php?rest_route=%2Fwp%2Fv2%2Fmedia&parent=29444"}],"wp:term":[{"taxonomy":"product_brand","embeddable":true,"href":"https:\/\/108giahoa.com\/index.php?rest_route=%2Fwp%2Fv2%2Fproduct_brand&post=29444"},{"taxonomy":"product_cat","embeddable":true,"href":"https:\/\/108giahoa.com\/index.php?rest_route=%2Fwp%2Fv2%2Fproduct_cat&post=29444"},{"taxonomy":"product_tag","embeddable":true,"href":"https:\/\/108giahoa.com\/index.php?rest_route=%2Fwp%2Fv2%2Fproduct_tag&post=29444"}],"curies":[{"name":"wp","href":"https:\/\/api.w.org\/{rel}","templated":true}]}}