{"id":29451,"date":"2026-02-22T08:51:34","date_gmt":"2026-02-22T08:51:34","guid":{"rendered":"https:\/\/108giahoa.com\/?post_type=product&#038;p=29451"},"modified":"2026-02-23T01:42:09","modified_gmt":"2026-02-23T01:42:09","slug":"he-thong-am-thanh-truc-tuyen","status":"publish","type":"product","link":"https:\/\/108giahoa.com\/?product=he-thong-am-thanh-truc-tuyen","title":{"rendered":"H\u1ec6 TH\u1ed0NG \u00c2M THANH TR\u1ef0C TUY\u1ebeN"},"content":{"rendered":"<p>1. Ampli trung t\u00e2m d\u00f9ng cho h\u1ed9i th\u1ea3o: 01 C\u00c1I<\/p>\n<p>2. M\u00e1y ch\u1ee7 to\u1ea1 k\u00e8m m\u00edc (c\u1ea7n d\u00e0i): 1 B\u1ed8<\/p>\n<p>3. M\u00e1y \u0111\u1ea1i bi\u1ec3u k\u00e8m m\u00edc (c\u1ea7n d\u00e0i): 10 B\u1ed8<\/p>\n<p>4. C\u00e1p m\u1edf r\u1ed9ng 10m: 01 S\u1ee2I<\/p>\n<p>5. B\u1ed9 x\u1eed l\u00fd t\u00edn hi\u1ec7u k\u1ef9 thu\u1eadt s\u1ed1: 1 C\u00c1I<\/p>\n<p>6. Loa h\u1ed9p treo t\u01b0\u1eddng 30W : 04 C\u00c1I<\/p>\n<p>7. Amply mixer c\u00f4ng su\u1ea5t: 01 C\u00c1I<\/p>\n<p>8. D\u00e2y loa 2&#215;0.75mm2 cu\u1ed9n 100m: 01 CU\u1ed8N<\/p>\n<p>9. Camera h\u1ed9i ngh\u1ecb truy\u1ec1n h\u00ecnh Logitech PTZ Pro 2: 01 C\u00c1I<\/p>\n<p>10. T\u1ee7 \u0111\u1ef1ng thi\u1ebft b\u1ecb: 01 C\u00c1I<\/p>\n<p>11. Nh\u00e2n c\u00f4ng + Ph\u1ee5 ki\u1ec7n l\u1eafp \u0111\u1eb7t (c\u00e1p HDMI, d\u00e2y t\u00edn hi\u1ec7u, d\u00e2y \u0111i\u1ec7n, \u1ed5 c\u1eafm\u2026)<\/p>\n<p>XU\u1ea4T X\u1ee8: CHINA\/VI\u1ec6T NAM<\/p>\n","protected":false},"excerpt":{"rendered":"<p>1. Ampli trung t\u00e2m d\u00f9ng cho h\u1ed9i th\u1ea3o: 01 C\u00c1I 2. M\u00e1y ch\u1ee7 to\u1ea1 k\u00e8m m\u00edc (c\u1ea7n d\u00e0i): 1 B\u1ed8<\/p>\n","protected":false},"featured_media":29452,"comment_status":"open","ping_status":"closed","template":"","meta":[],"product_brand":[118],"product_cat":[90],"product_tag":[],"class_list":{"0":"post-29451","1":"product","2":"type-product","3":"status-publish","4":"has-post-thumbnail","6":"product_brand-ht-am-thanh-truc-tuyen","7":"product_cat-thiet-bi-am-thanh","9":"first","10":"instock","11":"shipping-taxable","12":"purchasable","13":"product-type-simple"},"_links":{"self":[{"href":"https:\/\/108giahoa.com\/index.php?rest_route=\/wp\/v2\/product\/29451","targetHints":{"allow":["GET"]}}],"collection":[{"href":"https:\/\/108giahoa.com\/index.php?rest_route=\/wp\/v2\/product"}],"about":[{"href":"https:\/\/108giahoa.com\/index.php?rest_route=\/wp\/v2\/types\/product"}],"replies":[{"embeddable":true,"href":"https:\/\/108giahoa.com\/index.php?rest_route=%2Fwp%2Fv2%2Fcomments&post=29451"}],"version-history":[{"count":3,"href":"https:\/\/108giahoa.com\/index.php?rest_route=\/wp\/v2\/product\/29451\/revisions"}],"predecessor-version":[{"id":29454,"href":"https:\/\/108giahoa.com\/index.php?rest_route=\/wp\/v2\/product\/29451\/revisions\/29454"}],"wp:featuredmedia":[{"embeddable":true,"href":"https:\/\/108giahoa.com\/index.php?rest_route=\/wp\/v2\/media\/29452"}],"wp:attachment":[{"href":"https:\/\/108giahoa.com\/index.php?rest_route=%2Fwp%2Fv2%2Fmedia&parent=29451"}],"wp:term":[{"taxonomy":"product_brand","embeddable":true,"href":"https:\/\/108giahoa.com\/index.php?rest_route=%2Fwp%2Fv2%2Fproduct_brand&post=29451"},{"taxonomy":"product_cat","embeddable":true,"href":"https:\/\/108giahoa.com\/index.php?rest_route=%2Fwp%2Fv2%2Fproduct_cat&post=29451"},{"taxonomy":"product_tag","embeddable":true,"href":"https:\/\/108giahoa.com\/index.php?rest_route=%2Fwp%2Fv2%2Fproduct_tag&post=29451"}],"curies":[{"name":"wp","href":"https:\/\/api.w.org\/{rel}","templated":true}]}}