{"id":29470,"date":"2026-02-23T06:35:18","date_gmt":"2026-02-23T06:35:18","guid":{"rendered":"https:\/\/108giahoa.com\/?post_type=product&#038;p=29470"},"modified":"2026-02-23T06:35:18","modified_gmt":"2026-02-23T06:35:18","slug":"may-cham-cong-van-tay-ronald-jack-tm2800-wifi","status":"publish","type":"product","link":"https:\/\/108giahoa.com\/?product=may-cham-cong-van-tay-ronald-jack-tm2800-wifi","title":{"rendered":"M\u00e1y ch\u1ea5m c\u00f4ng v\u00e2n tay RONALD JACK TM2800 WIFI"},"content":{"rendered":"<p>&#8211; C\u00f4ng su\u1ea5t ch\u1ee9a 3.000 v\u00e2n tay, 3.000 th\u1ebb c\u1ea3m \u1ee9ng, m\u00e3 s\u1ed1<br \/>\n&#8211; B\u1ed9 nh\u1edb : 193.000 l\u1ea7n ch\u1ea5m c\u00f4ng<br \/>\n&#8211; K\u1ebft n\u1ed1i v\u1edbi m\u00e1y t\u00ednh qua c\u1ed5ng WIFI<br \/>\n&#8211; Truy xu\u1ea5t d\u1eef li\u1ec7u qua m\u00e1y t\u00ednh &amp; c\u1ed5ng Usb<br \/>\n&#8211; Th\u1eddi gian ch\u1ea5m c\u00f4ng &lt; 0.6 gi\u00e2y<br \/>\n&#8211; M\u00e0n h\u00ecnh m\u00e0u 2,4 inches<br \/>\n&#8211; M\u1eaft \u0111\u1ecdc c\u1ea3m bi\u1ebfn quang h\u1ecdc<br \/>\n&#8211; Th\u1ebb s\u1eed d\u1ee5ng l\u00e0 th\u1ebb c\u1ea3m \u1ee9ng 125 Khz<br \/>\n&#8211; K\u00edch th\u01b0\u1edbc: 160x130x40mm. N\u1eb7ng : 600G<br \/>\n&#8211; Ng\u00f4n Ng\u1eef: Anh \u2013 Vi\u1ec7t, Ng\u00f4n ng\u1eef kh\u00e1c<br \/>\n&#8211; Ngu\u1ed3n 5v, 1a. Adapter d\u00e0i 1 m\u00e9t k\u00e8m theo<br \/>\n&#8211; Ph\u00f9 h\u1ee3p cho v\u0103n ph\u00f2ng 5-100 ng\u01b0\u1eddi<\/p>\n","protected":false},"excerpt":{"rendered":"<p>&#8211; C\u00f4ng su\u1ea5t ch\u1ee9a 3.000 v\u00e2n tay, 3.000 th\u1ebb c\u1ea3m \u1ee9ng, m\u00e3 s\u1ed1 &#8211; B\u1ed9 nh\u1edb : 193.000 l\u1ea7n ch\u1ea5m<\/p>\n","protected":false},"featured_media":29471,"comment_status":"open","ping_status":"closed","template":"","meta":[],"product_brand":[121],"product_cat":[91],"product_tag":[],"class_list":{"0":"post-29470","1":"product","2":"type-product","3":"status-publish","4":"has-post-thumbnail","6":"product_brand-may-cham-cong","7":"product_cat-thiet-bi-cntt","9":"first","10":"instock","11":"shipping-taxable","12":"product-type-simple"},"_links":{"self":[{"href":"https:\/\/108giahoa.com\/index.php?rest_route=\/wp\/v2\/product\/29470","targetHints":{"allow":["GET"]}}],"collection":[{"href":"https:\/\/108giahoa.com\/index.php?rest_route=\/wp\/v2\/product"}],"about":[{"href":"https:\/\/108giahoa.com\/index.php?rest_route=\/wp\/v2\/types\/product"}],"replies":[{"embeddable":true,"href":"https:\/\/108giahoa.com\/index.php?rest_route=%2Fwp%2Fv2%2Fcomments&post=29470"}],"version-history":[{"count":1,"href":"https:\/\/108giahoa.com\/index.php?rest_route=\/wp\/v2\/product\/29470\/revisions"}],"predecessor-version":[{"id":29472,"href":"https:\/\/108giahoa.com\/index.php?rest_route=\/wp\/v2\/product\/29470\/revisions\/29472"}],"wp:featuredmedia":[{"embeddable":true,"href":"https:\/\/108giahoa.com\/index.php?rest_route=\/wp\/v2\/media\/29471"}],"wp:attachment":[{"href":"https:\/\/108giahoa.com\/index.php?rest_route=%2Fwp%2Fv2%2Fmedia&parent=29470"}],"wp:term":[{"taxonomy":"product_brand","embeddable":true,"href":"https:\/\/108giahoa.com\/index.php?rest_route=%2Fwp%2Fv2%2Fproduct_brand&post=29470"},{"taxonomy":"product_cat","embeddable":true,"href":"https:\/\/108giahoa.com\/index.php?rest_route=%2Fwp%2Fv2%2Fproduct_cat&post=29470"},{"taxonomy":"product_tag","embeddable":true,"href":"https:\/\/108giahoa.com\/index.php?rest_route=%2Fwp%2Fv2%2Fproduct_tag&post=29470"}],"curies":[{"name":"wp","href":"https:\/\/api.w.org\/{rel}","templated":true}]}}