{"id":29473,"date":"2026-02-23T06:44:05","date_gmt":"2026-02-23T06:44:05","guid":{"rendered":"https:\/\/108giahoa.com\/?post_type=product&#038;p=29473"},"modified":"2026-02-23T07:00:55","modified_gmt":"2026-02-23T07:00:55","slug":"camera-imou-2-mat-xoay-ipc-s7xep-10m0wed","status":"publish","type":"product","link":"https:\/\/108giahoa.com\/?product=camera-imou-2-mat-xoay-ipc-s7xep-10m0wed","title":{"rendered":"CAMERA WIFI NGO\u00c0I TR\u1edcI IMOU 2 M\u1eaeT XOAY IPC-S7XEP-10M0WED"},"content":{"rendered":"<p><strong>Camera wifi 2 \u1ed1ng k\u00ednh quay qu\u00e9t ngo\u00e0i tr\u1eddi 10MP<\/strong><br \/>\n\u2022 2 \u1ed0ng k\u00ednh (5.0 MP cho \u1ed1ng k\u00ednh c\u1ed1 \u0111\u1ecbnh v\u00e0 5.0 MP cho \u1ed1ng k\u00ednh quay qu\u00e9t).<br \/>\n\u2022 \u1ed0ng k\u00ednh c\u1ed1 \u0111\u1ecbnh <strong>g\u00f3c 0~260\u00b0<\/strong><br \/>\n\u2022 \u1ed0ng k\u00ednh quay qu\u00e9t c\u00f3 th\u1ec3 \u0111i\u1ec1u khi\u1ec3n t\u1eeb xa, <strong>g\u00f3c quay ngang 0~355\u00b0, g\u00f3c quay d\u1ecdc 0~90\u00b0.<\/strong><br \/>\n\u2022 Ch\u1ebf \u0111\u1ed9 \u00e1nh s\u00e1ng k\u00e9p th\u00f4ng minh 4 ch\u1ebf \u0111\u1ed9 ban \u0111\u00eam, <strong>H\u1ed3ng ngo\u1ea1i v\u00e0 \u0111\u00e8n LED tr\u00ean c\u1ea3 2 \u1ed1ng k\u00ednh, t\u1ea7m xa 30m<\/strong><br \/>\n\u2022 \u0110\u00e0m tho\u1ea1i 2 chi\u1ec1u v\u1edbi mic v\u00e0 loa t\u00edch h\u1ee3p s\u1eb5n<br \/>\n\u2022 <strong>H\u1ed7 tr\u1ee3 Smart tracking.<\/strong><br \/>\n<strong>\u2022 H\u1ed7 tr\u1ee3 IMOU Algo Play: ph\u00e1t hi\u1ec7n xe, ph\u00e1t hi\u1ec7n ng\u01b0\u1eddi, X\u00e2m nh\u1eadp, V\u1ea1ch k\u1ebb, ph\u00e1t hi\u1ec7n v\u1eafng m\u1eb7t.<\/strong><br \/>\n<strong>\u2022 B\u00e1o \u0111\u1ed9ng ch\u1ee7 \u0111\u1ed9ng b\u1eb1ng c\u00f2i 110dB v\u00e0 \u0111\u00e8n ch\u1edbp xanh \u0111\u1ecf<\/strong><br \/>\n\u2022 H\u1ed7 tr\u1ee3 k\u1ebft n\u1ed1i <strong>Wi-Fi 6 2.4GHz<\/strong>, C\u1ed5ng LAN<br \/>\n\u2022 Khe c\u1eafm th\u1ebb nh\u1edb Micro SD <strong>max 512GB<\/strong>. H\u1ed7 tr\u1ee3 ONVIF. Ch\u1ea5t li\u1ec7u v\u1ecf plastic.<\/p>\n","protected":false},"excerpt":{"rendered":"<p>Camera wifi 2 \u1ed1ng k\u00ednh quay qu\u00e9t ngo\u00e0i tr\u1eddi 10MP \u2022 2 \u1ed0ng k\u00ednh (5.0 MP cho \u1ed1ng k\u00ednh c\u1ed1<\/p>\n","protected":false},"featured_media":29474,"comment_status":"open","ping_status":"closed","template":"","meta":[],"product_brand":[122],"product_cat":[92],"product_tag":[],"class_list":{"0":"post-29473","1":"product","2":"type-product","3":"status-publish","4":"has-post-thumbnail","6":"product_brand-imou","7":"product_cat-camera-quan-sat","9":"first","10":"instock","11":"shipping-taxable","12":"product-type-simple"},"_links":{"self":[{"href":"https:\/\/108giahoa.com\/index.php?rest_route=\/wp\/v2\/product\/29473","targetHints":{"allow":["GET"]}}],"collection":[{"href":"https:\/\/108giahoa.com\/index.php?rest_route=\/wp\/v2\/product"}],"about":[{"href":"https:\/\/108giahoa.com\/index.php?rest_route=\/wp\/v2\/types\/product"}],"replies":[{"embeddable":true,"href":"https:\/\/108giahoa.com\/index.php?rest_route=%2Fwp%2Fv2%2Fcomments&post=29473"}],"version-history":[{"count":2,"href":"https:\/\/108giahoa.com\/index.php?rest_route=\/wp\/v2\/product\/29473\/revisions"}],"predecessor-version":[{"id":29486,"href":"https:\/\/108giahoa.com\/index.php?rest_route=\/wp\/v2\/product\/29473\/revisions\/29486"}],"wp:featuredmedia":[{"embeddable":true,"href":"https:\/\/108giahoa.com\/index.php?rest_route=\/wp\/v2\/media\/29474"}],"wp:attachment":[{"href":"https:\/\/108giahoa.com\/index.php?rest_route=%2Fwp%2Fv2%2Fmedia&parent=29473"}],"wp:term":[{"taxonomy":"product_brand","embeddable":true,"href":"https:\/\/108giahoa.com\/index.php?rest_route=%2Fwp%2Fv2%2Fproduct_brand&post=29473"},{"taxonomy":"product_cat","embeddable":true,"href":"https:\/\/108giahoa.com\/index.php?rest_route=%2Fwp%2Fv2%2Fproduct_cat&post=29473"},{"taxonomy":"product_tag","embeddable":true,"href":"https:\/\/108giahoa.com\/index.php?rest_route=%2Fwp%2Fv2%2Fproduct_tag&post=29473"}],"curies":[{"name":"wp","href":"https:\/\/api.w.org\/{rel}","templated":true}]}}