{"id":29476,"date":"2026-02-23T06:48:12","date_gmt":"2026-02-23T06:48:12","guid":{"rendered":"https:\/\/108giahoa.com\/?post_type=product&#038;p=29476"},"modified":"2026-02-23T06:59:27","modified_gmt":"2026-02-23T06:59:27","slug":"camera-imou-ipc-s7up-11m0wed","status":"publish","type":"product","link":"https:\/\/108giahoa.com\/?product=camera-imou-ipc-s7up-11m0wed","title":{"rendered":"CAMERA WIFI NGO\u00c0I TR\u1edcI 3 \u1ed0NG K\u00cdNH IMOU IPC-S7UP-11M0WED (11MP)"},"content":{"rendered":"<p><strong>Camera WiFi 3 \u1ed1ng k\u00ednh quay qu\u00e9t ngo\u00e0i tr\u1eddi 11MP<\/strong><br \/>\n\u2022 3 \u1ed0ng k\u00ednh v\u1edbi \u0111\u1ed9 ph\u00e2n gi\u1ea3i <strong>11.0MP<\/strong> (3.0 MP cho 2 \u1ed1ng k\u00ednh c\u1ed1 \u0111\u1ecbnh v\u00e0 5.0 MP cho \u1ed1ng k\u00ednh quay qu\u00e9t).<br \/>\n\u2022 \u1ed0ng k\u00ednh c\u1ed1 \u0111\u1ecbnh 3.6mm (g\u00f3c nh\u00ecn 87\u00b0)<br \/>\n\u2022 \u1ed0ng k\u00ednh quay qu\u00e9t 6mm (g\u00f3c nh\u00ecn 51\u00b0) c\u00f3 th\u1ec3 \u0111i\u1ec1u khi\u1ec3n t\u1eeb xa, g\u00f3c quay ngang 0~355\u00b0, g\u00f3c quay d\u1ecdc 0~90\u00b0.<br \/>\n\u2022 Ch\u1ed1ng ng\u01b0\u1ee3c s\u00e1ng HDR<br \/>\n\u2022 Ch\u1ebf \u0111\u1ed9 \u00e1nh s\u00e1ng k\u00e9p th\u00f4ng minh 4 ch\u1ebf \u0111\u1ed9 ban \u0111\u00eam, <strong>H\u1ed3ng ngo\u1ea1i v\u00e0 \u0111\u00e8n LED tr\u00ean c\u1ea3 3 \u1ed1ng k\u00ednh, t\u1ea7m xa 30m<\/strong><br \/>\n\u2022 \u0110\u00e0m tho\u1ea1i 2 chi\u1ec1u v\u1edbi mic v\u00e0 loa t\u00edch h\u1ee3p s\u1eb5n<br \/>\n\u2022 <strong>H\u1ed7 tr\u1ee3 c\u00e1c t\u00ednh n\u0103ng th\u00f4ng minh AI GoPlay: ph\u00e1t hi\u1ec7n chuy\u1ec3n \u0111\u1ed9ng, ph\u00e1t hi\u1ec7n con ng\u01b0\u1eddi, ph\u00e1t hi\u1ec7n xe c\u1ed9, ph\u00e1t hi\u1ec7n x\u00e2m nh\u1eadp( ph\u00e2n bi\u1ec7t ng\u01b0\u1eddi\/ xe), ph\u00e1t hi\u1ec7n v\u01b0\u1ee3t r\u00e0o (ph\u00e2n bi\u1ec7t ng\u01b0\u1eddi\/ xe), theo d\u00f5i \u0111\u1ed1i t\u01b0\u1ee3ng Smart Tracking, t\u1ef1 \u0111\u1ed9ng Tour theo \u0111i\u1ec3m<\/strong><br \/>\n<strong>\u2022 B\u00e1o \u0111\u1ed9ng ch\u1ee7 \u0111\u1ed9ng b\u1eb1ng \u0111\u00e8n xanh \u0111\u1ecf v\u00e0 c\u00f2i t\u1ea1i camera, t\u00f9y ch\u1ec9nh \u00e2m thanh b\u00e1o \u0111\u1ed9ng.<\/strong><br \/>\n<strong>\u2022 H\u1ed7 tr\u1ee3 k\u1ebft n\u1ed1i Wi-Fi 6 (b\u0103ng t\u1ea7n 2.4GHz),<\/strong> C\u1ed5ng LAN<br \/>\n\u2022 H\u1ed7 tr\u1ee3 <strong>2 khe c\u1eafm th\u1ebb nh\u1edb Micro SD<\/strong>. T\u1ed5ng dung l\u01b0\u1ee3ng <strong>l\u00ean \u0111\u1ebfn 1024GB<\/strong> v\u1edbi ch\u1ebf \u0111\u1ed9 ghi h\u00ecnh AOR ti\u1ebft ki\u1ec7m nhi\u1ec1u kh\u00f4ng gian l\u01b0u tr\u1eef h\u01a1n.<br \/>\n\u2022 Ngu\u1ed3n: DC 12V1.5A, \u0111i\u1ec7n n\u0103ng ti\u00eau th\u1ee5 &lt;18W<br \/>\n\u2022 Ch\u1ea5t li\u1ec7u v\u1ecf plastic.<\/p>\n","protected":false},"excerpt":{"rendered":"<p>Camera WiFi 3 \u1ed1ng k\u00ednh quay qu\u00e9t ngo\u00e0i tr\u1eddi 11MP \u2022 3 \u1ed0ng k\u00ednh v\u1edbi \u0111\u1ed9 ph\u00e2n gi\u1ea3i 11.0MP (3.0<\/p>\n","protected":false},"featured_media":29477,"comment_status":"open","ping_status":"closed","template":"","meta":[],"product_brand":[122],"product_cat":[92],"product_tag":[],"class_list":{"0":"post-29476","1":"product","2":"type-product","3":"status-publish","4":"has-post-thumbnail","6":"product_brand-imou","7":"product_cat-camera-quan-sat","9":"first","10":"instock","11":"shipping-taxable","12":"product-type-simple"},"_links":{"self":[{"href":"https:\/\/108giahoa.com\/index.php?rest_route=\/wp\/v2\/product\/29476","targetHints":{"allow":["GET"]}}],"collection":[{"href":"https:\/\/108giahoa.com\/index.php?rest_route=\/wp\/v2\/product"}],"about":[{"href":"https:\/\/108giahoa.com\/index.php?rest_route=\/wp\/v2\/types\/product"}],"replies":[{"embeddable":true,"href":"https:\/\/108giahoa.com\/index.php?rest_route=%2Fwp%2Fv2%2Fcomments&post=29476"}],"version-history":[{"count":3,"href":"https:\/\/108giahoa.com\/index.php?rest_route=\/wp\/v2\/product\/29476\/revisions"}],"predecessor-version":[{"id":29485,"href":"https:\/\/108giahoa.com\/index.php?rest_route=\/wp\/v2\/product\/29476\/revisions\/29485"}],"wp:featuredmedia":[{"embeddable":true,"href":"https:\/\/108giahoa.com\/index.php?rest_route=\/wp\/v2\/media\/29477"}],"wp:attachment":[{"href":"https:\/\/108giahoa.com\/index.php?rest_route=%2Fwp%2Fv2%2Fmedia&parent=29476"}],"wp:term":[{"taxonomy":"product_brand","embeddable":true,"href":"https:\/\/108giahoa.com\/index.php?rest_route=%2Fwp%2Fv2%2Fproduct_brand&post=29476"},{"taxonomy":"product_cat","embeddable":true,"href":"https:\/\/108giahoa.com\/index.php?rest_route=%2Fwp%2Fv2%2Fproduct_cat&post=29476"},{"taxonomy":"product_tag","embeddable":true,"href":"https:\/\/108giahoa.com\/index.php?rest_route=%2Fwp%2Fv2%2Fproduct_tag&post=29476"}],"curies":[{"name":"wp","href":"https:\/\/api.w.org\/{rel}","templated":true}]}}