{"id":29489,"date":"2026-02-23T07:05:58","date_gmt":"2026-02-23T07:05:58","guid":{"rendered":"https:\/\/108giahoa.com\/?post_type=product&#038;p=29489"},"modified":"2026-02-23T07:05:59","modified_gmt":"2026-02-23T07:05:59","slug":"camera-wifi-ngoai-troi-imou-ipc-f52p-5-0mp","status":"publish","type":"product","link":"https:\/\/108giahoa.com\/?product=camera-wifi-ngoai-troi-imou-ipc-f52p-5-0mp","title":{"rendered":"CAMERA WIFI NGO\u00c0I TR\u1edcI IMOU IPC-F52P (5.0MP)"},"content":{"rendered":"<p><strong>Camera wifi th\u00e2n c\u1ed1 \u0111\u1ecbnh ngo\u00e0i tr\u1eddi 5.0MP<\/strong><br \/>\n\u2022 \u0110\u1ed9 ph\u00e2n gi\u1ea3i 3MP c\u1ea3m bi\u1ebfn 1\/3.06&#8243; CMOS, 20fps@5.0M(2880*1620)<br \/>\n\u2022 <strong>\u1ed0ng k\u00ednh c\u1ed1 \u0111\u1ecbnh 2.8mm cho g\u00f3c nh\u00ecn 95\u00b0(H)<\/strong><br \/>\n\u2022 Chu\u1ea9n n\u00e9n H.265, Ch\u1ebf \u0111\u1ed9 ng\u00e0y \u0111\u00eam(ICR), ch\u1ed1ng ng\u01b0\u1ee3c s\u00e1ng HDR<br \/>\n\u2022 <strong>T\u1ea7m nh\u00ecn ban \u0111\u00eam 30m<\/strong><br \/>\n<strong>\u2022 T\u00edch h\u1ee3p mic<\/strong><br \/>\n\u2022 <strong>H\u1ed7 tr\u1ee3 c\u00f4ng ngh\u1ec7 th\u00f4ng minh: Ph\u00e1t hi\u1ec7n chuy\u1ec3n \u0111\u1ed9ng, ph\u00e1t hi\u1ec7n con ng\u01b0\u1eddi.<\/strong><br \/>\n\u2022 H\u1ed7 tr\u1ee3 khe c\u1eafm th\u1ebb nh\u1edb Micro SD l\u00ean \u0111\u1ebfn <strong>512GB<\/strong><br \/>\n\u2022 T\u00edch h\u1ee3p <strong>Wi-Fi 6 (2.4GHz),<\/strong> 2 \u0103ng-ten gi\u00fap b\u1eaft s\u00f3ng t\u1ed1t h\u01a1n.<br \/>\n\u2022 H\u1ed7 tr\u1ee3: LAN, CLOUD, ONVIF<br \/>\n\u2022 Ngu\u1ed3n: DC12V0.5A, \u0111i\u1ec7n n\u0103ng ti\u00eau th\u1ee5 &lt;6W<br \/>\n\u2022 Chu\u1ea9n ch\u1ed1ng n\u01b0\u1edbc IP67, ch\u1ea5t li\u1ec7u v\u1ecf nh\u1ef1a<\/p>\n","protected":false},"excerpt":{"rendered":"<p>Camera wifi th\u00e2n c\u1ed1 \u0111\u1ecbnh ngo\u00e0i tr\u1eddi 5.0MP \u2022 \u0110\u1ed9 ph\u00e2n gi\u1ea3i 3MP c\u1ea3m bi\u1ebfn 1\/3.06&#8243; CMOS, 20fps@5.0M(2880*1620) \u2022 \u1ed0ng<\/p>\n","protected":false},"featured_media":29480,"comment_status":"open","ping_status":"closed","template":"","meta":[],"product_brand":[122],"product_cat":[92],"product_tag":[],"class_list":{"0":"post-29489","1":"product","2":"type-product","3":"status-publish","4":"has-post-thumbnail","6":"product_brand-imou","7":"product_cat-camera-quan-sat","9":"first","10":"instock","11":"shipping-taxable","12":"product-type-simple"},"_links":{"self":[{"href":"https:\/\/108giahoa.com\/index.php?rest_route=\/wp\/v2\/product\/29489","targetHints":{"allow":["GET"]}}],"collection":[{"href":"https:\/\/108giahoa.com\/index.php?rest_route=\/wp\/v2\/product"}],"about":[{"href":"https:\/\/108giahoa.com\/index.php?rest_route=\/wp\/v2\/types\/product"}],"replies":[{"embeddable":true,"href":"https:\/\/108giahoa.com\/index.php?rest_route=%2Fwp%2Fv2%2Fcomments&post=29489"}],"version-history":[{"count":1,"href":"https:\/\/108giahoa.com\/index.php?rest_route=\/wp\/v2\/product\/29489\/revisions"}],"predecessor-version":[{"id":29490,"href":"https:\/\/108giahoa.com\/index.php?rest_route=\/wp\/v2\/product\/29489\/revisions\/29490"}],"wp:featuredmedia":[{"embeddable":true,"href":"https:\/\/108giahoa.com\/index.php?rest_route=\/wp\/v2\/media\/29480"}],"wp:attachment":[{"href":"https:\/\/108giahoa.com\/index.php?rest_route=%2Fwp%2Fv2%2Fmedia&parent=29489"}],"wp:term":[{"taxonomy":"product_brand","embeddable":true,"href":"https:\/\/108giahoa.com\/index.php?rest_route=%2Fwp%2Fv2%2Fproduct_brand&post=29489"},{"taxonomy":"product_cat","embeddable":true,"href":"https:\/\/108giahoa.com\/index.php?rest_route=%2Fwp%2Fv2%2Fproduct_cat&post=29489"},{"taxonomy":"product_tag","embeddable":true,"href":"https:\/\/108giahoa.com\/index.php?rest_route=%2Fwp%2Fv2%2Fproduct_tag&post=29489"}],"curies":[{"name":"wp","href":"https:\/\/api.w.org\/{rel}","templated":true}]}}