{"id":29494,"date":"2026-02-23T07:13:09","date_gmt":"2026-02-23T07:13:09","guid":{"rendered":"https:\/\/108giahoa.com\/?post_type=product&#038;p=29494"},"modified":"2026-02-23T07:13:10","modified_gmt":"2026-02-23T07:13:10","slug":"camera-wifi-ngoai-troi-imou-ipc-s3ep-5m0we-5-0mp","status":"publish","type":"product","link":"https:\/\/108giahoa.com\/?product=camera-wifi-ngoai-troi-imou-ipc-s3ep-5m0we-5-0mp","title":{"rendered":"CAMERA WIFI NGO\u00c0I TR\u1edcI IMOU IPC-S3EP-5M0WE (5.0MP)"},"content":{"rendered":"<p><strong>Camera Wifi th\u00e2n c\u1ed1 \u0111\u1ecbnh ngo\u00e0i tr\u1eddi Full color 5.0MP<\/strong><br \/>\n\u2022 \u0110\u1ed9 ph\u00e2n gi\u1ea3i 5.0 MP 3K , c\u1ea3m bi\u1ebfn CMOS k\u00edch th\u01b0\u1edbc 1\/2.8\u201d, 25fps@3.0MP(2304&#215;1296)<br \/>\n\u2022 <strong>\u1ed0ng k\u00ednh c\u1ed1 \u0111\u1ecbnh 2.8mm cho g\u00f3c nh\u00ecn 94\u00b0(H), 52\u00b0(V), 111\u00b0(D)<\/strong><br \/>\n\u2022 Chu\u1ea9n n\u00e9n H.265<br \/>\n\u2022 Ch\u1ed1ng ng\u01b0\u1ee3c s\u00e1ng HDR<br \/>\n\u2022 <strong>T\u1ea7m nh\u00ecn ban \u0111\u00eam 30m<\/strong> v\u1edbi \u0111\u00e8n h\u1ed3ng ngo\u1ea1i v\u00e0 \u0111\u00e8n led, h\u1ed7 tr\u1ee3 4 ch\u1ebf \u0111\u1ed9 \u00e1nh s\u00e1ng ban \u0111\u00eam (h\u1ed3ng ngo\u1ea1i, Full Color, Th\u00f4ng minh, T\u1eaft)<br \/>\n\u2022 T\u00edch h\u1ee3p mic v\u00e0 loa, h\u1ed7 tr\u1ee3 \u0111\u00e0m tho\u1ea1i 2 chi\u1ec1u<br \/>\n\u2022 <strong>Trang b\u1ecb IMOU SENSE v\u1edbi t\u00ednh n\u0103ng ph\u00e1t hi\u1ec7n con ng\u01b0\u1eddi, ph\u00e1t hi\u1ec7n xe, ph\u00e1t hi\u1ec7n chuy\u1ec3n \u0111\u1ed9ng<\/strong><br \/>\n<strong>\u2022 C\u1ea3nh b\u00e1o ch\u1ee7 \u0111\u1ed9ng b\u1eb1ng c\u00f2i h\u00fa (110dB) v\u00e0 \u0111\u00e8n ch\u1edbp<\/strong><br \/>\n\u2022 H\u1ed7 tr\u1ee3 khe c\u1eafm th\u1ebb nh\u1edb Micro SD l\u00ean \u0111\u1ebfn <strong>512GB<\/strong><br \/>\n\u2022 H\u1ed7 tr\u1ee3 chu\u1ea9n ONVIF, Cloud (IMOU Protect)<br \/>\n\u2022 K\u1ebft n\u1ed1i <strong>WIFI 6 (2.4 GHz)<\/strong>, \u0103ng-ten k\u00e9p . K\u1ebft n\u1ed1i m\u1ea1ng LAN<br \/>\n\u2022 Ngu\u1ed3n c\u1ea5p: DC12V1A, C\u00f4ng su\u1ea5t &lt;12W<br \/>\n\u2022 Ch\u1ea5t li\u1ec7u v\u1ecf kim lo\u1ea1i + nh\u1ef1a, IP67<\/p>\n","protected":false},"excerpt":{"rendered":"<p>Camera Wifi th\u00e2n c\u1ed1 \u0111\u1ecbnh ngo\u00e0i tr\u1eddi Full color 5.0MP \u2022 \u0110\u1ed9 ph\u00e2n gi\u1ea3i 5.0 MP 3K , c\u1ea3m bi\u1ebfn<\/p>\n","protected":false},"featured_media":29492,"comment_status":"open","ping_status":"closed","template":"","meta":[],"product_brand":[122],"product_cat":[92],"product_tag":[],"class_list":{"0":"post-29494","1":"product","2":"type-product","3":"status-publish","4":"has-post-thumbnail","6":"product_brand-imou","7":"product_cat-camera-quan-sat","9":"first","10":"instock","11":"shipping-taxable","12":"product-type-simple"},"_links":{"self":[{"href":"https:\/\/108giahoa.com\/index.php?rest_route=\/wp\/v2\/product\/29494","targetHints":{"allow":["GET"]}}],"collection":[{"href":"https:\/\/108giahoa.com\/index.php?rest_route=\/wp\/v2\/product"}],"about":[{"href":"https:\/\/108giahoa.com\/index.php?rest_route=\/wp\/v2\/types\/product"}],"replies":[{"embeddable":true,"href":"https:\/\/108giahoa.com\/index.php?rest_route=%2Fwp%2Fv2%2Fcomments&post=29494"}],"version-history":[{"count":1,"href":"https:\/\/108giahoa.com\/index.php?rest_route=\/wp\/v2\/product\/29494\/revisions"}],"predecessor-version":[{"id":29495,"href":"https:\/\/108giahoa.com\/index.php?rest_route=\/wp\/v2\/product\/29494\/revisions\/29495"}],"wp:featuredmedia":[{"embeddable":true,"href":"https:\/\/108giahoa.com\/index.php?rest_route=\/wp\/v2\/media\/29492"}],"wp:attachment":[{"href":"https:\/\/108giahoa.com\/index.php?rest_route=%2Fwp%2Fv2%2Fmedia&parent=29494"}],"wp:term":[{"taxonomy":"product_brand","embeddable":true,"href":"https:\/\/108giahoa.com\/index.php?rest_route=%2Fwp%2Fv2%2Fproduct_brand&post=29494"},{"taxonomy":"product_cat","embeddable":true,"href":"https:\/\/108giahoa.com\/index.php?rest_route=%2Fwp%2Fv2%2Fproduct_cat&post=29494"},{"taxonomy":"product_tag","embeddable":true,"href":"https:\/\/108giahoa.com\/index.php?rest_route=%2Fwp%2Fv2%2Fproduct_tag&post=29494"}],"curies":[{"name":"wp","href":"https:\/\/api.w.org\/{rel}","templated":true}]}}