{"id":29499,"date":"2026-02-23T07:18:40","date_gmt":"2026-02-23T07:18:40","guid":{"rendered":"https:\/\/108giahoa.com\/?post_type=product&#038;p=29499"},"modified":"2026-02-23T07:18:41","modified_gmt":"2026-02-23T07:18:41","slug":"camera-wifi-pt-imou-ipc-s51fep-5-0mp","status":"publish","type":"product","link":"https:\/\/108giahoa.com\/?product=camera-wifi-pt-imou-ipc-s51fep-5-0mp","title":{"rendered":"CAMERA WIFI PT IMOU IPC-S51FEP (5.0MP)"},"content":{"rendered":"<p><strong>Camera Wifi PT Full Color 5.0MP<\/strong><br \/>\n\u2022 \u0110\u1ed9 ph\u00e2n gi\u1ea3i 5.0 MP, c\u1ea3m bi\u1ebfn CMOS k\u00edch th\u01b0\u1edbc 1\/3\u201d, 20fps@5.0M(2880&#215;1620)<br \/>\n\u2022 <strong>\u1ed0ng k\u00ednh c\u1ed1 \u0111\u1ecbnh 3.6mm cho g\u00f3c nh\u00ecn 73\u00b0(H)<\/strong><br \/>\n<strong>\u2022 H\u1ed7 tr\u1ee3 quay qu\u00e9t: ngang 0-355\u00b0, d\u1ecdc 0-90\u00b0<\/strong><br \/>\n\u2022 Chu\u1ea9n n\u00e9n H.265, Ch\u1ebf \u0111\u1ed9 ng\u00e0y \u0111\u00eam(ICR), ch\u1ed1ng ng\u01b0\u1ee3c s\u00e1ng HDR<br \/>\n\u2022 Ch\u1ebf \u0111\u1ed9 ban \u0111\u00eam th\u00f4ng minh v\u1edbi 4 ch\u1ebf \u0111\u1ed9 s\u00e1ng: T<strong>\u1ef1 \u0111\u1ed9ng, Full Color, H\u1ed3ng ngo\u1ea1i v\u00e0 t\u1eaft. T\u1ea7m nh\u00ecn ban \u0111\u00eam 30m<\/strong><br \/>\n\u2022 C\u1ea3nh b\u00e1o ch\u1ee7 \u0111\u1ed9ng: <strong>b\u1eadt c\u00f2i h\u00fa v\u00e0 \u0111\u00e8n ch\u1edbp khi ph\u00e1t hi\u1ec7n c\u00f3 \u0111\u1ed1i t\u01b0\u1ee3ng x\u00e2m nh\u1eadp.<\/strong><br \/>\n\u2022 T\u00edch h\u1ee3p mic v\u00e0 loa, h\u1ed7 tr\u1ee3 \u0111\u00e0m tho\u1ea1i 2 chi\u1ec1u<br \/>\n\u2022 <strong>H\u1ed7 tr\u1ee3 c\u00e1c t\u00ednh n\u0103ng th\u00f4ng minh nh\u01b0 ph\u00e1t hi\u1ec7n con ng\u01b0\u1eddi, ph\u00e1t hi\u1ec7n chuy\u1ec3n \u0111\u1ed9ng, Theo d\u00f5i \u0111\u1ed1i t\u01b0\u1ee3ng Smart Tracking.<\/strong><br \/>\n\u2022 H\u1ed7 tr\u1ee3 khe c\u1eafm th\u1ebb nh\u1edb Micro SD l\u00ean \u0111\u1ebfn<strong> 512GB<\/strong><br \/>\n\u2022 <strong>H\u1ed7 tr\u1ee3 WIFI 6 (2.4GHz)<\/strong><br \/>\n\u2022 H\u1ed7 tr\u1ee3 chu\u1ea9n ONVIF, Cloud (IMOU PROTECT), LAN, t\u00edch h\u1ee3p 2 \u0103ng-ten gi\u00fap b\u1eaft s\u00f3ng t\u1ed1t h\u01a1n.<br \/>\n\u2022 Ngu\u1ed3n c\u1ea5p: DC12V0.5A, C\u00f4ng su\u1ea5t &lt;6W Ch\u1ed1ng b\u1ee5i n\u01b0\u1edbc IP66<br \/>\n\u2022 Ch\u1ea5t li\u1ec7u v\u1ecf nh\u1ef1a<\/p>\n","protected":false},"excerpt":{"rendered":"<p>Camera Wifi PT Full Color 5.0MP \u2022 \u0110\u1ed9 ph\u00e2n gi\u1ea3i 5.0 MP, c\u1ea3m bi\u1ebfn CMOS k\u00edch th\u01b0\u1edbc 1\/3\u201d, 20fps@5.0M(2880&#215;1620) \u2022<\/p>\n","protected":false},"featured_media":29497,"comment_status":"open","ping_status":"closed","template":"","meta":[],"product_brand":[122],"product_cat":[92],"product_tag":[],"class_list":{"0":"post-29499","1":"product","2":"type-product","3":"status-publish","4":"has-post-thumbnail","6":"product_brand-imou","7":"product_cat-camera-quan-sat","9":"first","10":"instock","11":"shipping-taxable","12":"product-type-simple"},"_links":{"self":[{"href":"https:\/\/108giahoa.com\/index.php?rest_route=\/wp\/v2\/product\/29499","targetHints":{"allow":["GET"]}}],"collection":[{"href":"https:\/\/108giahoa.com\/index.php?rest_route=\/wp\/v2\/product"}],"about":[{"href":"https:\/\/108giahoa.com\/index.php?rest_route=\/wp\/v2\/types\/product"}],"replies":[{"embeddable":true,"href":"https:\/\/108giahoa.com\/index.php?rest_route=%2Fwp%2Fv2%2Fcomments&post=29499"}],"version-history":[{"count":1,"href":"https:\/\/108giahoa.com\/index.php?rest_route=\/wp\/v2\/product\/29499\/revisions"}],"predecessor-version":[{"id":29500,"href":"https:\/\/108giahoa.com\/index.php?rest_route=\/wp\/v2\/product\/29499\/revisions\/29500"}],"wp:featuredmedia":[{"embeddable":true,"href":"https:\/\/108giahoa.com\/index.php?rest_route=\/wp\/v2\/media\/29497"}],"wp:attachment":[{"href":"https:\/\/108giahoa.com\/index.php?rest_route=%2Fwp%2Fv2%2Fmedia&parent=29499"}],"wp:term":[{"taxonomy":"product_brand","embeddable":true,"href":"https:\/\/108giahoa.com\/index.php?rest_route=%2Fwp%2Fv2%2Fproduct_brand&post=29499"},{"taxonomy":"product_cat","embeddable":true,"href":"https:\/\/108giahoa.com\/index.php?rest_route=%2Fwp%2Fv2%2Fproduct_cat&post=29499"},{"taxonomy":"product_tag","embeddable":true,"href":"https:\/\/108giahoa.com\/index.php?rest_route=%2Fwp%2Fv2%2Fproduct_tag&post=29499"}],"curies":[{"name":"wp","href":"https:\/\/api.w.org\/{rel}","templated":true}]}}