{"id":29598,"date":"2026-02-24T06:47:12","date_gmt":"2026-02-24T06:47:12","guid":{"rendered":"https:\/\/108giahoa.com\/?post_type=product&#038;p=29598"},"modified":"2026-02-24T06:47:13","modified_gmt":"2026-02-24T06:47:13","slug":"ram-pc-kingmax-horizon-16gb-ddr5-bus-6000","status":"publish","type":"product","link":"https:\/\/108giahoa.com\/?product=ram-pc-kingmax-horizon-16gb-ddr5-bus-6000","title":{"rendered":"Ram PC Kingmax Horizon 16GB DDR5 bus 6000"},"content":{"rendered":"<ul>\n<li><span class=\"item \">Lo\u1ea1i RAM: DDR5<\/span><\/li>\n<li><span class=\"item \"><i class=\"fa fa-check-circle\"><\/i>Dung l\u01b0\u1ee3ng RAM: 16GB<\/span><\/li>\n<li><span class=\"item \"><i class=\"fa fa-check-circle\"><\/i>Bus ram: 6000 Mhz<\/span><\/li>\n<li><span class=\"item \"><i class=\"fa fa-check-circle\"><\/i>\u0110\u00e8n Led: Kh\u00f4ng LED<\/span><\/li>\n<li><span class=\"item hide d-block\"><i class=\"fa fa-check-circle\"><\/i>T\u1ea3n nhi\u1ec7t: C\u00f3<\/span><\/li>\n<li><span class=\"item hide d-block\"><i class=\"fa fa-check-circle\"><\/i>T\u1ef1 \u0111\u1ed9ng s\u1eeda l\u1ed7i: Non-ECC<\/span><\/li>\n<li><span class=\"item hide d-block\"><i class=\"fa fa-check-circle\"><\/i>Hi\u1ec7u \u0111i\u1ec7n th\u1ebf: 1.25 V<\/span><\/li>\n<li><span class=\"item hide d-block\"><i class=\"fa fa-check-circle\"><\/i>\u0110\u1ed9 tr\u1ec5: CL40<\/span><\/li>\n<\/ul>\n","protected":false},"excerpt":{"rendered":"<p>Lo\u1ea1i RAM: DDR5 Dung l\u01b0\u1ee3ng RAM: 16GB Bus ram: 6000 Mhz \u0110\u00e8n Led: Kh\u00f4ng LED T\u1ea3n nhi\u1ec7t: C\u00f3 T\u1ef1 \u0111\u1ed9ng<\/p>\n","protected":false},"featured_media":29599,"comment_status":"open","ping_status":"closed","template":"","meta":[],"product_brand":[125],"product_cat":[123],"product_tag":[],"class_list":{"0":"post-29598","1":"product","2":"type-product","3":"status-publish","4":"has-post-thumbnail","6":"product_brand-ram-vi-tinh","7":"product_cat-linh-kien-tin-hoc","9":"first","10":"instock","11":"shipping-taxable","12":"product-type-simple"},"_links":{"self":[{"href":"https:\/\/108giahoa.com\/index.php?rest_route=\/wp\/v2\/product\/29598","targetHints":{"allow":["GET"]}}],"collection":[{"href":"https:\/\/108giahoa.com\/index.php?rest_route=\/wp\/v2\/product"}],"about":[{"href":"https:\/\/108giahoa.com\/index.php?rest_route=\/wp\/v2\/types\/product"}],"replies":[{"embeddable":true,"href":"https:\/\/108giahoa.com\/index.php?rest_route=%2Fwp%2Fv2%2Fcomments&post=29598"}],"version-history":[{"count":1,"href":"https:\/\/108giahoa.com\/index.php?rest_route=\/wp\/v2\/product\/29598\/revisions"}],"predecessor-version":[{"id":29600,"href":"https:\/\/108giahoa.com\/index.php?rest_route=\/wp\/v2\/product\/29598\/revisions\/29600"}],"wp:featuredmedia":[{"embeddable":true,"href":"https:\/\/108giahoa.com\/index.php?rest_route=\/wp\/v2\/media\/29599"}],"wp:attachment":[{"href":"https:\/\/108giahoa.com\/index.php?rest_route=%2Fwp%2Fv2%2Fmedia&parent=29598"}],"wp:term":[{"taxonomy":"product_brand","embeddable":true,"href":"https:\/\/108giahoa.com\/index.php?rest_route=%2Fwp%2Fv2%2Fproduct_brand&post=29598"},{"taxonomy":"product_cat","embeddable":true,"href":"https:\/\/108giahoa.com\/index.php?rest_route=%2Fwp%2Fv2%2Fproduct_cat&post=29598"},{"taxonomy":"product_tag","embeddable":true,"href":"https:\/\/108giahoa.com\/index.php?rest_route=%2Fwp%2Fv2%2Fproduct_tag&post=29598"}],"curies":[{"name":"wp","href":"https:\/\/api.w.org\/{rel}","templated":true}]}}