{"id":29610,"date":"2026-02-24T07:03:05","date_gmt":"2026-02-24T07:03:05","guid":{"rendered":"https:\/\/108giahoa.com\/?post_type=product&#038;p=29610"},"modified":"2026-02-24T07:03:06","modified_gmt":"2026-02-24T07:03:06","slug":"bo-dinh-tuyen-4g-tenda-4g05","status":"publish","type":"product","link":"https:\/\/108giahoa.com\/?product=bo-dinh-tuyen-4g-tenda-4g05","title":{"rendered":"B\u1ed9 \u0111\u1ecbnh tuy\u1ebfn 4G Tenda 4G05"},"content":{"rendered":"<ul>\n<li><span class=\"item \">Ti\u00eau chu\u1ea9n 4G\/3G: FDD LTE, TDD-LTE, WCDMA<\/span><\/li>\n<li><span class=\"item \"><i class=\"fa fa-check-circle\"><\/i>T\u1ed1c \u0111\u1ed9 wifi: 300Mbps<\/span><\/li>\n<li><span class=\"item \"><i class=\"fa fa-check-circle\"><\/i>C\u00f4ng su\u1ea5t truy\u1ec1n t\u1ea3i wifi: l\u00ean \u0111\u1ebfn 20dBm<\/span><\/li>\n<li><span class=\"item \"><i class=\"fa fa-check-circle\"><\/i>H\u1ed7 tr\u1ee3 4G FDD\/TDD Cat 4, Wifi N300, 1 WAN\/LAN 10\/100Mbps, 1 LAN 10\/100Mbps<\/span><\/li>\n<li><span class=\"item hide d-block\"><i class=\"fa fa-check-circle\"><\/i>K\u00edch th\u01b0\u1edbc: 116 x 95 x 26mm<\/span><\/li>\n<li><span class=\"item hide d-block\"><i class=\"fa fa-check-circle\"><\/i>Ngu\u1ed3n \u0111i\u1ec7n \u0111\u1ea7u v\u00e0o AC 100V-240V 50\/60Hz<\/span><\/li>\n<li><span class=\"item hide d-block\"><i class=\"fa fa-check-circle\"><\/i>Ngu\u1ed3n \u0111i\u1ec7n \u0111\u1ea7u ra: DC9V==0.6A\u30015V==1A<\/span><\/li>\n<li><span class=\"item hide d-block\"><i class=\"fa fa-check-circle\"><\/i>D\u00f9ng cho vi\u1ec7c l\u1eafp \u0111\u1eb7t camera tr\u00ean \u00f4 t\u00f4, xe kh\u00e1ch, xe du l\u1ecbch, c\u1eeda h\u00e0ng l\u01b0u \u0111\u1ed9ng, n\u00f4ng tr\u1ea1i \u2026<\/span><\/li>\n<\/ul>\n","protected":false},"excerpt":{"rendered":"<p>Ti\u00eau chu\u1ea9n 4G\/3G: FDD LTE, TDD-LTE, WCDMA T\u1ed1c \u0111\u1ed9 wifi: 300Mbps C\u00f4ng su\u1ea5t truy\u1ec1n t\u1ea3i wifi: l\u00ean \u0111\u1ebfn 20dBm H\u1ed7<\/p>\n","protected":false},"featured_media":29611,"comment_status":"open","ping_status":"closed","template":"","meta":[],"product_brand":[131],"product_cat":[123],"product_tag":[],"class_list":{"0":"post-29610","1":"product","2":"type-product","3":"status-publish","4":"has-post-thumbnail","6":"product_brand-thiet-bi-mang","7":"product_cat-linh-kien-tin-hoc","9":"first","10":"instock","11":"shipping-taxable","12":"product-type-simple"},"_links":{"self":[{"href":"https:\/\/108giahoa.com\/index.php?rest_route=\/wp\/v2\/product\/29610","targetHints":{"allow":["GET"]}}],"collection":[{"href":"https:\/\/108giahoa.com\/index.php?rest_route=\/wp\/v2\/product"}],"about":[{"href":"https:\/\/108giahoa.com\/index.php?rest_route=\/wp\/v2\/types\/product"}],"replies":[{"embeddable":true,"href":"https:\/\/108giahoa.com\/index.php?rest_route=%2Fwp%2Fv2%2Fcomments&post=29610"}],"version-history":[{"count":1,"href":"https:\/\/108giahoa.com\/index.php?rest_route=\/wp\/v2\/product\/29610\/revisions"}],"predecessor-version":[{"id":29612,"href":"https:\/\/108giahoa.com\/index.php?rest_route=\/wp\/v2\/product\/29610\/revisions\/29612"}],"wp:featuredmedia":[{"embeddable":true,"href":"https:\/\/108giahoa.com\/index.php?rest_route=\/wp\/v2\/media\/29611"}],"wp:attachment":[{"href":"https:\/\/108giahoa.com\/index.php?rest_route=%2Fwp%2Fv2%2Fmedia&parent=29610"}],"wp:term":[{"taxonomy":"product_brand","embeddable":true,"href":"https:\/\/108giahoa.com\/index.php?rest_route=%2Fwp%2Fv2%2Fproduct_brand&post=29610"},{"taxonomy":"product_cat","embeddable":true,"href":"https:\/\/108giahoa.com\/index.php?rest_route=%2Fwp%2Fv2%2Fproduct_cat&post=29610"},{"taxonomy":"product_tag","embeddable":true,"href":"https:\/\/108giahoa.com\/index.php?rest_route=%2Fwp%2Fv2%2Fproduct_tag&post=29610"}],"curies":[{"name":"wp","href":"https:\/\/api.w.org\/{rel}","templated":true}]}}