{"id":29616,"date":"2026-02-24T07:08:48","date_gmt":"2026-02-24T07:08:48","guid":{"rendered":"https:\/\/108giahoa.com\/?post_type=product&#038;p=29616"},"modified":"2026-02-24T07:08:48","modified_gmt":"2026-02-24T07:08:48","slug":"router-wifi-6-tenda-tx12-pro-v2","status":"publish","type":"product","link":"https:\/\/108giahoa.com\/?product=router-wifi-6-tenda-tx12-pro-v2","title":{"rendered":"Router Wifi 6 Tenda TX12 Pro v2"},"content":{"rendered":"<ul>\n<li><span class=\"item \">Wifi AX3000 2&#215;2, 5GHz\/2.4GHz, 5 \u0103ng-ten 6dBi, 1 WAN Giga, 3 LAN Giga<\/span><\/li>\n<li><span class=\"item \"><i class=\"fa fa-check-circle\"><\/i>D\u00f9ng cho h\u1ed9 gia \u0111\u00ecnh, v\u0103n ph\u00f2ng, c\u00f4ng ty l\u1edbn, cho tr\u1ea3i nghi\u1ec7m k\u1ebft n\u1ed1i v\u1edbi hi\u1ec7u xu\u1ea5t cao, \u0111\u00e1p \u1ee9ng nhi\u1ec1u thi\u1ebft b\u1ecb k\u1ebft n\u1ed1i c\u00f9ng l\u00fac<\/span><\/li>\n<li><span class=\"item \"><i class=\"fa fa-check-circle\"><\/i>\u0102ng ten: 5 \u0103ng-ten ngo\u00e0i 6dbi<\/span><\/li>\n<li><span class=\"item \"><i class=\"fa fa-check-circle\"><\/i>T\u1ed1c \u0111\u1ed9: 5 GHz &#8211; 2402 Mbps (802.11ax, HE160), 2,4 GHz &#8211; 574 Mbps (802.11ax)<\/span><\/li>\n<li><span class=\"item hide d-block\"><i class=\"fa fa-check-circle\"><\/i>Power: \u0110\u1ea7u v\u00e0o: AC 100-240V~50\/60Hz, \u0110\u1ea7u ra: DC 12V\u23931A<\/span><\/li>\n<li><span class=\"item hide d-block\"><i class=\"fa fa-check-circle\"><\/i>K\u00edch th\u01b0\u1edbc: 267 x 166 x 222 mm<\/span><\/li>\n<\/ul>\n","protected":false},"excerpt":{"rendered":"<p>Wifi AX3000 2&#215;2, 5GHz\/2.4GHz, 5 \u0103ng-ten 6dBi, 1 WAN Giga, 3 LAN Giga D\u00f9ng cho h\u1ed9 gia \u0111\u00ecnh, v\u0103n ph\u00f2ng,<\/p>\n","protected":false},"featured_media":29617,"comment_status":"open","ping_status":"closed","template":"","meta":[],"product_brand":[131],"product_cat":[123],"product_tag":[],"class_list":{"0":"post-29616","1":"product","2":"type-product","3":"status-publish","4":"has-post-thumbnail","6":"product_brand-thiet-bi-mang","7":"product_cat-linh-kien-tin-hoc","9":"first","10":"instock","11":"shipping-taxable","12":"product-type-simple"},"_links":{"self":[{"href":"https:\/\/108giahoa.com\/index.php?rest_route=\/wp\/v2\/product\/29616","targetHints":{"allow":["GET"]}}],"collection":[{"href":"https:\/\/108giahoa.com\/index.php?rest_route=\/wp\/v2\/product"}],"about":[{"href":"https:\/\/108giahoa.com\/index.php?rest_route=\/wp\/v2\/types\/product"}],"replies":[{"embeddable":true,"href":"https:\/\/108giahoa.com\/index.php?rest_route=%2Fwp%2Fv2%2Fcomments&post=29616"}],"version-history":[{"count":1,"href":"https:\/\/108giahoa.com\/index.php?rest_route=\/wp\/v2\/product\/29616\/revisions"}],"predecessor-version":[{"id":29618,"href":"https:\/\/108giahoa.com\/index.php?rest_route=\/wp\/v2\/product\/29616\/revisions\/29618"}],"wp:featuredmedia":[{"embeddable":true,"href":"https:\/\/108giahoa.com\/index.php?rest_route=\/wp\/v2\/media\/29617"}],"wp:attachment":[{"href":"https:\/\/108giahoa.com\/index.php?rest_route=%2Fwp%2Fv2%2Fmedia&parent=29616"}],"wp:term":[{"taxonomy":"product_brand","embeddable":true,"href":"https:\/\/108giahoa.com\/index.php?rest_route=%2Fwp%2Fv2%2Fproduct_brand&post=29616"},{"taxonomy":"product_cat","embeddable":true,"href":"https:\/\/108giahoa.com\/index.php?rest_route=%2Fwp%2Fv2%2Fproduct_cat&post=29616"},{"taxonomy":"product_tag","embeddable":true,"href":"https:\/\/108giahoa.com\/index.php?rest_route=%2Fwp%2Fv2%2Fproduct_tag&post=29616"}],"curies":[{"name":"wp","href":"https:\/\/api.w.org\/{rel}","templated":true}]}}