{"id":29619,"date":"2026-02-24T07:11:12","date_gmt":"2026-02-24T07:11:12","guid":{"rendered":"https:\/\/108giahoa.com\/?post_type=product&#038;p=29619"},"modified":"2026-02-24T07:11:12","modified_gmt":"2026-02-24T07:11:12","slug":"o-cam-dien-thong-minh-tenda-sp3","status":"publish","type":"product","link":"https:\/\/108giahoa.com\/?product=o-cam-dien-thong-minh-tenda-sp3","title":{"rendered":"\u1ed4 c\u1eafm \u0111i\u1ec7n th\u00f4ng minh Tenda SP3"},"content":{"rendered":"<ul>\n<li><span class=\"item \">\u1ed4 c\u1eafm \u0111i\u1ec7n th\u00f4ng minh, Wifi 2.4GHz 60mW, t\u1ea3i t\u1ed1i \u0111a 2.3kW<\/span><\/li>\n<li><span class=\"item \"><i class=\"fa fa-check-circle\"><\/i>D\u00f9ng l\u1eafp \u0111\u1eb7t cho m\u00e1y b\u01a1m t\u01b0\u1edbi c\u00e2y t\u1ef1 \u0111\u1ed9ng, m\u00e1y l\u1ecdc n\u01b0\u1edbc b\u1ec3 c\u00e1 v\u00e0 nhi\u1ec1u thi\u1ebft b\u1ecb \u0111i\u1ec7n kh\u00e1c. C\u00f3 \u0111i\u1ec1u khi\u1ec3n t\u1eeb xa qua Internet<\/span><\/li>\n<\/ul>\n","protected":false},"excerpt":{"rendered":"<p>\u1ed4 c\u1eafm \u0111i\u1ec7n th\u00f4ng minh, Wifi 2.4GHz 60mW, t\u1ea3i t\u1ed1i \u0111a 2.3kW D\u00f9ng l\u1eafp \u0111\u1eb7t cho m\u00e1y b\u01a1m t\u01b0\u1edbi c\u00e2y<\/p>\n","protected":false},"featured_media":29620,"comment_status":"open","ping_status":"closed","template":"","meta":[],"product_brand":[131],"product_cat":[123],"product_tag":[],"class_list":{"0":"post-29619","1":"product","2":"type-product","3":"status-publish","4":"has-post-thumbnail","6":"product_brand-thiet-bi-mang","7":"product_cat-linh-kien-tin-hoc","9":"first","10":"instock","11":"shipping-taxable","12":"product-type-simple"},"_links":{"self":[{"href":"https:\/\/108giahoa.com\/index.php?rest_route=\/wp\/v2\/product\/29619","targetHints":{"allow":["GET"]}}],"collection":[{"href":"https:\/\/108giahoa.com\/index.php?rest_route=\/wp\/v2\/product"}],"about":[{"href":"https:\/\/108giahoa.com\/index.php?rest_route=\/wp\/v2\/types\/product"}],"replies":[{"embeddable":true,"href":"https:\/\/108giahoa.com\/index.php?rest_route=%2Fwp%2Fv2%2Fcomments&post=29619"}],"version-history":[{"count":1,"href":"https:\/\/108giahoa.com\/index.php?rest_route=\/wp\/v2\/product\/29619\/revisions"}],"predecessor-version":[{"id":29621,"href":"https:\/\/108giahoa.com\/index.php?rest_route=\/wp\/v2\/product\/29619\/revisions\/29621"}],"wp:featuredmedia":[{"embeddable":true,"href":"https:\/\/108giahoa.com\/index.php?rest_route=\/wp\/v2\/media\/29620"}],"wp:attachment":[{"href":"https:\/\/108giahoa.com\/index.php?rest_route=%2Fwp%2Fv2%2Fmedia&parent=29619"}],"wp:term":[{"taxonomy":"product_brand","embeddable":true,"href":"https:\/\/108giahoa.com\/index.php?rest_route=%2Fwp%2Fv2%2Fproduct_brand&post=29619"},{"taxonomy":"product_cat","embeddable":true,"href":"https:\/\/108giahoa.com\/index.php?rest_route=%2Fwp%2Fv2%2Fproduct_cat&post=29619"},{"taxonomy":"product_tag","embeddable":true,"href":"https:\/\/108giahoa.com\/index.php?rest_route=%2Fwp%2Fv2%2Fproduct_tag&post=29619"}],"curies":[{"name":"wp","href":"https:\/\/api.w.org\/{rel}","templated":true}]}}