{"id":29622,"date":"2026-02-24T07:14:20","date_gmt":"2026-02-24T07:14:20","guid":{"rendered":"https:\/\/108giahoa.com\/?post_type=product&#038;p=29622"},"modified":"2026-02-24T07:14:20","modified_gmt":"2026-02-24T07:14:20","slug":"router-wifi-5-tenda-ac6-chuan-ac1200mbps","status":"publish","type":"product","link":"https:\/\/108giahoa.com\/?product=router-wifi-5-tenda-ac6-chuan-ac1200mbps","title":{"rendered":"Router Wifi 5 Tenda AC6 chu\u1ea9n AC1200Mbps"},"content":{"rendered":"<ul>\n<li><span class=\"item \">Wifi AC1200 Wave 2 2&#215;2, 5GHz\/2.4GHz, 4 \u0103ng-ten 6dBi, 1 WAN 10\/100Mbps, 3 LAN 10\/100Mbps<\/span><\/li>\n<li><span class=\"item \"><i class=\"fa fa-check-circle\"><\/i>D\u00f9ng cho h\u1ed9 gia \u0111\u00ecnh, v\u0103n ph\u00f2ng, c\u00f4ng ty v\u1eeba v\u00e0 nh\u1ecf<\/span><\/li>\n<li><span class=\"item \"><i class=\"fa fa-check-circle\"><\/i>CPU: 600MHz<\/span><\/li>\n<li><span class=\"item \"><i class=\"fa fa-check-circle\"><\/i>RAM: 32MB<\/span><span class=\"item hide d-block\"><i class=\"fa fa-check-circle\"><\/i>\u0102ng ten: 4 x 6dbi external antennas<\/span><\/li>\n<li><span class=\"item hide d-block\"><i class=\"fa fa-check-circle\"><\/i>T\u1ed1c \u0111\u1ed9: 5 GHz &#8211; upto 867 Mbps; 2,4 GHz &#8211; upto 300 Mbps<\/span><\/li>\n<li><span class=\"item hide d-block\"><i class=\"fa fa-check-circle\"><\/i>Power: \u0110\u1ea7u v\u00e0o: AC 100-240V~50\/60Hz 0.4A, \u0110\u1ea7u ra: DC 9V1A<\/span><\/li>\n<li><span class=\"item hide d-block\"><i class=\"fa fa-check-circle\"><\/i>K\u00edch th\u01b0\u1edbc: 220 x 141.5 x 49 mm<\/span><\/li>\n<\/ul>\n","protected":false},"excerpt":{"rendered":"<p>Wifi AC1200 Wave 2 2&#215;2, 5GHz\/2.4GHz, 4 \u0103ng-ten 6dBi, 1 WAN 10\/100Mbps, 3 LAN 10\/100Mbps D\u00f9ng cho h\u1ed9 gia \u0111\u00ecnh,<\/p>\n","protected":false},"featured_media":29623,"comment_status":"open","ping_status":"closed","template":"","meta":[],"product_brand":[131],"product_cat":[123],"product_tag":[],"class_list":{"0":"post-29622","1":"product","2":"type-product","3":"status-publish","4":"has-post-thumbnail","6":"product_brand-thiet-bi-mang","7":"product_cat-linh-kien-tin-hoc","9":"first","10":"instock","11":"shipping-taxable","12":"product-type-simple"},"_links":{"self":[{"href":"https:\/\/108giahoa.com\/index.php?rest_route=\/wp\/v2\/product\/29622","targetHints":{"allow":["GET"]}}],"collection":[{"href":"https:\/\/108giahoa.com\/index.php?rest_route=\/wp\/v2\/product"}],"about":[{"href":"https:\/\/108giahoa.com\/index.php?rest_route=\/wp\/v2\/types\/product"}],"replies":[{"embeddable":true,"href":"https:\/\/108giahoa.com\/index.php?rest_route=%2Fwp%2Fv2%2Fcomments&post=29622"}],"version-history":[{"count":1,"href":"https:\/\/108giahoa.com\/index.php?rest_route=\/wp\/v2\/product\/29622\/revisions"}],"predecessor-version":[{"id":29624,"href":"https:\/\/108giahoa.com\/index.php?rest_route=\/wp\/v2\/product\/29622\/revisions\/29624"}],"wp:featuredmedia":[{"embeddable":true,"href":"https:\/\/108giahoa.com\/index.php?rest_route=\/wp\/v2\/media\/29623"}],"wp:attachment":[{"href":"https:\/\/108giahoa.com\/index.php?rest_route=%2Fwp%2Fv2%2Fmedia&parent=29622"}],"wp:term":[{"taxonomy":"product_brand","embeddable":true,"href":"https:\/\/108giahoa.com\/index.php?rest_route=%2Fwp%2Fv2%2Fproduct_brand&post=29622"},{"taxonomy":"product_cat","embeddable":true,"href":"https:\/\/108giahoa.com\/index.php?rest_route=%2Fwp%2Fv2%2Fproduct_cat&post=29622"},{"taxonomy":"product_tag","embeddable":true,"href":"https:\/\/108giahoa.com\/index.php?rest_route=%2Fwp%2Fv2%2Fproduct_tag&post=29622"}],"curies":[{"name":"wp","href":"https:\/\/api.w.org\/{rel}","templated":true}]}}