{"id":29625,"date":"2026-02-24T07:18:18","date_gmt":"2026-02-24T07:18:18","guid":{"rendered":"https:\/\/108giahoa.com\/?post_type=product&#038;p=29625"},"modified":"2026-02-24T07:18:18","modified_gmt":"2026-02-24T07:18:18","slug":"router-wifi-4-tenda-f6","status":"publish","type":"product","link":"https:\/\/108giahoa.com\/?product=router-wifi-4-tenda-f6","title":{"rendered":"Router Wifi 4 Tenda F6"},"content":{"rendered":"<ul>\n<li><span class=\"item \">Wifi N300 2&#215;2, 2.4GHz, 4 \u0103ng-ten 5dBi, 1 WAN 10\/100Mbps, 3 LAN 10\/100Mbps<\/span><\/li>\n<li><span class=\"item \"><i class=\"fa fa-check-circle\"><\/i>D\u00f9ng cho h\u1ed9 gia \u0111\u00ecnh, v\u0103n ph\u00f2ng, c\u00f4ng ty nh\u1ecf<\/span><\/li>\n<li><span class=\"item \"><i class=\"fa fa-check-circle\"><\/i>CPU: 400MHz<\/span><\/li>\n<li><span class=\"item \"><i class=\"fa fa-check-circle\"><\/i>RAM: 8M<\/span><span class=\"item \">B<\/span><\/li>\n<li><span class=\"item hide d-block\"><i class=\"fa fa-check-circle\"><\/i>\u0102ng ten: 4 x 5dbi external antennas<\/span><\/li>\n<li><span class=\"item hide d-block\"><i class=\"fa fa-check-circle\"><\/i>T\u1ed1c \u0111\u1ed9: 300Mbps<\/span><\/li>\n<li><span class=\"item hide d-block\"><i class=\"fa fa-check-circle\"><\/i>Power: \u0110\u1ea7u v\u00e0o: AC 110-240V\u201450\/60Hz, \u0110\u1ea7u ra: DC 9V 0.6A<\/span><\/li>\n<li><span class=\"item hide d-block\"><i class=\"fa fa-check-circle\"><\/i>K\u00edch th\u01b0\u1edbc: 204 x 147.5 x 211 mm<\/span><\/li>\n<\/ul>\n","protected":false},"excerpt":{"rendered":"<p>Wifi N300 2&#215;2, 2.4GHz, 4 \u0103ng-ten 5dBi, 1 WAN 10\/100Mbps, 3 LAN 10\/100Mbps D\u00f9ng cho h\u1ed9 gia \u0111\u00ecnh, v\u0103n ph\u00f2ng,<\/p>\n","protected":false},"featured_media":29626,"comment_status":"open","ping_status":"closed","template":"","meta":[],"product_brand":[131],"product_cat":[123],"product_tag":[],"class_list":{"0":"post-29625","1":"product","2":"type-product","3":"status-publish","4":"has-post-thumbnail","6":"product_brand-thiet-bi-mang","7":"product_cat-linh-kien-tin-hoc","9":"first","10":"instock","11":"shipping-taxable","12":"product-type-simple"},"_links":{"self":[{"href":"https:\/\/108giahoa.com\/index.php?rest_route=\/wp\/v2\/product\/29625","targetHints":{"allow":["GET"]}}],"collection":[{"href":"https:\/\/108giahoa.com\/index.php?rest_route=\/wp\/v2\/product"}],"about":[{"href":"https:\/\/108giahoa.com\/index.php?rest_route=\/wp\/v2\/types\/product"}],"replies":[{"embeddable":true,"href":"https:\/\/108giahoa.com\/index.php?rest_route=%2Fwp%2Fv2%2Fcomments&post=29625"}],"version-history":[{"count":1,"href":"https:\/\/108giahoa.com\/index.php?rest_route=\/wp\/v2\/product\/29625\/revisions"}],"predecessor-version":[{"id":29627,"href":"https:\/\/108giahoa.com\/index.php?rest_route=\/wp\/v2\/product\/29625\/revisions\/29627"}],"wp:featuredmedia":[{"embeddable":true,"href":"https:\/\/108giahoa.com\/index.php?rest_route=\/wp\/v2\/media\/29626"}],"wp:attachment":[{"href":"https:\/\/108giahoa.com\/index.php?rest_route=%2Fwp%2Fv2%2Fmedia&parent=29625"}],"wp:term":[{"taxonomy":"product_brand","embeddable":true,"href":"https:\/\/108giahoa.com\/index.php?rest_route=%2Fwp%2Fv2%2Fproduct_brand&post=29625"},{"taxonomy":"product_cat","embeddable":true,"href":"https:\/\/108giahoa.com\/index.php?rest_route=%2Fwp%2Fv2%2Fproduct_cat&post=29625"},{"taxonomy":"product_tag","embeddable":true,"href":"https:\/\/108giahoa.com\/index.php?rest_route=%2Fwp%2Fv2%2Fproduct_tag&post=29625"}],"curies":[{"name":"wp","href":"https:\/\/api.w.org\/{rel}","templated":true}]}}