{"id":29628,"date":"2026-02-24T07:20:09","date_gmt":"2026-02-24T07:20:09","guid":{"rendered":"https:\/\/108giahoa.com\/?post_type=product&#038;p=29628"},"modified":"2026-02-24T07:20:13","modified_gmt":"2026-02-24T07:20:13","slug":"usb-wifi-6-tenda-u2-v5","status":"publish","type":"product","link":"https:\/\/108giahoa.com\/?product=usb-wifi-6-tenda-u2-v5","title":{"rendered":"USB Wifi 6 Tenda U2 &#8211; V5"},"content":{"rendered":"<ul>\n<li><span class=\"item \">AX300, 2.4GHz, \u0103ng-ten 6dBi, USB2.0<\/span><\/li>\n<li><span class=\"item \"><i class=\"fa fa-check-circle\"><\/i>D\u00f9ng thay th\u1ebf n\u00e2ng c\u1ea5p k\u1ebft n\u1ed1i wifi cho m\u00e1y t\u00ednh x\u00e1ch tay ho\u1eb7c m\u00e1y t\u00ednh \u0111\u1ec3 b\u00e0n<\/span><\/li>\n<li><span class=\"item \"><i class=\"fa fa-check-circle\"><\/i>K\u00edch th\u01b0\u1edbc: 59.09 \u00d7 21 \u00d7 206.15mm<\/span><\/li>\n<\/ul>\n","protected":false},"excerpt":{"rendered":"<p>AX300, 2.4GHz, \u0103ng-ten 6dBi, USB2.0 D\u00f9ng thay th\u1ebf n\u00e2ng c\u1ea5p k\u1ebft n\u1ed1i wifi cho m\u00e1y t\u00ednh x\u00e1ch tay ho\u1eb7c m\u00e1y<\/p>\n","protected":false},"featured_media":29629,"comment_status":"open","ping_status":"closed","template":"","meta":[],"product_brand":[131],"product_cat":[123],"product_tag":[],"class_list":{"0":"post-29628","1":"product","2":"type-product","3":"status-publish","4":"has-post-thumbnail","6":"product_brand-thiet-bi-mang","7":"product_cat-linh-kien-tin-hoc","9":"first","10":"instock","11":"shipping-taxable","12":"product-type-simple"},"_links":{"self":[{"href":"https:\/\/108giahoa.com\/index.php?rest_route=\/wp\/v2\/product\/29628","targetHints":{"allow":["GET"]}}],"collection":[{"href":"https:\/\/108giahoa.com\/index.php?rest_route=\/wp\/v2\/product"}],"about":[{"href":"https:\/\/108giahoa.com\/index.php?rest_route=\/wp\/v2\/types\/product"}],"replies":[{"embeddable":true,"href":"https:\/\/108giahoa.com\/index.php?rest_route=%2Fwp%2Fv2%2Fcomments&post=29628"}],"version-history":[{"count":1,"href":"https:\/\/108giahoa.com\/index.php?rest_route=\/wp\/v2\/product\/29628\/revisions"}],"predecessor-version":[{"id":29630,"href":"https:\/\/108giahoa.com\/index.php?rest_route=\/wp\/v2\/product\/29628\/revisions\/29630"}],"wp:featuredmedia":[{"embeddable":true,"href":"https:\/\/108giahoa.com\/index.php?rest_route=\/wp\/v2\/media\/29629"}],"wp:attachment":[{"href":"https:\/\/108giahoa.com\/index.php?rest_route=%2Fwp%2Fv2%2Fmedia&parent=29628"}],"wp:term":[{"taxonomy":"product_brand","embeddable":true,"href":"https:\/\/108giahoa.com\/index.php?rest_route=%2Fwp%2Fv2%2Fproduct_brand&post=29628"},{"taxonomy":"product_cat","embeddable":true,"href":"https:\/\/108giahoa.com\/index.php?rest_route=%2Fwp%2Fv2%2Fproduct_cat&post=29628"},{"taxonomy":"product_tag","embeddable":true,"href":"https:\/\/108giahoa.com\/index.php?rest_route=%2Fwp%2Fv2%2Fproduct_tag&post=29628"}],"curies":[{"name":"wp","href":"https:\/\/api.w.org\/{rel}","templated":true}]}}