{"id":29662,"date":"2026-02-24T09:14:57","date_gmt":"2026-02-24T09:14:57","guid":{"rendered":"https:\/\/108giahoa.com\/?post_type=product&#038;p=29662"},"modified":"2026-02-24T09:14:57","modified_gmt":"2026-02-24T09:14:57","slug":"may-photocopy-sharp-bp-30m31","status":"publish","type":"product","link":"https:\/\/108giahoa.com\/?product=may-photocopy-sharp-bp-30m31","title":{"rendered":"M\u00e1y photocopy Sharp BP-30M31"},"content":{"rendered":"<p><strong>(N\u1ea1p \u0111\u1ea3o b\u1ea3n g\u1ed1c + \u0110\u1ea3o b\u1ea3n sao + 2 khay gi\u1ea5y)<\/strong><br \/>\n&#8211; T\u1ed1c \u0111\u1ed9 sao ch\u1ee5p\/in: <strong>31 b\u1ea3n A4\/ph\u00fat<\/strong><br \/>\n&#8211; B\u1ea3n g\u1ed1c t\u1ed1i \u0111a: A3 (t\u1edd r\u1eddi, s\u00e1ch, v\u1eadt th\u1ec3)<br \/>\n&#8211; \u0110\u1ed9 ph\u00e2n gi\u1ea3i b\u1ea3n ch\u1ee5p: 600 dpi<br \/>\n&#8211; Zoom: 25%-400% (\u00b1 0.1%)<br \/>\n&#8211; Khay n\u1ea1p gi\u1ea5y t\u1ef1 \u0111\u1ed9ng: <strong>500 t\u1edd x 2 khay<\/strong><br \/>\n&#8211; Khay n\u1ea1p gi\u1ea5y tay: 100 t\u1edd<br \/>\n&#8211; \u0110\u1ecbnh l\u01b0\u1ee3ng gi\u1ea5y: 60-150g\/m2<br \/>\n&#8211; Sao ch\u1ee5p li\u00ean t\u1ee5c: 1 \u2013 9,999 t\u1edd<br \/>\n&#8211; Ngu\u1ed3n \u0111i\u1ec7n: 220V\u00b110%, 50\/60 Hz<br \/>\n&#8211; C\u00f4ng xu\u1ea5y ti\u00eau th\u1ee5: T\u1ed1i \u0111a 1.45 kW<br \/>\n&#8211; B\u1ed9 nh\u1edb trong:<strong> 4GB<\/strong><br \/>\n&#8211; Giao ti\u1ebfp: USB 2.0 (host, high-speed), 10Base-T\/100Base-TX\/1000Base-T<br \/>\n&#8211; T\u1ed1c \u0111\u1ed9 scan: 60 b\u1ea3n\/ph\u00fat.<br \/>\n&#8211; M\u00e0n h\u00ecnh \u0111i\u1ec1u khi\u1ec3n: LCD m\u00e0u c\u1ea3m \u1ee9ng 7 inch<br \/>\n&#8211; In m\u1ea1ng v\u00e0 qu\u00e9t m\u1ea1ng<br \/>\n&#8211; B\u1ed9 \u0111\u1ea3o b\u1ea3n sao t\u1ef1 \u0111\u1ed9ng : C\u00f3<br \/>\n&#8211; B\u1ed9 n\u1ea1p \u0111\u1ea3o b\u1ea3n g\u1ed1c t\u1ef1 \u0111\u1ed9ng: C\u00f3<br \/>\n&#8211; M\u1ef1c (AT300): 27.500 trang (\u0111\u1ed9 ph\u1ee7 5%)<br \/>\n* B\u1ea3o h\u00e0nh : 12 th\u00e1ng ho\u1eb7c 150.000 b\u1ea3n ch\u1ee5p ( t\u00f9y theo \u0111i\u1ec1u ki\u1ec7n n\u00e0o \u0111\u1ebfn tr\u01b0\u1edbc )<br \/>\n* Xu\u1ea5t x\u1ee9 : Trung Qu\u1ed1c<br \/>\n* Ch\u00e2n m\u00e1y th\u1ea5p ( t\u1eb7ng k\u00e8m )<\/p>\n","protected":false},"excerpt":{"rendered":"<p>(N\u1ea1p \u0111\u1ea3o b\u1ea3n g\u1ed1c + \u0110\u1ea3o b\u1ea3n sao + 2 khay gi\u1ea5y) &#8211; T\u1ed1c \u0111\u1ed9 sao ch\u1ee5p\/in: 31 b\u1ea3n A4\/ph\u00fat<\/p>\n","protected":false},"featured_media":29663,"comment_status":"open","ping_status":"closed","template":"","meta":[],"product_brand":[133],"product_cat":[91],"product_tag":[],"class_list":{"0":"post-29662","1":"product","2":"type-product","3":"status-publish","4":"has-post-thumbnail","6":"product_brand-may-photocopy","7":"product_cat-thiet-bi-cntt","9":"first","10":"instock","11":"shipping-taxable","12":"product-type-simple"},"_links":{"self":[{"href":"https:\/\/108giahoa.com\/index.php?rest_route=\/wp\/v2\/product\/29662","targetHints":{"allow":["GET"]}}],"collection":[{"href":"https:\/\/108giahoa.com\/index.php?rest_route=\/wp\/v2\/product"}],"about":[{"href":"https:\/\/108giahoa.com\/index.php?rest_route=\/wp\/v2\/types\/product"}],"replies":[{"embeddable":true,"href":"https:\/\/108giahoa.com\/index.php?rest_route=%2Fwp%2Fv2%2Fcomments&post=29662"}],"version-history":[{"count":1,"href":"https:\/\/108giahoa.com\/index.php?rest_route=\/wp\/v2\/product\/29662\/revisions"}],"predecessor-version":[{"id":29664,"href":"https:\/\/108giahoa.com\/index.php?rest_route=\/wp\/v2\/product\/29662\/revisions\/29664"}],"wp:featuredmedia":[{"embeddable":true,"href":"https:\/\/108giahoa.com\/index.php?rest_route=\/wp\/v2\/media\/29663"}],"wp:attachment":[{"href":"https:\/\/108giahoa.com\/index.php?rest_route=%2Fwp%2Fv2%2Fmedia&parent=29662"}],"wp:term":[{"taxonomy":"product_brand","embeddable":true,"href":"https:\/\/108giahoa.com\/index.php?rest_route=%2Fwp%2Fv2%2Fproduct_brand&post=29662"},{"taxonomy":"product_cat","embeddable":true,"href":"https:\/\/108giahoa.com\/index.php?rest_route=%2Fwp%2Fv2%2Fproduct_cat&post=29662"},{"taxonomy":"product_tag","embeddable":true,"href":"https:\/\/108giahoa.com\/index.php?rest_route=%2Fwp%2Fv2%2Fproduct_tag&post=29662"}],"curies":[{"name":"wp","href":"https:\/\/api.w.org\/{rel}","templated":true}]}}