{"id":29672,"date":"2026-02-24T09:23:14","date_gmt":"2026-02-24T09:23:14","guid":{"rendered":"https:\/\/108giahoa.com\/?post_type=product&#038;p=29672"},"modified":"2026-03-10T07:50:52","modified_gmt":"2026-03-10T07:50:52","slug":"may-photocopy-konica-minolta-bizhub-225i","status":"publish","type":"product","link":"https:\/\/108giahoa.com\/?product=may-photocopy-konica-minolta-bizhub-225i","title":{"rendered":"M\u00e1y photocopy Konica Minolta Bizhub 225i"},"content":{"rendered":"<p><strong>(Sao ch\u1ee5p, In, Qu\u00e9t m\u1ea1ng)<\/strong><br \/>\n&#8211; T\u1ed1c \u0111\u1ed9 sao ch\u1ee5p\/in: <strong>22 b\u1ea3n A4\/ph\u00fat<\/strong><br \/>\n&#8211; B\u1ea3n g\u1ed1c t\u1ed1i \u0111a: A3 (t\u1edd r\u1eddi, s\u00e1ch, v\u1eadt th\u1ec3)<br \/>\n&#8211; \u0110\u1ed9 ph\u00e2n gi\u1ea3i b\u1ea3n ch\u1ee5p: 600 dpi<br \/>\n&#8211; Zoom: 25%-400% (\u00b1 0.1%)<br \/>\n&#8211; Khay n\u1ea1p gi\u1ea5y t\u1ef1 \u0111\u1ed9ng: <strong>250 t\u1edd x 1 khay<\/strong><br \/>\n&#8211; Khay n\u1ea1p gi\u1ea5y tay: 100 t\u1edd<br \/>\n&#8211; \u0110\u1ecbnh l\u01b0\u1ee3ng gi\u1ea5y: 64 \u2013 157 g\/m2<br \/>\n&#8211; Sao ch\u1ee5p li\u00ean t\u1ee5c: 1 &#8211; 999 t\u1edd<br \/>\n&#8211; Chia b\u1ed9 \u0111i\u1ec7n t\u1eed t\u1ef1 \u0111\u1ed9ng<br \/>\n&#8211; \u0110i\u1ec7n n\u0103ng ti\u00eau th\u1ee5: t\u1ed1i \u0111a 1,3 kW<br \/>\n&#8211;<strong> B\u1ed9 nh\u1edb trong: 256 MB<\/strong><br \/>\n&#8211; Giao ti\u1ebfp: USB 2.0, Ethernet<br \/>\n&#8211; T\u1ed1c \u0111\u1ed9 scan: L\u00ean \u0111\u1ebfn 55\/20 ipm khi in 1 m\u1eb7t (kh\u00f4ng m\u00e0u\/ c\u00f3 m\u00e0u)<br \/>\n&#8211; M\u00e0n h\u00ecnh \u0111i\u1ec1u khi\u1ec3n LCD 5 d\u00f2ng<br \/>\n&#8211; In m\u1ea1ng v\u00e0 qu\u00e9t m\u1ea1ng<br \/>\n&#8211; B\u1ed9 \u0111\u1ea3o b\u1ea3n sao t\u1ef1 \u0111\u1ed9ng: In 2 m\u1eb7t t\u1ef1 \u0111\u1ed9ng<br \/>\n&#8211; B\u1ed9 n\u1ea1p \u0111\u1ea3o b\u1ea3n g\u1ed1c t\u1ef1 \u0111\u1ed9ng (DF-633): 130 t\u1edd<br \/>\n&#8211; M\u1ef1c (TN118): 12.000 trang (\u0111\u1ed9 ph\u1ee7 5%)<br \/>\n&#8211; Xu\u1ea5t x\u1ee9 : Trung Qu\u1ed1c<br \/>\n&#8211; B\u1ea3o h\u00e0nh : 12 th\u00e1ng ho\u1eb7c 80.000 b\u1ea3n ch\u1ee5p t\u00f9y theo \u0111i\u1ec1u ki\u1ec7n n\u00e0o \u0111\u1ebfn tr\u01b0\u1edbc<\/p>\n","protected":false},"excerpt":{"rendered":"<p>(Sao ch\u1ee5p, In, Qu\u00e9t m\u1ea1ng) &#8211; T\u1ed1c \u0111\u1ed9 sao ch\u1ee5p\/in: 22 b\u1ea3n A4\/ph\u00fat &#8211; B\u1ea3n g\u1ed1c t\u1ed1i \u0111a: A3 (t\u1edd<\/p>\n","protected":false},"featured_media":30306,"comment_status":"open","ping_status":"closed","template":"","meta":[],"product_brand":[133],"product_cat":[91],"product_tag":[],"class_list":{"0":"post-29672","1":"product","2":"type-product","3":"status-publish","4":"has-post-thumbnail","6":"product_brand-may-photocopy","7":"product_cat-thiet-bi-cntt","9":"first","10":"instock","11":"shipping-taxable","12":"product-type-simple"},"_links":{"self":[{"href":"https:\/\/108giahoa.com\/index.php?rest_route=\/wp\/v2\/product\/29672","targetHints":{"allow":["GET"]}}],"collection":[{"href":"https:\/\/108giahoa.com\/index.php?rest_route=\/wp\/v2\/product"}],"about":[{"href":"https:\/\/108giahoa.com\/index.php?rest_route=\/wp\/v2\/types\/product"}],"replies":[{"embeddable":true,"href":"https:\/\/108giahoa.com\/index.php?rest_route=%2Fwp%2Fv2%2Fcomments&post=29672"}],"version-history":[{"count":1,"href":"https:\/\/108giahoa.com\/index.php?rest_route=\/wp\/v2\/product\/29672\/revisions"}],"predecessor-version":[{"id":29673,"href":"https:\/\/108giahoa.com\/index.php?rest_route=\/wp\/v2\/product\/29672\/revisions\/29673"}],"wp:featuredmedia":[{"embeddable":true,"href":"https:\/\/108giahoa.com\/index.php?rest_route=\/wp\/v2\/media\/30306"}],"wp:attachment":[{"href":"https:\/\/108giahoa.com\/index.php?rest_route=%2Fwp%2Fv2%2Fmedia&parent=29672"}],"wp:term":[{"taxonomy":"product_brand","embeddable":true,"href":"https:\/\/108giahoa.com\/index.php?rest_route=%2Fwp%2Fv2%2Fproduct_brand&post=29672"},{"taxonomy":"product_cat","embeddable":true,"href":"https:\/\/108giahoa.com\/index.php?rest_route=%2Fwp%2Fv2%2Fproduct_cat&post=29672"},{"taxonomy":"product_tag","embeddable":true,"href":"https:\/\/108giahoa.com\/index.php?rest_route=%2Fwp%2Fv2%2Fproduct_tag&post=29672"}],"curies":[{"name":"wp","href":"https:\/\/api.w.org\/{rel}","templated":true}]}}