{"id":29674,"date":"2026-02-24T09:25:05","date_gmt":"2026-02-24T09:25:05","guid":{"rendered":"https:\/\/108giahoa.com\/?post_type=product&#038;p=29674"},"modified":"2026-03-10T07:44:36","modified_gmt":"2026-03-10T07:44:36","slug":"may-photocopy-konica-minolta-bizhub-266i","status":"publish","type":"product","link":"https:\/\/108giahoa.com\/?product=may-photocopy-konica-minolta-bizhub-266i","title":{"rendered":"M\u00e1y photocopy Konica Minolta Bizhub 266i"},"content":{"rendered":"<p><strong>(Sao ch\u1ee5p, In m\u1ea1ng, Qu\u00e9t m\u1ea1ng)<\/strong><br \/>\n&#8211; T\u1ed1c \u0111\u1ed9 sao ch\u1ee5p\/in: <strong>26 b\u1ea3n A4\/ph\u00fat<\/strong><br \/>\n&#8211; B\u1ea3n g\u1ed1c t\u1ed1i \u0111a: A3 (t\u1edd r\u1eddi, s\u00e1ch, v\u1eadt th\u1ec3)<br \/>\n&#8211; \u0110\u1ed9 ph\u00e2n gi\u1ea3i b\u1ea3n ch\u1ee5p: 600 dpi<br \/>\n&#8211; \u0110\u1ed9 thu ph\u00f3ng h\u00ecnh \u1ea3nh: 25%-400% (0,1% m\u1ed7i b\u01b0\u1edbc); Ph\u00f3ng thu t\u1ef1 \u0111\u1ed9ng)<br \/>\n&#8211; Khay n\u1ea1p gi\u1ea5y t\u1ef1 \u0111\u1ed9ng:<strong> 250 t\u1edd x 2 khay (PF-509)<\/strong><br \/>\n&#8211; Khay n\u1ea1p gi\u1ea5y tay: 100 t\u1edd<br \/>\n&#8211; \u0110\u1ecbnh l\u01b0\u1ee3ng gi\u1ea5y: 64 \u2013 157 g\/m2<br \/>\n&#8211; Sao ch\u1ee5p li\u00ean t\u1ee5c: 1 &#8211; 9999 t\u1edd<br \/>\n&#8211; Chia b\u1ed9 \u0111i\u1ec7n t\u1eed t\u1ef1 \u0111\u1ed9ng<br \/>\n&#8211; \u0110i\u1ec7n n\u0103ng ti\u00eau th\u1ee5: t\u1ed1i \u0111a 1,522 kW<br \/>\n<strong>&#8211; B\u1ed9 nh\u1edb trong: 4GB.<\/strong><br \/>\n&#8211; Giao ti\u1ebfp: USB 2.0, Ethernet<br \/>\n&#8211; T\u1ed1c \u0111\u1ed9 scan: 55 b\u1ea3n\/ph\u00fat.<br \/>\n&#8211; B\u1ed9 \u0111\u1ea3o b\u1ea3n sao t\u1ef1 \u0111\u1ed9ng: c\u00f3 s\u1eb5n, In 2 m\u1eb7t t\u1ef1 \u0111\u1ed9ng<br \/>\n&#8211; B\u1ed9 n\u1ea1p \u0111\u1ea3o b\u1ea3n g\u1ed1c t\u1ef1 \u0111\u1ed9ng (DF-633): 130 t\u1edd<br \/>\n&#8211; M\u00e0n h\u00ecnh \u0111i\u1ec1u khi\u1ec3n c\u1ea3m \u1ee9ng m\u00e0u 7 inch<br \/>\n&#8211; H\u1ed7 tr\u1ee3 in v\u00e0 scan giao ti\u1ebfp NFC.<br \/>\n&#8211; M\u1ef1c (TN225): 12.000 trang (\u0111\u1ed9 ph\u1ee7 5%)<br \/>\n&#8211; Xu\u1ea5t x\u1ee9 : Trung Qu\u1ed1c<br \/>\n&#8211; B\u1ea3o h\u00e0nh : 12 th\u00e1ng ho\u1eb7c 150.000 b\u1ea3n ch\u1ee5p t\u00f9y theo \u0111i\u1ec1u ki\u1ec7n n\u00e0o \u0111\u1ebfn tr\u01b0\u1edbc<\/p>\n","protected":false},"excerpt":{"rendered":"<p>(Sao ch\u1ee5p, In m\u1ea1ng, Qu\u00e9t m\u1ea1ng) &#8211; T\u1ed1c \u0111\u1ed9 sao ch\u1ee5p\/in: 26 b\u1ea3n A4\/ph\u00fat &#8211; B\u1ea3n g\u1ed1c t\u1ed1i \u0111a: A3<\/p>\n","protected":false},"featured_media":30304,"comment_status":"open","ping_status":"closed","template":"","meta":[],"product_brand":[133],"product_cat":[91],"product_tag":[],"class_list":{"0":"post-29674","1":"product","2":"type-product","3":"status-publish","4":"has-post-thumbnail","6":"product_brand-may-photocopy","7":"product_cat-thiet-bi-cntt","9":"first","10":"instock","11":"shipping-taxable","12":"product-type-simple"},"_links":{"self":[{"href":"https:\/\/108giahoa.com\/index.php?rest_route=\/wp\/v2\/product\/29674","targetHints":{"allow":["GET"]}}],"collection":[{"href":"https:\/\/108giahoa.com\/index.php?rest_route=\/wp\/v2\/product"}],"about":[{"href":"https:\/\/108giahoa.com\/index.php?rest_route=\/wp\/v2\/types\/product"}],"replies":[{"embeddable":true,"href":"https:\/\/108giahoa.com\/index.php?rest_route=%2Fwp%2Fv2%2Fcomments&post=29674"}],"version-history":[{"count":1,"href":"https:\/\/108giahoa.com\/index.php?rest_route=\/wp\/v2\/product\/29674\/revisions"}],"predecessor-version":[{"id":29676,"href":"https:\/\/108giahoa.com\/index.php?rest_route=\/wp\/v2\/product\/29674\/revisions\/29676"}],"wp:featuredmedia":[{"embeddable":true,"href":"https:\/\/108giahoa.com\/index.php?rest_route=\/wp\/v2\/media\/30304"}],"wp:attachment":[{"href":"https:\/\/108giahoa.com\/index.php?rest_route=%2Fwp%2Fv2%2Fmedia&parent=29674"}],"wp:term":[{"taxonomy":"product_brand","embeddable":true,"href":"https:\/\/108giahoa.com\/index.php?rest_route=%2Fwp%2Fv2%2Fproduct_brand&post=29674"},{"taxonomy":"product_cat","embeddable":true,"href":"https:\/\/108giahoa.com\/index.php?rest_route=%2Fwp%2Fv2%2Fproduct_cat&post=29674"},{"taxonomy":"product_tag","embeddable":true,"href":"https:\/\/108giahoa.com\/index.php?rest_route=%2Fwp%2Fv2%2Fproduct_tag&post=29674"}],"curies":[{"name":"wp","href":"https:\/\/api.w.org\/{rel}","templated":true}]}}