{"id":29680,"date":"2026-02-24T09:32:18","date_gmt":"2026-02-24T09:32:18","guid":{"rendered":"https:\/\/108giahoa.com\/?post_type=product&#038;p=29680"},"modified":"2026-02-24T09:32:18","modified_gmt":"2026-02-24T09:32:18","slug":"may-photocopy-konica-minolta-bizhub-451i","status":"publish","type":"product","link":"https:\/\/108giahoa.com\/?product=may-photocopy-konica-minolta-bizhub-451i","title":{"rendered":"M\u00e1y photocopy Konica Minolta Bizhub 451i"},"content":{"rendered":"<p><strong>(Sao ch\u1ee5p, In m\u1ea1ng, Qu\u00e9t m\u1ea1ng m\u00e0u)<\/strong><br \/>\n&#8211; T\u1ed1c \u0111\u1ed9 sao ch\u1ee5p: <strong>45 b\u1ea3n\/ph\u00fat (A4), <\/strong><strong>22 b\u1ea3n\/ph\u00fat (A3)<\/strong><br \/>\n&#8211; Ki\u1ec3u m\u00e1y: sao ch\u1ee5p k\u1ef9 thu\u1eadt s\u1ed1<br \/>\n&#8211; B\u1ea3n g\u1ed1c t\u1ed1i \u0111a: A3<br \/>\n&#8211; \u0110\u1ed9 ph\u00e2n gi\u1ea3i b\u1ea3n in: 1200 x 1200 dpi<br \/>\n&#8211; \u0110\u1ed9 ph\u00e2n gi\u1ea3i sao ch\u1ee5p: 600 x 600 dpi<br \/>\n&#8211; \u0110\u1ed9 thu ph\u00f3ng h\u00ecnh \u1ea3nh: 25%-400% (0,1% m\u1ed7i b\u01b0\u1edbc); Ph\u00f3ng thu t\u1ef1 \u0111\u1ed9ng)<br \/>\n<strong>&#8211; Khay n\u1ea1p gi\u1ea5y t\u1ef1 \u0111\u1ed9ng: 500 t\u1edd x 2<\/strong><br \/>\n&#8211; Khay n\u1ea1p gi\u1ea5y tay: 150 t\u1edd<br \/>\n&#8211; C\u00f3 th\u1ec3 thay m\u1ef1c khi m\u00e1y \u0111ang sao ch\u1ee5p.<br \/>\n&#8211; \u0110\u1ecbnh l\u01b0\u1ee3ng gi\u1ea5y: 52 \u2013 300 g\/ m2<br \/>\n&#8211; Chia b\u1ed9 \u0111i\u1ec7n t\u1eed t\u1ef1 \u0111\u1ed9ng<br \/>\n&#8211; B\u1ed9 \u0111\u1ea3o m\u1eb7t b\u1ea3n in t\u1ef1 \u0111\u1ed9ng<br \/>\n&#8211; N\u1ea1p v\u00e0 \u0111\u1ea3o b\u1ea3n g\u1ed1c t\u1ef1 \u0111\u1ed9ng 300 b\u1ea3n, Qu\u00e9t 2 m\u1eb7t c\u00f9ng l\u00fac<br \/>\n&#8211; \u0110i\u1ec7n n\u0103ng ti\u00eau th\u1ee5: t\u1ed1i \u0111a 2.0 kW<br \/>\n<strong>&#8211; B\u1ed9 nh\u1edb chu\u1ea9n: 8.192 MB <\/strong><br \/>\n<strong>&#8211; \u1ed4 c\u1ee9ng: 256 GB SSD<\/strong><br \/>\n&#8211; C\u00f4ng ngh\u1ec7 m\u1ef1c: Polymerised toner<br \/>\n&#8211; M\u00e0n h\u00ecnh \u0111i\u1ec1u khi\u1ec3n: C\u1ea3m \u1ee9ng m\u00e0u 10.1\u201d \/ 1024 x 600,c\u00f3 h\u1ed7 tr\u1ee3 ti\u1ebfng Vi\u1ec7t.<br \/>\n&#8211; In Banner (1200 x 297mm)<br \/>\n&#8211; Qu\u00e9t t\u1ed1c \u0111\u1ed9 nhanh \u0111\u1ebfn 280 b\u1ea3n\/ph\u00fat (2 m\u1eb7t)<br \/>\n&#8211; C\u1ed5ng k\u1ebft n\u1ed1i: 10\/100\/1,000-Base-T Ethernet; USB 2.0,wifi 802.11 b\/g\/n ( option)<br \/>\n&#8211; Khay \u0111\u1ee1 gi\u1ea5y ra (OT-513): c\u00f3<br \/>\n&#8211; M\u1ef1c (TN628): 24.000 trang (\u0111\u1ed9 ph\u1ee7 5%)<br \/>\n&#8211; Xu\u1ea5t x\u1ee9 : Trung Qu\u1ed1c<br \/>\n&#8211; B\u1ea3o h\u00e0nh : 12 th\u00e1ng ho\u1eb7c 250.000 b\u1ea3n ch\u1ee5p t\u00f9y theo \u0111i\u1ec1u ki\u1ec7n n\u00e0o \u0111\u1ebfn tr\u01b0\u1edbc<\/p>\n","protected":false},"excerpt":{"rendered":"<p>(Sao ch\u1ee5p, In m\u1ea1ng, Qu\u00e9t m\u1ea1ng m\u00e0u) &#8211; T\u1ed1c \u0111\u1ed9 sao ch\u1ee5p: 45 b\u1ea3n\/ph\u00fat (A4), 22 b\u1ea3n\/ph\u00fat (A3) &#8211; Ki\u1ec3u<\/p>\n","protected":false},"featured_media":29682,"comment_status":"open","ping_status":"closed","template":"","meta":[],"product_brand":[133],"product_cat":[91],"product_tag":[],"class_list":{"0":"post-29680","1":"product","2":"type-product","3":"status-publish","4":"has-post-thumbnail","6":"product_brand-may-photocopy","7":"product_cat-thiet-bi-cntt","9":"first","10":"instock","11":"shipping-taxable","12":"product-type-simple"},"_links":{"self":[{"href":"https:\/\/108giahoa.com\/index.php?rest_route=\/wp\/v2\/product\/29680","targetHints":{"allow":["GET"]}}],"collection":[{"href":"https:\/\/108giahoa.com\/index.php?rest_route=\/wp\/v2\/product"}],"about":[{"href":"https:\/\/108giahoa.com\/index.php?rest_route=\/wp\/v2\/types\/product"}],"replies":[{"embeddable":true,"href":"https:\/\/108giahoa.com\/index.php?rest_route=%2Fwp%2Fv2%2Fcomments&post=29680"}],"version-history":[{"count":1,"href":"https:\/\/108giahoa.com\/index.php?rest_route=\/wp\/v2\/product\/29680\/revisions"}],"predecessor-version":[{"id":29683,"href":"https:\/\/108giahoa.com\/index.php?rest_route=\/wp\/v2\/product\/29680\/revisions\/29683"}],"wp:featuredmedia":[{"embeddable":true,"href":"https:\/\/108giahoa.com\/index.php?rest_route=\/wp\/v2\/media\/29682"}],"wp:attachment":[{"href":"https:\/\/108giahoa.com\/index.php?rest_route=%2Fwp%2Fv2%2Fmedia&parent=29680"}],"wp:term":[{"taxonomy":"product_brand","embeddable":true,"href":"https:\/\/108giahoa.com\/index.php?rest_route=%2Fwp%2Fv2%2Fproduct_brand&post=29680"},{"taxonomy":"product_cat","embeddable":true,"href":"https:\/\/108giahoa.com\/index.php?rest_route=%2Fwp%2Fv2%2Fproduct_cat&post=29680"},{"taxonomy":"product_tag","embeddable":true,"href":"https:\/\/108giahoa.com\/index.php?rest_route=%2Fwp%2Fv2%2Fproduct_tag&post=29680"}],"curies":[{"name":"wp","href":"https:\/\/api.w.org\/{rel}","templated":true}]}}