{"id":29684,"date":"2026-02-24T09:35:19","date_gmt":"2026-02-24T09:35:19","guid":{"rendered":"https:\/\/108giahoa.com\/?post_type=product&#038;p=29684"},"modified":"2026-02-24T09:37:24","modified_gmt":"2026-02-24T09:37:24","slug":"may-photocopy-hp-laserjet-managed-e731dn","status":"publish","type":"product","link":"https:\/\/108giahoa.com\/?product=may-photocopy-hp-laserjet-managed-e731dn","title":{"rendered":"M\u00e1y photocopy HP LaserJet Managed E731dn (30)"},"content":{"rendered":"<p><strong>Ch\u1ee9c n\u0103ng chu\u1ea9n: Copy\/In m\u1ea1ng\/Scan m\u1ea1ng m\u00e0u- ADF &#8211; Duplex<\/strong><br \/>\n<strong>Th\u00f4ng s\u1ed1 k\u1ef9 thu\u1eadt:<\/strong><br \/>\n+ T\u1ed1c \u0111\u1ed9 copy\/In: <strong>30 trang(A4)\/ph\u00fat<\/strong><br \/>\n<strong>+<\/strong> T\u1ed1c \u0111\u1ed9 scan: 90 ipm\/ph\u00fat, qu\u00e9t 1 l\u01b0\u1ee3t 2 m\u1eb7t:180 ipm\/ph\u00fat.<br \/>\n+ <strong>B\u1ed9 nh\u1edb: 6GB<\/strong><br \/>\n<strong>+ \u1ed4 \u0111\u0129a c\u1ee9ng: 500GB<\/strong><br \/>\n+ 02 khay n\u1ea1p gi\u1ea5y ch\u00ednh (520 t\u1edd\/khay)<br \/>\n+ 01 khay gi\u1ea5y tay (100 t\u1edd)<br \/>\n+ Kh\u1ed5 gi\u1ea5y A5 -A3<br \/>\n+ \u0110\u1ed9 ph\u00e2n gi\u1ea3i:1200 x 1200 dpi<br \/>\n+ Sao ch\u1ee5p li\u00ean t\u1ee5c: 9.999 t\u1edd<br \/>\n+ T\u1ec9 l\u1ec7 thu ph\u00f3ng: 25% &#8211; 400%<br \/>\n+ B\u1ed9 \u0111\u1ea3o b\u1ea3n sao t\u1ef1 \u0111\u1ed9ng (Duplex)<br \/>\n+ B\u1ed9 \u0111\u1ea3o b\u1ea3n g\u1ed1c t\u1ef1 \u0111\u1ed9ng (ADF): 200 t\u1edd<br \/>\n+ Chia b\u1ed9 b\u1ea3n sao \u0111i\u1ec7n t\u1eed: C\u00f3 s\u1eb5n<br \/>\n+ Giao di\u1ec7n \u0111i\u1ec1u khi\u1ec3n: LCD m\u00e0u 10.1 inch<br \/>\n+ Chu\u1ea9n k\u1ebft n\u1ed1i: Ethernet 10\/100\/1000Base -TX, USB2.0<br \/>\n+ Ng\u00f4n ng\u1eef in: PCL6, Postscript 3, PDF<br \/>\n+ H\u1ec7 \u0111i\u1ec1u h\u00e0nh: ( Tr\u00ecnh \u0111i\u1ec1u khi\u1ec3n MAC OS)<\/p>\n","protected":false},"excerpt":{"rendered":"<p>Ch\u1ee9c n\u0103ng chu\u1ea9n: Copy\/In m\u1ea1ng\/Scan m\u1ea1ng m\u00e0u- ADF &#8211; Duplex Th\u00f4ng s\u1ed1 k\u1ef9 thu\u1eadt: + T\u1ed1c \u0111\u1ed9 copy\/In: 30 trang(A4)\/ph\u00fat<\/p>\n","protected":false},"featured_media":29685,"comment_status":"open","ping_status":"closed","template":"","meta":[],"product_brand":[133],"product_cat":[91],"product_tag":[],"class_list":{"0":"post-29684","1":"product","2":"type-product","3":"status-publish","4":"has-post-thumbnail","6":"product_brand-may-photocopy","7":"product_cat-thiet-bi-cntt","9":"first","10":"instock","11":"shipping-taxable","12":"product-type-simple"},"_links":{"self":[{"href":"https:\/\/108giahoa.com\/index.php?rest_route=\/wp\/v2\/product\/29684","targetHints":{"allow":["GET"]}}],"collection":[{"href":"https:\/\/108giahoa.com\/index.php?rest_route=\/wp\/v2\/product"}],"about":[{"href":"https:\/\/108giahoa.com\/index.php?rest_route=\/wp\/v2\/types\/product"}],"replies":[{"embeddable":true,"href":"https:\/\/108giahoa.com\/index.php?rest_route=%2Fwp%2Fv2%2Fcomments&post=29684"}],"version-history":[{"count":2,"href":"https:\/\/108giahoa.com\/index.php?rest_route=\/wp\/v2\/product\/29684\/revisions"}],"predecessor-version":[{"id":29690,"href":"https:\/\/108giahoa.com\/index.php?rest_route=\/wp\/v2\/product\/29684\/revisions\/29690"}],"wp:featuredmedia":[{"embeddable":true,"href":"https:\/\/108giahoa.com\/index.php?rest_route=\/wp\/v2\/media\/29685"}],"wp:attachment":[{"href":"https:\/\/108giahoa.com\/index.php?rest_route=%2Fwp%2Fv2%2Fmedia&parent=29684"}],"wp:term":[{"taxonomy":"product_brand","embeddable":true,"href":"https:\/\/108giahoa.com\/index.php?rest_route=%2Fwp%2Fv2%2Fproduct_brand&post=29684"},{"taxonomy":"product_cat","embeddable":true,"href":"https:\/\/108giahoa.com\/index.php?rest_route=%2Fwp%2Fv2%2Fproduct_cat&post=29684"},{"taxonomy":"product_tag","embeddable":true,"href":"https:\/\/108giahoa.com\/index.php?rest_route=%2Fwp%2Fv2%2Fproduct_tag&post=29684"}],"curies":[{"name":"wp","href":"https:\/\/api.w.org\/{rel}","templated":true}]}}