{"id":29694,"date":"2026-02-24T09:48:51","date_gmt":"2026-02-24T09:48:51","guid":{"rendered":"https:\/\/108giahoa.com\/?post_type=product&#038;p=29694"},"modified":"2026-02-24T09:48:51","modified_gmt":"2026-02-24T09:48:51","slug":"may-photocopy-ricoh-im-2702","status":"publish","type":"product","link":"https:\/\/108giahoa.com\/?product=may-photocopy-ricoh-im-2702","title":{"rendered":"M\u00e1y photocopy RICOH IM 2702"},"content":{"rendered":"<p><strong>* C\u1ea5u h\u00ecnh ti\u00eau chu\u1ea9n:<\/strong><br \/>\n&#8211; T\u00ednh n\u0103ng: Copy + in\/scan m\u1ea1ng<br \/>\n&#8211; C\u1ed5ng k\u1ebft n\u1ed1i v\u1edbi m\u00e1y t\u00ednh: USB, RJ45<br \/>\n&#8211; T\u1ed1c \u0111\u1ed9 sao ch\u1ee5p: <strong>27<\/strong><br \/>\n&#8211; Khay gi\u1ea5y: 1 x 500 t\u1edd<br \/>\n&#8211; B\u1ed9 \u0111\u1ea3o b\u1ea3n sao c\u00f3 s\u1eb5n<br \/>\n&#8211; Khay tay: 100 t\u1edd<br \/>\n<strong>&#8211; B\u1ed9 nh\u1edb: 2GB<\/strong><br \/>\n* Ch\u1ee9c n\u0103ng sao ch\u1ee5p:<br \/>\n&#8211; Ph\u01b0\u01a1ng th\u1ee9c in Laser<br \/>\n<strong>&#8211; T\u1ed1c \u0111\u1ed9 sao ch\u1ee5p 27 trang\/ ph\u00fat<\/strong><br \/>\n&#8211; \u0110\u1ed9 ph\u00e2n gi\u1ea3i 600 x 600 dpi<br \/>\n&#8211; Sao ch\u1ee5p li\u00ean t\u1ee5c 999 t\u1edd<\/p>\n<p>&#8211; Th\u1eddi gian kh\u1edfi \u0111\u1ed9ng 27 gi\u00e2y<br \/>\n&#8211; T\u1ed1c \u0111\u1ed9 ch\u1ee5p b\u1ea3n \u0111\u1ea7u ti\u00ean 6.5 gi\u00e2y<br \/>\n&#8211; M\u1ee9c ph\u00f3ng to\/ Thu nh\u1ecf 25% &#8211; 400%, t\u1eebng 1%<br \/>\n<strong>&#8211; Dung l\u01b0\u1ee3ng b\u1ed9 nh\u1edb chu\u1ea9n 2GB<\/strong><br \/>\n&#8211; Khay gi\u1ea5y v\u00e0o ti\u00eau chu\u1ea9n 1 khay x 500 t\u1edd<br \/>\n&#8211; Khay gi\u1ea5y tay 100 t\u1edd<br \/>\n&#8211; Kh\u1ed5 gi\u1ea5y sao ch\u1ee5p A5, A4, A3<br \/>\n&#8211; \u0110\u1ecbnh l\u01b0\u1ee3ng gi\u1ea5y sao ch\u1ee5p 52 \u2013 105 gsm<br \/>\n&#8211; Ch\u1ee9c n\u0103ng \u0111\u1ea3o m\u1eb7t b\u1ea3n sao C\u00f3 s\u1eb5n<br \/>\n&#8211; M\u00e0n h\u00ecnh \u0111i\u1ec1u khi\u1ec3n LCD m\u00e0u 7 inch<br \/>\n&#8211; C\u1ea5p h\u1ea1n m\u1ee9c s\u1eed d\u1ee5ng C\u00f3 s\u1eb5n<br \/>\n&#8211; K\u00edch th\u01b0\u1edbc m\u00e1y 587 x 581 x 677 mm<br \/>\n&#8211; Tr\u1ecdng l\u01b0\u1ee3ng m\u00e1y 46.5 kg<br \/>\n<strong>* Ch\u1ee9c n\u0103ng in:<\/strong><br \/>\n&#8211; T\u1ed1c \u0111\u1ed9 in li\u00ean t\u1ee5c 27 trang\/ ph\u00fat<br \/>\n&#8211; Tr\u00ecnh \u0111i\u1ec1u khi\u1ec3n Ti\u00eau chu\u1ea9n: Standard: PCL5e\/6, PostScript3<br \/>\n&#8211; \u0110\u1ed9 ph\u00e2n gi\u1ea3i (dpi) 600 x 600 dpi<br \/>\n&#8211; In tr\u1ef1c ti\u1ebfp t\u1eeb USB \/ SD Card C\u00f3<br \/>\n&#8211; C\u1ed5ng k\u1ebft n\u1ed1i ti\u00eau chu\u1ea9n Ethemet (1000\/100\/10BASE), USB<br \/>\n&#8211; 2.0 TypeB x1<br \/>\n&#8211; H\u1ec7 \u0111i\u1ec1u h\u00e0nh Windows\u00ae 7\/8\/8.1\/10, Windows\u00ae Server 2003\/2008\/2012\/2016<\/p>\n<p><strong>* Ch\u1ee9c n\u0103ng qu\u00e9t \u1ea3nh:<\/strong><br \/>\n&#8211; T\u1ed1c \u0111\u1ed9 qu\u00e9t \u1ea3nh t\u1ed1i \u0111a 50 trang\/ ph\u00fat<br \/>\n&#8211; \u0110\u1ed9 ph\u00e2n gi\u1ea3i 600 dpi<br \/>\n&#8211; V\u00f9ng qu\u00e9t \u1ea3nh b\u1ea3n g\u1ed1c T\u1ed1i \u0111a A3<br \/>\n&#8211; \u0110\u1ecbnh d\u1ea1ng t\u1eadp tin qu\u00e9t \u1ea3nh Single Page TIFF, Multi Page TIFF, Single<br \/>\n&#8211; Page JPEG, Single Page PDF, Multi Page PDF<br \/>\n&#8211; Scan v\u00e0o Email, Folder, USB<br \/>\n\uf076 B\u1ea3o h\u00e0nh: 100.000 b\u1ea3n ch\u1ee5p\/12 th\u00e1ng<br \/>\n\uf076 K\u00e8m m\u00e1y: Ch\u00e2n k\u1ec7<\/p>\n","protected":false},"excerpt":{"rendered":"<p>* C\u1ea5u h\u00ecnh ti\u00eau chu\u1ea9n: &#8211; T\u00ednh n\u0103ng: Copy + in\/scan m\u1ea1ng &#8211; C\u1ed5ng k\u1ebft n\u1ed1i v\u1edbi m\u00e1y t\u00ednh: USB,<\/p>\n","protected":false},"featured_media":29695,"comment_status":"open","ping_status":"closed","template":"","meta":[],"product_brand":[133],"product_cat":[91],"product_tag":[],"class_list":{"0":"post-29694","1":"product","2":"type-product","3":"status-publish","4":"has-post-thumbnail","6":"product_brand-may-photocopy","7":"product_cat-thiet-bi-cntt","9":"first","10":"instock","11":"shipping-taxable","12":"product-type-simple"},"_links":{"self":[{"href":"https:\/\/108giahoa.com\/index.php?rest_route=\/wp\/v2\/product\/29694","targetHints":{"allow":["GET"]}}],"collection":[{"href":"https:\/\/108giahoa.com\/index.php?rest_route=\/wp\/v2\/product"}],"about":[{"href":"https:\/\/108giahoa.com\/index.php?rest_route=\/wp\/v2\/types\/product"}],"replies":[{"embeddable":true,"href":"https:\/\/108giahoa.com\/index.php?rest_route=%2Fwp%2Fv2%2Fcomments&post=29694"}],"version-history":[{"count":1,"href":"https:\/\/108giahoa.com\/index.php?rest_route=\/wp\/v2\/product\/29694\/revisions"}],"predecessor-version":[{"id":29696,"href":"https:\/\/108giahoa.com\/index.php?rest_route=\/wp\/v2\/product\/29694\/revisions\/29696"}],"wp:featuredmedia":[{"embeddable":true,"href":"https:\/\/108giahoa.com\/index.php?rest_route=\/wp\/v2\/media\/29695"}],"wp:attachment":[{"href":"https:\/\/108giahoa.com\/index.php?rest_route=%2Fwp%2Fv2%2Fmedia&parent=29694"}],"wp:term":[{"taxonomy":"product_brand","embeddable":true,"href":"https:\/\/108giahoa.com\/index.php?rest_route=%2Fwp%2Fv2%2Fproduct_brand&post=29694"},{"taxonomy":"product_cat","embeddable":true,"href":"https:\/\/108giahoa.com\/index.php?rest_route=%2Fwp%2Fv2%2Fproduct_cat&post=29694"},{"taxonomy":"product_tag","embeddable":true,"href":"https:\/\/108giahoa.com\/index.php?rest_route=%2Fwp%2Fv2%2Fproduct_tag&post=29694"}],"curies":[{"name":"wp","href":"https:\/\/api.w.org\/{rel}","templated":true}]}}