{"id":29698,"date":"2026-02-24T10:07:03","date_gmt":"2026-02-24T10:07:03","guid":{"rendered":"https:\/\/108giahoa.com\/?post_type=product&#038;p=29698"},"modified":"2026-02-24T10:07:03","modified_gmt":"2026-02-24T10:07:03","slug":"ban-ghe-hoc-sinh-mn","status":"publish","type":"product","link":"https:\/\/108giahoa.com\/?product=ban-ghe-hoc-sinh-mn","title":{"rendered":"B\u00e0n + gh\u1ebf h\u1ecdc sinh (MN)"},"content":{"rendered":"<p><strong> * B\u00e0n ho\u0323c sinh: 01 c\u00e1i<\/strong><\/p>\n<p>&#8211;\u00a0K\u00edch th\u01b0\u1edbc: 900 x 480 x 500 mm, m\u1eb7t b\u1eb1ng nh\u1ef1a ch\u1ea5t l\u01b0\u1ee3ng cao, kh\u00f4ng \u0111\u1ed9c h\u1ea1i, khung b\u00e0n l\u00e0m b\u1eb1ng s\u1eaft vu\u00f4ng 20 v\u00e0 20 x 40 d\u00e0y 1,2 mm, s\u01a1n t\u0129nh \u0111i\u1ec7n. Tr\u1ecdng l\u01b0\u1ee3ng 6,4 kg.G\u1ea5p m\u1edf thu\u1eadn ti\u1ec7n cho vi\u1ec7c s\u1eafp x\u1ebfp \u0111\u1ea3m b\u1ea3o an to\u00e0n ch\u1eafc ch\u1eafn<\/p>\n<p><strong> * Gh\u1ebf 01 ch\u00f4\u0303 ng\u00f4\u0300i: 02 c\u00e1i<\/strong><\/p>\n<p>&#8211;\u00a0K\u00edch th\u01b0\u1edbc 260 x 260 x 280 mm. To\u00e0n b\u1ed9 gh\u1ebf l\u00e0m b\u1eb1ng nh\u1ef1a ch\u1ea5t l\u01b0\u1ee3ng cao, kh\u00f4ng \u0111\u1ed9c h\u1ea1i, \u00e9p li\u1ec1n ch\u1ed3ng l\u00ean nhau \u0111\u01b0\u1ee3c \u0111\u1ec3 v\u1eadn chuy\u1ec3n v\u00e0 s\u1eafp x\u1ebfp \u0111\u1ea3m b\u1ea3o an to\u00e0n ch\u1eafc ch\u1eafn.<\/p>\n","protected":false},"excerpt":{"rendered":"<p>* B\u00e0n ho\u0323c sinh: 01 c\u00e1i &#8211;\u00a0K\u00edch th\u01b0\u1edbc: 900 x 480 x 500 mm, m\u1eb7t b\u1eb1ng nh\u1ef1a ch\u1ea5t l\u01b0\u1ee3ng cao,<\/p>\n","protected":false},"featured_media":29699,"comment_status":"open","ping_status":"closed","template":"","meta":[],"product_brand":[134],"product_cat":[77],"product_tag":[],"class_list":{"0":"post-29698","1":"product","2":"type-product","3":"status-publish","4":"has-post-thumbnail","6":"product_brand-ban-ghe-phong-hoc","7":"product_cat-noi-that-van-phong-truong-hoc","9":"first","10":"instock","11":"shipping-taxable","12":"product-type-simple"},"_links":{"self":[{"href":"https:\/\/108giahoa.com\/index.php?rest_route=\/wp\/v2\/product\/29698","targetHints":{"allow":["GET"]}}],"collection":[{"href":"https:\/\/108giahoa.com\/index.php?rest_route=\/wp\/v2\/product"}],"about":[{"href":"https:\/\/108giahoa.com\/index.php?rest_route=\/wp\/v2\/types\/product"}],"replies":[{"embeddable":true,"href":"https:\/\/108giahoa.com\/index.php?rest_route=%2Fwp%2Fv2%2Fcomments&post=29698"}],"version-history":[{"count":1,"href":"https:\/\/108giahoa.com\/index.php?rest_route=\/wp\/v2\/product\/29698\/revisions"}],"predecessor-version":[{"id":29700,"href":"https:\/\/108giahoa.com\/index.php?rest_route=\/wp\/v2\/product\/29698\/revisions\/29700"}],"wp:featuredmedia":[{"embeddable":true,"href":"https:\/\/108giahoa.com\/index.php?rest_route=\/wp\/v2\/media\/29699"}],"wp:attachment":[{"href":"https:\/\/108giahoa.com\/index.php?rest_route=%2Fwp%2Fv2%2Fmedia&parent=29698"}],"wp:term":[{"taxonomy":"product_brand","embeddable":true,"href":"https:\/\/108giahoa.com\/index.php?rest_route=%2Fwp%2Fv2%2Fproduct_brand&post=29698"},{"taxonomy":"product_cat","embeddable":true,"href":"https:\/\/108giahoa.com\/index.php?rest_route=%2Fwp%2Fv2%2Fproduct_cat&post=29698"},{"taxonomy":"product_tag","embeddable":true,"href":"https:\/\/108giahoa.com\/index.php?rest_route=%2Fwp%2Fv2%2Fproduct_tag&post=29698"}],"curies":[{"name":"wp","href":"https:\/\/api.w.org\/{rel}","templated":true}]}}