{"id":29701,"date":"2026-02-24T10:09:17","date_gmt":"2026-02-24T10:09:17","guid":{"rendered":"https:\/\/108giahoa.com\/?post_type=product&#038;p=29701"},"modified":"2026-02-28T03:48:57","modified_gmt":"2026-02-28T03:48:57","slug":"ban-ghe-hoc-sinh-mn-go","status":"publish","type":"product","link":"https:\/\/108giahoa.com\/?product=ban-ghe-hoc-sinh-mn-go","title":{"rendered":"B\u00e0n HS M\u1ea6M NON G\u1ed6"},"content":{"rendered":"<p><strong> * B\u00e0n ho\u0323c sinh: 01 c\u00e1i<\/strong><\/p>\n<p>&#8211; K\u00edch th\u01b0\u1edbc (DxRxC): 900x480x450mm<br \/>\n&#8211; M\u1eb7t b\u00e0n b\u1eb1ng g\u1ed7 gh\u00e9p cao su d\u00e0y 17 mm, \u1ec1 m\u1eb7t s\u01a1n PU 3 l\u1edbp, c\u1ea1nh b\u00e0n \u0111\u01b0\u1ee3c bo tr\u00f2n.<br \/>\n&#8211; Ch\u00e2n b\u00e0n b\u1eb1ng s\u1eaft h\u1ed9p 20&#215;20,20&#215;40 mm s\u01a1n t\u0129nh \u0111i\u1ec7n, c\u00f3 th\u1ec3 g\u1ea5p l\u1ea1i d\u1ec5 d\u00e0ng, c\u00f3 n\u00fam b\u1ecdc b\u1eb1ng cao su<\/p>\n<p><strong> * Gh\u1ebf 01 ch\u00f4\u0303 ng\u00f4\u0300i: 02 c\u00e1i<\/strong><\/p>\n<p>&#8211; K\u00edch th\u01b0\u1edbc (DxRxC): 260X260X280 mm<br \/>\n&#8211; T\u1ed5ng chi\u1ec1u cao k\u1ec3 c\u1ea3 l\u01b0ng t\u1ef1a 550 mm. Th\u00e2n gh\u1ebf b\u1eb1ng g\u1ed7 gh\u00e9p cao su d\u00e0y 17 mm, \u0111\u01b0\u1ee3c ph\u1ee7 keo 2 m\u1eb7t.<br \/>\n&#8211; Khung v\u00e0 ch\u00e2n gh\u1ebf b\u1eb1ng s\u1eaft s\u01a1n t\u0129nh \u0111i\u1ec7n ch\u1ecbu l\u1ef1c ch\u1ed1ng tr\u1ea7y.<\/p>\n","protected":false},"excerpt":{"rendered":"<p>* B\u00e0n ho\u0323c sinh: 01 c\u00e1i &#8211; K\u00edch th\u01b0\u1edbc (DxRxC): 900x480x450mm &#8211; M\u1eb7t b\u00e0n b\u1eb1ng g\u1ed7 gh\u00e9p cao su d\u00e0y<\/p>\n","protected":false},"featured_media":29702,"comment_status":"open","ping_status":"closed","template":"","meta":[],"product_brand":[134],"product_cat":[77],"product_tag":[],"class_list":{"0":"post-29701","1":"product","2":"type-product","3":"status-publish","4":"has-post-thumbnail","6":"product_brand-ban-ghe-phong-hoc","7":"product_cat-noi-that-van-phong-truong-hoc","9":"first","10":"instock","11":"shipping-taxable","12":"product-type-simple"},"_links":{"self":[{"href":"https:\/\/108giahoa.com\/index.php?rest_route=\/wp\/v2\/product\/29701","targetHints":{"allow":["GET"]}}],"collection":[{"href":"https:\/\/108giahoa.com\/index.php?rest_route=\/wp\/v2\/product"}],"about":[{"href":"https:\/\/108giahoa.com\/index.php?rest_route=\/wp\/v2\/types\/product"}],"replies":[{"embeddable":true,"href":"https:\/\/108giahoa.com\/index.php?rest_route=%2Fwp%2Fv2%2Fcomments&post=29701"}],"version-history":[{"count":2,"href":"https:\/\/108giahoa.com\/index.php?rest_route=\/wp\/v2\/product\/29701\/revisions"}],"predecessor-version":[{"id":30176,"href":"https:\/\/108giahoa.com\/index.php?rest_route=\/wp\/v2\/product\/29701\/revisions\/30176"}],"wp:featuredmedia":[{"embeddable":true,"href":"https:\/\/108giahoa.com\/index.php?rest_route=\/wp\/v2\/media\/29702"}],"wp:attachment":[{"href":"https:\/\/108giahoa.com\/index.php?rest_route=%2Fwp%2Fv2%2Fmedia&parent=29701"}],"wp:term":[{"taxonomy":"product_brand","embeddable":true,"href":"https:\/\/108giahoa.com\/index.php?rest_route=%2Fwp%2Fv2%2Fproduct_brand&post=29701"},{"taxonomy":"product_cat","embeddable":true,"href":"https:\/\/108giahoa.com\/index.php?rest_route=%2Fwp%2Fv2%2Fproduct_cat&post=29701"},{"taxonomy":"product_tag","embeddable":true,"href":"https:\/\/108giahoa.com\/index.php?rest_route=%2Fwp%2Fv2%2Fproduct_tag&post=29701"}],"curies":[{"name":"wp","href":"https:\/\/api.w.org\/{rel}","templated":true}]}}