{"id":29708,"date":"2026-02-24T10:14:02","date_gmt":"2026-02-24T10:14:02","guid":{"rendered":"https:\/\/108giahoa.com\/?post_type=product&#038;p=29708"},"modified":"2026-02-24T10:14:03","modified_gmt":"2026-02-24T10:14:03","slug":"ban-ghe-hoc-sinh-thcs","status":"publish","type":"product","link":"https:\/\/108giahoa.com\/?product=ban-ghe-hoc-sinh-thcs","title":{"rendered":"B\u00e0n + gh\u1ebf h\u1ecdc sinh (THCS)"},"content":{"rendered":"<p><strong>*B\u00e0n h\u1ecdc sinh: 01 c\u00e1i.<\/strong><br \/>\n&#8211; K\u00edch th\u01b0\u1edbc: (1.200 x 500 x 690)mm.<br \/>\n&#8211; V\u1eadt li\u1ec7u: M\u1eb7t b\u00e0n, ng\u0103n b\u00e0n b\u1eb1ng v\u00e1n g\u1ed7 gh\u00e9p (cao su) d\u00e0y 17 mm, b\u1ec1 m\u1eb7t s\u01a1n PU 3 l\u1edbp. Ch\u00e2n b\u00e0n v\u00e0 khung b\u00e0n b\u1eb1ng th\u00e9p h\u1ed9p m\u1ea1 k\u1ebdm 25 x 50 (mm) &#8211; 25 x 25 (mm) d\u00e0y 1,2mm, li\u00ean k\u1ebft h\u00e0n CO2, s\u01a1n t\u0129nh \u0111i\u1ec7n. V\u00e1n li\u00ean k\u1ebft v\u1edbi khung b\u1eb1ng bul\u00f4ng 06 mm. Ch\u00e2n b\u00e0n c\u00f3 g\u1eafn n\u00fat nh\u1ef1a. Hai \u0111\u1ea7u b\u00e0n c\u00f3 m\u00f3c \u0111\u1ec3 m\u00e1ng c\u0103p \u0111i h\u1ecdc c\u1ee7a h\u1ecdc sinh.<br \/>\n<strong>* Gh\u1ebf h\u1ecdc sinh: 02 c\u00e1i.<\/strong><br \/>\n&#8211; K\u00edch th\u01b0\u1edbc: (360 x 380 x 400)mm, t\u1ef1a l\u01b0ng cao 760 mm.<br \/>\n&#8211; V\u1eadt li\u1ec7u: m\u1eb7t gh\u1ebf v\u00e0 t\u1ef1a l\u01b0ng b\u1eb1ng g\u1ed7 gh\u00e9p (cao su) d\u00e0y 17mm, b\u1ec1 m\u1eb7t s\u01a1n PU 03 l\u1edbp. Khung ch\u00e2n b\u1eb1ng th\u00e9p h\u1ed9p (25 x 25) mm d\u00e0y 1,2mm, li\u00ean k\u1ebft h\u00e0n ph\u1ee7 CO2, s\u01a1n t\u0129nh \u0111i\u1ec7n. D\u01b0\u1edbi ch\u00e2n c\u00f3 g\u1eafn n\u00fat \u0111\u1ec7m b\u1eb1ng nh\u1ef1a.<\/p>\n","protected":false},"excerpt":{"rendered":"<p>*B\u00e0n h\u1ecdc sinh: 01 c\u00e1i. &#8211; K\u00edch th\u01b0\u1edbc: (1.200 x 500 x 690)mm. &#8211; V\u1eadt li\u1ec7u: M\u1eb7t b\u00e0n, ng\u0103n b\u00e0n<\/p>\n","protected":false},"featured_media":29709,"comment_status":"open","ping_status":"closed","template":"","meta":[],"product_brand":[134],"product_cat":[77],"product_tag":[],"class_list":{"0":"post-29708","1":"product","2":"type-product","3":"status-publish","4":"has-post-thumbnail","6":"product_brand-ban-ghe-phong-hoc","7":"product_cat-noi-that-van-phong-truong-hoc","9":"first","10":"instock","11":"shipping-taxable","12":"product-type-simple"},"_links":{"self":[{"href":"https:\/\/108giahoa.com\/index.php?rest_route=\/wp\/v2\/product\/29708","targetHints":{"allow":["GET"]}}],"collection":[{"href":"https:\/\/108giahoa.com\/index.php?rest_route=\/wp\/v2\/product"}],"about":[{"href":"https:\/\/108giahoa.com\/index.php?rest_route=\/wp\/v2\/types\/product"}],"replies":[{"embeddable":true,"href":"https:\/\/108giahoa.com\/index.php?rest_route=%2Fwp%2Fv2%2Fcomments&post=29708"}],"version-history":[{"count":1,"href":"https:\/\/108giahoa.com\/index.php?rest_route=\/wp\/v2\/product\/29708\/revisions"}],"predecessor-version":[{"id":29710,"href":"https:\/\/108giahoa.com\/index.php?rest_route=\/wp\/v2\/product\/29708\/revisions\/29710"}],"wp:featuredmedia":[{"embeddable":true,"href":"https:\/\/108giahoa.com\/index.php?rest_route=\/wp\/v2\/media\/29709"}],"wp:attachment":[{"href":"https:\/\/108giahoa.com\/index.php?rest_route=%2Fwp%2Fv2%2Fmedia&parent=29708"}],"wp:term":[{"taxonomy":"product_brand","embeddable":true,"href":"https:\/\/108giahoa.com\/index.php?rest_route=%2Fwp%2Fv2%2Fproduct_brand&post=29708"},{"taxonomy":"product_cat","embeddable":true,"href":"https:\/\/108giahoa.com\/index.php?rest_route=%2Fwp%2Fv2%2Fproduct_cat&post=29708"},{"taxonomy":"product_tag","embeddable":true,"href":"https:\/\/108giahoa.com\/index.php?rest_route=%2Fwp%2Fv2%2Fproduct_tag&post=29708"}],"curies":[{"name":"wp","href":"https:\/\/api.w.org\/{rel}","templated":true}]}}