{"id":29807,"date":"2026-02-25T08:18:11","date_gmt":"2026-02-25T08:18:11","guid":{"rendered":"https:\/\/108giahoa.com\/?post_type=product&#038;p=29807"},"modified":"2026-03-10T08:04:47","modified_gmt":"2026-03-10T08:04:47","slug":"may-dem-tien-oudis-9899a","status":"publish","type":"product","link":"https:\/\/108giahoa.com\/?product=may-dem-tien-oudis-9899a","title":{"rendered":"M\u00c1Y \u0110\u1ebeM TI\u1ec0N OUDIS  9899A"},"content":{"rendered":"<p><strong><span style=\"font-size: 11.0pt; font-family: 'Arial','sans-serif';\">M\u00e1y s\u1eed d\u1ee5ng 2 motor t\u1ed1c \u0111\u1ed9 ch\u1ea1y 1220 t\u1edd \/ ph\u00fat<br \/>\n<\/span><\/strong><span style=\"font-size: 11.0pt;\">&#8211; Ch\u1ebf \u0111\u1ed9 chia m\u1ebb thu\u1eadn ti\u1ec7n, s\u1ed1 ti\u1ec1n c\u1ea7n ng\u1eaft d\u1eebng t\u1ea1i khay \u0111\u1ef1ng ti\u1ec1n b\u00ean d\u01b0\u1edbi<\/span><strong><span style=\"font-size: 11.0pt; font-family: 'Arial','sans-serif';\"><br \/>\n<\/span><\/strong><span style=\"font-size: 11.0pt;\">&#8211;<\/span><strong><span style=\"font-size: 11.0pt; font-family: 'Arial','sans-serif';\">\u00a0C\u00f3 3 m\u1eaft m\u00e0u s\u1eed d\u1ee5ng 18 led tr\u1eafng<\/span><\/strong><span style=\"font-size: 11.0pt;\">\u00a0si\u00eau s\u00e1ng soi h\u00ecnh ch\u00ecm<br \/>\n&#8211; S\u1eed d\u1ee5ng\u00a0<\/span><strong><span style=\"font-size: 11.0pt; font-family: 'Arial','sans-serif';\">02 b\u1ed9 m\u1eaft \u0111\u1ebfm<\/span><\/strong><span style=\"font-size: 11.0pt;\">\u00a0ri\u00eang bi\u1ec7t \u0111\u1ea3m b\u1ea3o \u0111\u1ed9 ch\u00ednh x\u00e1c khi \u0111\u1ebfm l\u01b0\u1ee3ng ti\u1ec1n l\u1edbn v\u00e0 li\u00ean t\u1ee5c nh\u1eefng lo\u1ea1i m\u00e1y \u0111\u1ebfm ti\u1ec1n kh\u00e1c tr\u00ean th\u1ecb tr\u01b0\u1eddng kh\u00f4ng \u0111\u1ea3m b\u1ea3o ch\u00ednh x\u00e1c- S\u1eed d\u1ee5ng\u00a0<\/span><strong><span style=\"font-size: 11.0pt; font-family: 'Arial','sans-serif';\">40 c\u1eb7p led h\u1ed3ng ngo\u1ea1i<\/span><\/strong><span style=\"font-size: 11.0pt;\">\u00a0tinh vi ph\u00e1t hi\u1ec7n ti\u1ec1n gi\u1ea3, si\u00eau gi\u1ea3 Polyme ch\u00ednh x\u00e1c nh\u1ea5t- S\u1eed d\u1ee5ng\u00a0<\/span><strong><span style=\"font-size: 11.0pt; font-family: 'Arial','sans-serif';\">07 c\u1eb7p (14) led c\u1ef1c t\u00edm<\/span><\/strong><span style=\"font-size: 11.0pt;\">\u00a0si\u00eau s\u00e1ng ph\u00e1t hi\u1ec7n ti\u1ec1n si\u00eau gi\u1ea3 ph\u00e1t quang l\u00e0 lo\u1ea1i ti\u1ec1n gi\u1ea3 kh\u00f3 ph\u00e1t hi\u1ec7n nh\u1ea5t<\/span><\/p>\n","protected":false},"excerpt":{"rendered":"<p>M\u00e1y s\u1eed d\u1ee5ng 2 motor t\u1ed1c \u0111\u1ed9 ch\u1ea1y 1220 t\u1edd \/ ph\u00fat &#8211; Ch\u1ebf \u0111\u1ed9 chia m\u1ebb thu\u1eadn ti\u1ec7n, s\u1ed1<\/p>\n","protected":false},"featured_media":30312,"comment_status":"open","ping_status":"closed","template":"","meta":[],"product_brand":[142],"product_cat":[91],"product_tag":[],"class_list":{"0":"post-29807","1":"product","2":"type-product","3":"status-publish","4":"has-post-thumbnail","6":"product_brand-may-dem-tien","7":"product_cat-thiet-bi-cntt","9":"first","10":"instock","11":"shipping-taxable","12":"product-type-simple"},"_links":{"self":[{"href":"https:\/\/108giahoa.com\/index.php?rest_route=\/wp\/v2\/product\/29807","targetHints":{"allow":["GET"]}}],"collection":[{"href":"https:\/\/108giahoa.com\/index.php?rest_route=\/wp\/v2\/product"}],"about":[{"href":"https:\/\/108giahoa.com\/index.php?rest_route=\/wp\/v2\/types\/product"}],"replies":[{"embeddable":true,"href":"https:\/\/108giahoa.com\/index.php?rest_route=%2Fwp%2Fv2%2Fcomments&post=29807"}],"version-history":[{"count":1,"href":"https:\/\/108giahoa.com\/index.php?rest_route=\/wp\/v2\/product\/29807\/revisions"}],"predecessor-version":[{"id":29809,"href":"https:\/\/108giahoa.com\/index.php?rest_route=\/wp\/v2\/product\/29807\/revisions\/29809"}],"wp:featuredmedia":[{"embeddable":true,"href":"https:\/\/108giahoa.com\/index.php?rest_route=\/wp\/v2\/media\/30312"}],"wp:attachment":[{"href":"https:\/\/108giahoa.com\/index.php?rest_route=%2Fwp%2Fv2%2Fmedia&parent=29807"}],"wp:term":[{"taxonomy":"product_brand","embeddable":true,"href":"https:\/\/108giahoa.com\/index.php?rest_route=%2Fwp%2Fv2%2Fproduct_brand&post=29807"},{"taxonomy":"product_cat","embeddable":true,"href":"https:\/\/108giahoa.com\/index.php?rest_route=%2Fwp%2Fv2%2Fproduct_cat&post=29807"},{"taxonomy":"product_tag","embeddable":true,"href":"https:\/\/108giahoa.com\/index.php?rest_route=%2Fwp%2Fv2%2Fproduct_tag&post=29807"}],"curies":[{"name":"wp","href":"https:\/\/api.w.org\/{rel}","templated":true}]}}