{"id":29817,"date":"2026-02-25T08:50:06","date_gmt":"2026-02-25T08:50:06","guid":{"rendered":"https:\/\/108giahoa.com\/?post_type=product&#038;p=29817"},"modified":"2026-02-26T02:49:21","modified_gmt":"2026-02-26T02:49:21","slug":"may-lanh-inverter-daikin-1-0hp-3-0hp","status":"publish","type":"product","link":"https:\/\/108giahoa.com\/?product=may-lanh-inverter-daikin-1-0hp-3-0hp","title":{"rendered":"M\u00e1y L\u1ea1nh Inverter DAIKIN"},"content":{"rendered":"<ul data-end=\"1226\" data-start=\"1032\">\n<li data-end=\"1144\" data-start=\"1097\">\n<p data-end=\"1144\" data-start=\"1099\">C\u00f4ng ngh\u1ec7 Inverter ti\u1ebft ki\u1ec7m \u0111i\u1ec7n v\u01b0\u1ee3t tr\u1ed9i<\/p>\n<\/li>\n<li data-end=\"1187\" data-start=\"1145\">\n<p data-end=\"1187\" data-start=\"1147\">L\u00e0m l\u1ea1nh s\u00e2u, duy tr\u00ec nhi\u1ec7t \u0111\u1ed9 \u1ed5n \u0111\u1ecbnh<\/p>\n<\/li>\n<li data-end=\"1226\" data-start=\"1188\">\n<p data-end=\"1226\" data-start=\"1190\">Ho\u1ea1t \u0111\u1ed9ng \u00eam \u00e1i, ph\u00f9 h\u1ee3p ph\u00f2ng ng\u1ee7<\/p>\n<\/li>\n<\/ul>\n<p data-end=\"1286\" data-start=\"1228\">\ud83d\udc49 Ph\u00f9 h\u1ee3p: Gia \u0111\u00ecnh c\u1ea7n \u0111\u1ed9 b\u1ec1n l\u00e2u d\u00e0i, s\u1eed d\u1ee5ng 5\u201310 n\u0103m.<\/p>\n","protected":false},"excerpt":{"rendered":"<p>C\u00f4ng ngh\u1ec7 Inverter ti\u1ebft ki\u1ec7m \u0111i\u1ec7n v\u01b0\u1ee3t tr\u1ed9i L\u00e0m l\u1ea1nh s\u00e2u, duy tr\u00ec nhi\u1ec7t \u0111\u1ed9 \u1ed5n \u0111\u1ecbnh Ho\u1ea1t \u0111\u1ed9ng \u00eam<\/p>\n","protected":false},"featured_media":29818,"comment_status":"open","ping_status":"closed","template":"","meta":[],"product_brand":[144],"product_cat":[143],"product_tag":[],"class_list":{"0":"post-29817","1":"product","2":"type-product","3":"status-publish","4":"has-post-thumbnail","6":"product_brand-daikin","7":"product_cat-may-lanh","9":"first","10":"instock","11":"shipping-taxable","12":"product-type-simple"},"_links":{"self":[{"href":"https:\/\/108giahoa.com\/index.php?rest_route=\/wp\/v2\/product\/29817","targetHints":{"allow":["GET"]}}],"collection":[{"href":"https:\/\/108giahoa.com\/index.php?rest_route=\/wp\/v2\/product"}],"about":[{"href":"https:\/\/108giahoa.com\/index.php?rest_route=\/wp\/v2\/types\/product"}],"replies":[{"embeddable":true,"href":"https:\/\/108giahoa.com\/index.php?rest_route=%2Fwp%2Fv2%2Fcomments&post=29817"}],"version-history":[{"count":2,"href":"https:\/\/108giahoa.com\/index.php?rest_route=\/wp\/v2\/product\/29817\/revisions"}],"predecessor-version":[{"id":29958,"href":"https:\/\/108giahoa.com\/index.php?rest_route=\/wp\/v2\/product\/29817\/revisions\/29958"}],"wp:featuredmedia":[{"embeddable":true,"href":"https:\/\/108giahoa.com\/index.php?rest_route=\/wp\/v2\/media\/29818"}],"wp:attachment":[{"href":"https:\/\/108giahoa.com\/index.php?rest_route=%2Fwp%2Fv2%2Fmedia&parent=29817"}],"wp:term":[{"taxonomy":"product_brand","embeddable":true,"href":"https:\/\/108giahoa.com\/index.php?rest_route=%2Fwp%2Fv2%2Fproduct_brand&post=29817"},{"taxonomy":"product_cat","embeddable":true,"href":"https:\/\/108giahoa.com\/index.php?rest_route=%2Fwp%2Fv2%2Fproduct_cat&post=29817"},{"taxonomy":"product_tag","embeddable":true,"href":"https:\/\/108giahoa.com\/index.php?rest_route=%2Fwp%2Fv2%2Fproduct_tag&post=29817"}],"curies":[{"name":"wp","href":"https:\/\/api.w.org\/{rel}","templated":true}]}}